{"id":26513,"date":"2021-09-19T22:44:32","date_gmt":"2021-09-19T22:44:32","guid":{"rendered":"https:\/\/torbru.athene.wpspace.me\/?page_id=26513"},"modified":"2024-08-17T16:15:22","modified_gmt":"2024-08-17T14:15:22","slug":"kontakt","status":"publish","type":"page","link":"https:\/\/www.lcdh-bonn.de\/en\/kontakt\/","title":{"rendered":"Contact"},"content":{"rendered":"<div data-elementor-type=\"wp-page\" data-elementor-id=\"26513\" class=\"elementor elementor-26513\" data-elementor-post-type=\"page\">\n\t\t\t\t\t\t<section class=\"elementor-section elementor-top-section elementor-element elementor-element-90b80ac elementor-section-boxed elementor-section-height-default elementor-section-height-default\" data-id=\"90b80ac\" data-element_type=\"section\">\n\t\t\t\t\t\t<div class=\"elementor-container elementor-column-gap-default\">\n\t\t\t\t\t<div class=\"elementor-column elementor-col-100 elementor-top-column elementor-element elementor-element-7dcb7f9\" data-id=\"7dcb7f9\" data-element_type=\"column\">\n\t\t\t<div class=\"elementor-widget-wrap elementor-element-populated\">\n\t\t\t\t\t\t<div class=\"elementor-element elementor-element-b10166b elementor-widget elementor-widget-heading\" data-id=\"b10166b\" data-element_type=\"widget\" data-widget_type=\"heading.default\">\n\t\t\t\t<div class=\"elementor-widget-container\">\n\t\t\t<h2 class=\"elementor-heading-title elementor-size-default\">Contact<\/h2>\t\t<\/div>\n\t\t\t\t<\/div>\n\t\t\t\t\t<\/div>\n\t\t<\/div>\n\t\t\t\t\t<\/div>\n\t\t<\/section>\n\t\t\t\t<section class=\"elementor-section elementor-top-section elementor-element elementor-element-184145da elementor-section-full_width elementor-section-height-default elementor-section-height-default\" data-id=\"184145da\" data-element_type=\"section\">\n\t\t\t\t\t\t<div class=\"elementor-container elementor-column-gap-no\">\n\t\t\t\t\t<div class=\"elementor-column elementor-col-50 elementor-top-column elementor-element elementor-element-67a212e2 elementor-invisible\" data-id=\"67a212e2\" data-element_type=\"column\" data-settings=\"{&quot;animation&quot;:&quot;fadeIn&quot;}\">\n\t\t\t<div class=\"elementor-widget-wrap elementor-element-populated\">\n\t\t\t\t\t\t<div class=\"elementor-element elementor-element-2abf33bc elementor-widget elementor-widget-heading\" data-id=\"2abf33bc\" data-element_type=\"widget\" data-widget_type=\"heading.default\">\n\t\t\t\t<div class=\"elementor-widget-container\">\n\t\t\t<h2 class=\"elementor-heading-title elementor-size-default\">Contact form<\/h2>\t\t<\/div>\n\t\t\t\t<\/div>\n\t\t\t\t<div class=\"elementor-element elementor-element-771af11a elementor-widget elementor-widget-text-editor\" data-id=\"771af11a\" data-element_type=\"widget\" data-widget_type=\"text-editor.default\">\n\t\t\t\t<div class=\"elementor-widget-container\">\n\t\t\t\t\t\t\t<p>If you have any questions, requests or suggestions, please contact us by telephone, e-mail or simply by using the contact form below or <a href=\"https:\/\/wa.me\/4922892985599?text=Anfrage%20von%20der%20Webseite\">WhatsApp<\/a>.<\/p>\t\t\t\t\t\t<\/div>\n\t\t\t\t<\/div>\n\t\t\t\t<div class=\"elementor-element elementor-element-dc09e37 elementor-button-align-stretch elementor-widget elementor-widget-form\" data-id=\"dc09e37\" data-element_type=\"widget\" data-settings=\"{&quot;button_width&quot;:&quot;70&quot;,&quot;step_next_label&quot;:&quot;Next&quot;,&quot;step_previous_label&quot;:&quot;Previous&quot;,&quot;step_type&quot;:&quot;number_text&quot;,&quot;step_icon_shape&quot;:&quot;circle&quot;}\" data-widget_type=\"form.default\">\n\t\t\t\t<div class=\"elementor-widget-container\">\n\t\t\t\t\t<form class=\"elementor-form\" method=\"post\" name=\"New Form\" action=\"\">\n\t\t\t<input type=\"hidden\" name=\"post_id\" value=\"26513\"\/>\n\t\t\t<input type=\"hidden\" name=\"form_id\" value=\"dc09e37\"\/>\n\t\t\t<input type=\"hidden\" name=\"referer_title\" value=\"La Casa Del Habano &#8211; Bonn | Germany\" \/>\n\n\t\t\t\n\t\t\t<div class=\"elementor-form-fields-wrapper elementor-labels-above\">\n\t\t\t\t\t\t\t\t<div class=\"elementor-field-type-text elementor-field-group elementor-column elementor-field-group-name elementor-col-100\">\n\t\t\t\t\t\t\t\t\t\t\t\t<label for=\"form-field-name\" class=\"elementor-field-label\">\n\t\t\t\t\t\t\t\tName\t\t\t\t\t\t\t<\/label>\n\t\t\t\t\t\t\t\t\t\t\t\t\t\t<input size=\"1\" type=\"text\" name=\"form_fields[name]\" id=\"form-field-name\" class=\"elementor-field elementor-size-sm  elementor-field-textual\" placeholder=\"Your name\">\n\t\t\t\t\t\t\t\t\t\t\t<\/div>\n\t\t\t\t\t\t\t\t<div class=\"elementor-field-type-email elementor-field-group elementor-column elementor-field-group-email elementor-col-100 elementor-field-required\">\n\t\t\t\t\t\t\t\t\t\t\t\t<label for=\"form-field-email\" class=\"elementor-field-label\">\n\t\t\t\t\t\t\t\tE-mail\t\t\t\t\t\t\t<\/label>\n\t\t\t\t\t\t\t\t\t\t\t\t\t\t<input size=\"1\" type=\"email\" name=\"form_fields[email]\" id=\"form-field-email\" class=\"elementor-field elementor-size-sm  elementor-field-textual\" placeholder=\"Your email address\" required=\"required\" aria-required=\"true\">\n\t\t\t\t\t\t\t\t\t\t\t<\/div>\n\t\t\t\t\t\t\t\t<div class=\"elementor-field-type-textarea elementor-field-group elementor-column elementor-field-group-message elementor-col-100\">\n\t\t\t\t\t\t\t\t\t\t\t\t<label for=\"form-field-message\" class=\"elementor-field-label\">\n\t\t\t\t\t\t\t\tMessage\t\t\t\t\t\t\t<\/label>\n\t\t\t\t\t\t<textarea class=\"elementor-field-textual elementor-field  elementor-size-sm\" name=\"form_fields[message]\" id=\"form-field-message\" rows=\"4\" placeholder=\"Your message to us\"><\/textarea>\t\t\t\t<\/div>\n\t\t\t\t\t\t\t\t<div class=\"elementor-field-type-recaptcha_v3 elementor-field-group elementor-column elementor-field-group-field_db0a5cf elementor-col-100 recaptcha_v3-bottomleft\">\n\t\t\t\t\t<div class=\"elementor-field\" id=\"form-field-field_db0a5cf\"><div class=\"elementor-g-recaptcha\" data-sitekey=\"6LdvUqohAAAAALB5h4HzuSZGIRClI2CJfKmds5N2\" data-type=\"v3\" data-action=\"Form\" data-badge=\"bottomleft\" data-size=\"invisible\"><\/div><\/div>\t\t\t\t<\/div>\n\t\t\t\t\t\t\t\t<div class=\"elementor-field-group elementor-column elementor-field-type-submit elementor-col-70 e-form__buttons\">\n\t\t\t\t\t<button class=\"elementor-button elementor-size-sm\" type=\"submit\">\n\t\t\t\t\t\t<span class=\"elementor-button-content-wrapper\">\n\t\t\t\t\t\t\t\t\t\t\t\t\t\t\t\t\t\t\t\t\t\t<span class=\"elementor-button-text\">Send<\/span>\n\t\t\t\t\t\t\t\t\t\t\t\t\t<\/span>\n\t\t\t\t\t<\/button>\n\t\t\t\t<\/div>\n\t\t\t<\/div>\n\t\t<input type=\"hidden\" name=\"trp-form-language\" value=\"en\"\/><\/form>\n\t\t\t\t<\/div>\n\t\t\t\t<\/div>\n\t\t\t\t\t<\/div>\n\t\t<\/div>\n\t\t\t\t<div class=\"elementor-column elementor-col-50 elementor-top-column elementor-element elementor-element-66277d09 elementor-invisible\" data-id=\"66277d09\" data-element_type=\"column\" data-settings=\"{&quot;animation&quot;:&quot;fadeIn&quot;}\">\n\t\t\t<div class=\"elementor-widget-wrap elementor-element-populated\">\n\t\t\t\t\t\t<div class=\"elementor-element elementor-element-0e98a6b elementor-widget elementor-widget-heading\" data-id=\"0e98a6b\" data-element_type=\"widget\" data-widget_type=\"heading.default\">\n\t\t\t\t<div class=\"elementor-widget-container\">\n\t\t\t<h2 class=\"elementor-heading-title elementor-size-default\">Contact options<\/h2>\t\t<\/div>\n\t\t\t\t<\/div>\n\t\t\t\t<div class=\"elementor-element elementor-element-1a0fb275 elementor-widget elementor-widget-text-editor\" data-id=\"1a0fb275\" data-element_type=\"widget\" data-widget_type=\"text-editor.default\">\n\t\t\t\t<div class=\"elementor-widget-container\">\n\t\t\t\t\t\t\t<p>Phone: <strong>+49 228 92 98 55 99<br \/><\/strong>E-mail: <a href=\"mailto:info@lcdh-bonn.de\"><span style=\"font-weight: bold;\">info@lcdh-bonn.de<\/span><\/a><strong><br \/><\/strong><\/p>\t\t\t\t\t\t<\/div>\n\t\t\t\t<\/div>\n\t\t\t\t<div class=\"elementor-element elementor-element-29c0198 elementor-widget elementor-widget-etheme-follow\" data-id=\"29c0198\" data-element_type=\"widget\" data-widget_type=\"etheme-follow.default\">\n\t\t\t\t<div class=\"elementor-widget-container\">\n\t\t\t\r\n        <div class=\"et-follow-buttons buttons-size-normal justify-content- follow-720\">\r\n\r\n                                    <a href=\"https:\/\/www.facebook.com\/lcdh-bonn.de\" class=\"follow-facebook\" target=\"_blank\" rel=\"nofollow\">\r\n                            <i class=\"et-icon et-facebook\"><\/i>\r\n                                                            <span class=\"screen-reader-text\">Facebook<\/span>\r\n                                                    <\/a>\r\n                                            <a href=\"https:\/\/www.instagram.com\/cigar.embassy\" class=\"follow-instagram\" target=\"_blank\" rel=\"nofollow\">\r\n                            <i class=\"et-icon et-instagram\"><\/i>\r\n                                                            <span class=\"screen-reader-text\">Instagram<\/span>\r\n                                                    <\/a>\r\n                                            <a href=\"https:\/\/wa.me\/4922892985599?text=Anfrage%20von%20der%20Webseite\" class=\"follow-whatsapp\" target=\"_blank\" rel=\"nofollow\">\r\n                            <i class=\"et-icon et-whatsapp\"><\/i>\r\n                                                            <span class=\"screen-reader-text\">Whatsapp<\/span>\r\n                                                    <\/a>\r\n                                            <a href=\"mailto:info@lcdh-bonn.de\" class=\"follow-email\" target=\"_blank\" rel=\"nofollow\">\r\n                            <i class=\"et-icon et-message\"><\/i>\r\n                                                            <span class=\"screen-reader-text\">Email<\/span>\r\n                                                    <\/a>\r\n                    \r\n        <\/div>\r\n\r\n        \t\t<\/div>\n\t\t\t\t<\/div>\n\t\t\t\t<div class=\"elementor-element elementor-element-7dab19ae elementor-widget elementor-widget-text-editor\" data-id=\"7dab19ae\" data-element_type=\"widget\" data-widget_type=\"text-editor.default\">\n\t\t\t\t<div class=\"elementor-widget-container\">\n\t\t\t\t\t\t\t<p><img decoding=\"async\" class=\"wp-image-26921 aligncenter\" src=\"https:\/\/www.lcdh-bonn.de\/wp-content\/uploads\/2021\/11\/wechat_icon.svg\" alt=\"\" width=\"39\" height=\"39\" \/><img decoding=\"async\" class=\"wp-image-39036 aligncenter\" src=\"https:\/\/www.lcdh-bonn.de\/wp-content\/uploads\/2024\/06\/LCDH-Bonn-WeChat-QR-Code-229x300.jpg\" alt=\"LCDH Bonn QR Code WeChat\" width=\"160\" height=\"210\" srcset=\"https:\/\/www.lcdh-bonn.de\/wp-content\/uploads\/2024\/06\/LCDH-Bonn-WeChat-QR-Code-229x300.jpg 229w, https:\/\/www.lcdh-bonn.de\/wp-content\/uploads\/2024\/06\/LCDH-Bonn-WeChat-QR-Code-9x12.jpg 9w, https:\/\/www.lcdh-bonn.de\/wp-content\/uploads\/2024\/06\/LCDH-Bonn-WeChat-QR-Code-300x392.jpg 300w, https:\/\/www.lcdh-bonn.de\/wp-content\/uploads\/2024\/06\/LCDH-Bonn-WeChat-QR-Code-600x784.jpg 600w, https:\/\/www.lcdh-bonn.de\/wp-content\/uploads\/2024\/06\/LCDH-Bonn-WeChat-QR-Code-8x10.jpg 8w, https:\/\/www.lcdh-bonn.de\/wp-content\/uploads\/2024\/06\/LCDH-Bonn-WeChat-QR-Code.jpg 735w\" sizes=\"(max-width: 160px) 100vw, 160px\" \/>\u00a0<\/p>\t\t\t\t\t\t<\/div>\n\t\t\t\t<\/div>\n\t\t\t\t<div class=\"elementor-element elementor-element-22997a78 elementor-widget elementor-widget-heading\" data-id=\"22997a78\" data-element_type=\"widget\" data-widget_type=\"heading.default\">\n\t\t\t\t<div class=\"elementor-widget-container\">\n\t\t\t<h2 class=\"elementor-heading-title elementor-size-default\">Our address<\/h2>\t\t<\/div>\n\t\t\t\t<\/div>\n\t\t\t\t<div class=\"elementor-element elementor-element-289f0811 elementor-widget elementor-widget-text-editor\" data-id=\"289f0811\" data-element_type=\"widget\" data-widget_type=\"text-editor.default\">\n\t\t\t\t<div class=\"elementor-widget-container\">\n\t\t\t\t\t\t\t<p>La Casa del Habano Bonn by Cigar Embassy<br \/><span style=\"color: inherit; font-family: inherit; font-size: inherit; background-color: var(--et_container-bg-color,transparent);\">Am Neutor 5<br \/><\/span><span style=\"color: inherit; font-family: inherit; font-size: inherit; background-color: var(--et_container-bg-color,transparent);\">- Kaiserpassage -<br \/><\/span>53113 Bonn<br \/>Germany<\/p>\t\t\t\t\t\t<\/div>\n\t\t\t\t<\/div>\n\t\t\t\t<div class=\"elementor-element elementor-element-3c75d448 elementor-widget elementor-widget-heading\" data-id=\"3c75d448\" data-element_type=\"widget\" data-widget_type=\"heading.default\">\n\t\t\t\t<div class=\"elementor-widget-container\">\n\t\t\t<h2 class=\"elementor-heading-title elementor-size-default\">Opening hours<\/h2>\t\t<\/div>\n\t\t\t\t<\/div>\n\t\t\t\t<section class=\"elementor-section elementor-inner-section elementor-element elementor-element-43c5a036 elementor-section-boxed elementor-section-height-default elementor-section-height-default\" data-id=\"43c5a036\" data-element_type=\"section\">\n\t\t\t\t\t\t<div class=\"elementor-container elementor-column-gap-no\">\n\t\t\t\t\t<div class=\"elementor-column elementor-col-50 elementor-inner-column elementor-element elementor-element-5eb3e1c4\" data-id=\"5eb3e1c4\" data-element_type=\"column\">\n\t\t\t<div class=\"elementor-widget-wrap elementor-element-populated\">\n\t\t\t\t\t\t<div class=\"elementor-element elementor-element-74406b0c elementor-widget elementor-widget-text-editor\" data-id=\"74406b0c\" data-element_type=\"widget\" data-widget_type=\"text-editor.default\">\n\t\t\t\t<div class=\"elementor-widget-container\">\n\t\t\t\t\t\t\t<p>Monday:<\/p>\t\t\t\t\t\t<\/div>\n\t\t\t\t<\/div>\n\t\t\t\t<div class=\"elementor-element elementor-element-6d0ad6a1 elementor-widget elementor-widget-text-editor\" data-id=\"6d0ad6a1\" data-element_type=\"widget\" data-widget_type=\"text-editor.default\">\n\t\t\t\t<div class=\"elementor-widget-container\">\n\t\t\t\t\t\t\t<p>Tuesday:<\/p>\t\t\t\t\t\t<\/div>\n\t\t\t\t<\/div>\n\t\t\t\t<div class=\"elementor-element elementor-element-340719c3 elementor-widget elementor-widget-text-editor\" data-id=\"340719c3\" data-element_type=\"widget\" data-widget_type=\"text-editor.default\">\n\t\t\t\t<div class=\"elementor-widget-container\">\n\t\t\t\t\t\t\t<p>Wednesday:<\/p>\t\t\t\t\t\t<\/div>\n\t\t\t\t<\/div>\n\t\t\t\t<div class=\"elementor-element elementor-element-70ec7c14 elementor-widget elementor-widget-text-editor\" data-id=\"70ec7c14\" data-element_type=\"widget\" data-widget_type=\"text-editor.default\">\n\t\t\t\t<div class=\"elementor-widget-container\">\n\t\t\t\t\t\t\t<p>Thursday:<\/p>\t\t\t\t\t\t<\/div>\n\t\t\t\t<\/div>\n\t\t\t\t<div class=\"elementor-element elementor-element-ac314e7 elementor-widget elementor-widget-text-editor\" data-id=\"ac314e7\" data-element_type=\"widget\" data-widget_type=\"text-editor.default\">\n\t\t\t\t<div class=\"elementor-widget-container\">\n\t\t\t\t\t\t\t<p>Friday:<\/p>\t\t\t\t\t\t<\/div>\n\t\t\t\t<\/div>\n\t\t\t\t<div class=\"elementor-element elementor-element-70af0b00 elementor-widget elementor-widget-text-editor\" data-id=\"70af0b00\" data-element_type=\"widget\" data-widget_type=\"text-editor.default\">\n\t\t\t\t<div class=\"elementor-widget-container\">\n\t\t\t\t\t\t\t<p>Saturday:<\/p>\t\t\t\t\t\t<\/div>\n\t\t\t\t<\/div>\n\t\t\t\t\t<\/div>\n\t\t<\/div>\n\t\t\t\t<div class=\"elementor-column elementor-col-50 elementor-inner-column elementor-element elementor-element-4b7a4872\" data-id=\"4b7a4872\" data-element_type=\"column\">\n\t\t\t<div class=\"elementor-widget-wrap elementor-element-populated\">\n\t\t\t\t\t\t<div class=\"elementor-element elementor-element-e78b238 elementor-widget elementor-widget-text-editor\" data-id=\"e78b238\" data-element_type=\"widget\" data-widget_type=\"text-editor.default\">\n\t\t\t\t<div class=\"elementor-widget-container\">\n\t\t\t\t\t\t\t<p>12:00 &#8211; 18:00<\/p>\t\t\t\t\t\t<\/div>\n\t\t\t\t<\/div>\n\t\t\t\t<div class=\"elementor-element elementor-element-454130d elementor-widget elementor-widget-text-editor\" data-id=\"454130d\" data-element_type=\"widget\" data-widget_type=\"text-editor.default\">\n\t\t\t\t<div class=\"elementor-widget-container\">\n\t\t\t\t\t\t\t<p>12:00 &#8211; 18:00<\/p>\t\t\t\t\t\t<\/div>\n\t\t\t\t<\/div>\n\t\t\t\t<div class=\"elementor-element elementor-element-ec41fff elementor-widget elementor-widget-text-editor\" data-id=\"ec41fff\" data-element_type=\"widget\" data-widget_type=\"text-editor.default\">\n\t\t\t\t<div class=\"elementor-widget-container\">\n\t\t\t\t\t\t\t<p>12:00 &#8211; 18:00<\/p>\t\t\t\t\t\t<\/div>\n\t\t\t\t<\/div>\n\t\t\t\t<div class=\"elementor-element elementor-element-9e5be1d elementor-widget elementor-widget-text-editor\" data-id=\"9e5be1d\" data-element_type=\"widget\" data-widget_type=\"text-editor.default\">\n\t\t\t\t<div class=\"elementor-widget-container\">\n\t\t\t\t\t\t\t<p>12:00 &#8211; 19:00<\/p>\t\t\t\t\t\t<\/div>\n\t\t\t\t<\/div>\n\t\t\t\t<div class=\"elementor-element elementor-element-2622158 elementor-widget elementor-widget-text-editor\" data-id=\"2622158\" data-element_type=\"widget\" data-widget_type=\"text-editor.default\">\n\t\t\t\t<div class=\"elementor-widget-container\">\n\t\t\t\t\t\t\t<p>12:00 &#8211; 19:00<\/p>\t\t\t\t\t\t<\/div>\n\t\t\t\t<\/div>\n\t\t\t\t<div class=\"elementor-element elementor-element-bbc7918 elementor-widget elementor-widget-text-editor\" data-id=\"bbc7918\" data-element_type=\"widget\" data-widget_type=\"text-editor.default\">\n\t\t\t\t<div class=\"elementor-widget-container\">\n\t\t\t\t\t\t\t<p>11:00 &#8211; 16:00<\/p>\t\t\t\t\t\t<\/div>\n\t\t\t\t<\/div>\n\t\t\t\t\t<\/div>\n\t\t<\/div>\n\t\t\t\t\t<\/div>\n\t\t<\/section>\n\t\t\t\t\t<\/div>\n\t\t<\/div>\n\t\t\t\t\t<\/div>\n\t\t<\/section>\n\t\t\t\t<section class=\"elementor-section elementor-top-section elementor-element elementor-element-4c93dc0 elementor-section-boxed elementor-section-height-default elementor-section-height-default\" data-id=\"4c93dc0\" data-element_type=\"section\">\n\t\t\t\t\t\t<div class=\"elementor-container elementor-column-gap-default\">\n\t\t\t\t\t<div class=\"elementor-column elementor-col-100 elementor-top-column elementor-element elementor-element-9cec035\" data-id=\"9cec035\" data-element_type=\"column\">\n\t\t\t<div class=\"elementor-widget-wrap elementor-element-populated\">\n\t\t\t\t\t\t<div class=\"elementor-element elementor-element-2920753 elementor-widget elementor-widget-etheme-google-map\" data-id=\"2920753\" data-element_type=\"widget\" data-widget_type=\"etheme-google-map.default\">\n\t\t\t\t<div class=\"elementor-widget-container\">\n\t\t\t\t\t<div id=\"etheme-map-2920753\" class=\"etheme-map\" data-etheme-gesture=\"auto\"  data-etheme-map-zoom-control=\"true\" data-etheme-map-zoom-control-position=\"RIGHT_BOTTOM\"  data-etheme-defaultui=\"false\" data-etheme-map-style=\"\" data-etheme-map-type=\"roadmap\"  data-etheme-map-type-control=\"true\" data-etheme-map-type-control-style=\"DEFAULT\" data-etheme-map-type-control-position=\"TOP_LEFT\"  data-etheme-map-streetview-control=\"false\" data-etheme-map-lat=\"50.732701\" data-etheme-map-lng=\"7.100735\" data-etheme-map-zoom=\"16\" data-etheme-map-infowindow-width=\"250\" data-etheme-locations='[{\"lat\":\"50.732701\",\"lng\":\"7.100735\",\"title\":\"Cigar Embassy Bonn\",\"content\":\"&lt;p&gt;Cigar Embassy\\u00a0&lt;br \\\/&gt;- Ambassadors of Fine Taste -\\u00a0&lt;\\\/p&gt;&lt;p&gt;Zigarrengesch\\u00e4ft&lt;\\\/p&gt;\",\"pin_icon\":\"\"}]'><\/div>\r\n\r\n\t\t\t<\/div>\n\t\t\t\t<\/div>\n\t\t\t\t\t<\/div>\n\t\t<\/div>\n\t\t\t\t\t<\/div>\n\t\t<\/section>\n\t\t\t\t<\/div>","protected":false},"excerpt":{"rendered":"<p>Kontakt Kontaktformular Sollten Sie Fragen, W\u00fcnsche oder Anregungen haben, kontaktieren Sie uns bitte telefonisch, per E-Mail oder ganz einfach \u00fcber nachfolgendes Kontaktformular oder WhatsApp. Kontaktm\u00f6glichkeiten Telefon: +49 228 92 98 55 99E-Mail: info@lcdh-bonn.de Facebook Instagram Whatsapp Email \u00a0 Unsere Adresse La Casa del Habano Bonn by Cigar EmbassyAm Neutor 5&#8211; Kaiserpassage &#8211;53113 BonnDeutschland \u00d6ffnungszeiten Montag: Dienstag: Mittwoch: Donnerstag: Freitag: Samstag: 12:00 &#8211; 18:00 12:00 &#8211; 18:00 12:00 &#8211; 18:00 12:00 &#8211; 19:00 12:00 &#8211; 19:00 11:00 &#8211; 16:00<\/p>","protected":false},"author":1,"featured_media":0,"parent":0,"menu_order":0,"comment_status":"closed","ping_status":"closed","template":"","meta":{"_acf_changed":false,"footnotes":""},"class_list":["post-26513","page","type-page","status-publish","hentry"],"acf":[],"_links":{"self":[{"href":"https:\/\/www.lcdh-bonn.de\/en\/wp-json\/wp\/v2\/pages\/26513","targetHints":{"allow":["GET"]}}],"collection":[{"href":"https:\/\/www.lcdh-bonn.de\/en\/wp-json\/wp\/v2\/pages"}],"about":[{"href":"https:\/\/www.lcdh-bonn.de\/en\/wp-json\/wp\/v2\/types\/page"}],"author":[{"embeddable":true,"href":"https:\/\/www.lcdh-bonn.de\/en\/wp-json\/wp\/v2\/users\/1"}],"replies":[{"embeddable":true,"href":"https:\/\/www.lcdh-bonn.de\/en\/wp-json\/wp\/v2\/comments?post=26513"}],"version-history":[{"count":73,"href":"https:\/\/www.lcdh-bonn.de\/en\/wp-json\/wp\/v2\/pages\/26513\/revisions"}],"predecessor-version":[{"id":39199,"href":"https:\/\/www.lcdh-bonn.de\/en\/wp-json\/wp\/v2\/pages\/26513\/revisions\/39199"}],"wp:attachment":[{"href":"https:\/\/www.lcdh-bonn.de\/en\/wp-json\/wp\/v2\/media?parent=26513"}],"curies":[{"name":"wp","href":"https:\/\/api.w.org\/{rel}","templated":true}]}}