{"id":32168,"date":"2022-04-30T15:37:19","date_gmt":"2022-04-30T13:37:19","guid":{"rendered":"https:\/\/torbru.athene.wpspace.me\/?page_id=32168"},"modified":"2024-08-16T19:26:55","modified_gmt":"2024-08-16T17:26:55","slug":"zigarren-fuer-anfaenger-und-einsteiger","status":"publish","type":"page","link":"https:\/\/www.lcdh-bonn.de\/en\/zigarren-fuer-anfaenger-und-einsteiger\/","title":{"rendered":"Cigars for beginners and novices"},"content":{"rendered":"<div data-elementor-type=\"wp-page\" data-elementor-id=\"32168\" class=\"elementor elementor-32168\" data-elementor-post-type=\"page\">\n\t\t\t\t\t\t<section class=\"elementor-section elementor-top-section elementor-element elementor-element-5c089e5 elementor-section-boxed elementor-section-height-default elementor-section-height-default\" data-id=\"5c089e5\" data-element_type=\"section\">\n\t\t\t\t\t\t<div class=\"elementor-container elementor-column-gap-default\">\n\t\t\t\t\t<div class=\"elementor-column elementor-col-100 elementor-top-column elementor-element elementor-element-05ad6bb\" data-id=\"05ad6bb\" data-element_type=\"column\">\n\t\t\t<div class=\"elementor-widget-wrap elementor-element-populated\">\n\t\t\t\t\t\t<div class=\"elementor-element elementor-element-702cf2e elementor-widget elementor-widget-etheme_advanced_headline\" data-id=\"702cf2e\" data-element_type=\"widget\" data-widget_type=\"etheme_advanced_headline.default\">\n\t\t\t\t<div class=\"elementor-widget-container\">\n\t\t\t        \r\n        <div class=\"etheme-a-h-wrapper elementor-align-center etheme-a-h-line-both etheme-a-h-line-before etheme-a-h-line-after\">\r\n        \r\n                            <span class=\"etheme-a-h-text-before\">\r\n                    A brief guide                <\/span>\r\n            \r\n        <h2 class=\"etheme-advanced-headline\">\r\n\r\n            Cigars for beginners and novices - what you should know\r\n        <\/h2>\r\n\t\t\r\n                    \r\n        <\/div>\r\n        \r\n\t\t\t\t<\/div>\n\t\t\t\t<\/div>\n\t\t\t\t<div class=\"elementor-element elementor-element-dd35fd5 elementor-widget elementor-widget-text-editor\" data-id=\"dd35fd5\" data-element_type=\"widget\" data-widget_type=\"text-editor.default\">\n\t\t\t\t<div class=\"elementor-widget-container\">\n\t\t\t\t\t\t\t<p>Are you interested in enjoying cigars, but don't know how to get started because of the flood of information? Or you have already had your first experience and are not sure whether the path you have taken so far is the best one for you? In any case, you've come to the right place, because below we'll give you some basic tips on how your next cigar is sure to be exactly the one you're looking for and will give you 1-2 hours of pure enjoyment and pleasure (including the preparatory ceremonial).<\/p><h3>Which format is best for beginners?<\/h3><p>In direct conversation we often hear something like \"the cigar is too thick, I'm a beginner\". But this is a fallacy! Because: with thinner cigars, the smoke hits the tongue from a much smaller opening and is therefore more concentrated. Furthermore, cigars require more attention - they must not be drawn on too often, as this makes the embers much hotter, but also not too rarely, as they go out more quickly. Due to these factors, the smoke tends to be subjectively perceived as stronger, sometimes even unpleasant - even with light cigars! For beginners in particular, we therefore do not recommend cigars that are too thin, but rather thicker ones, e.g. those in Robusto format or even thicker. Thicker cigars (e.g. ring gauge 46+) are more forgiving of \"mistakes\", i.e. drawing too often or ignoring them for too long. Thicker cigars smoulder more evenly and for longer. The smoke hits the tongue over a wider area, which means you will find the smoke more pleasant and your first\/next cigar is sure to be a pleasure!<\/p><h3>Which brands and regions of origin are suitable?<\/h3><p>Contrary to popular belief, there are numerous Cuban cigars that are ideal for beginners. The brands Hoyo de Monterrey and H.Upmann in particular, but also Quintero should be mentioned here. You could therefore carefully work your way up the strength scale from the bottom to the top.\u00a0<\/p><h3>Below are some recommendations for beginner cigars\u00a0<\/h3><p>Below we would like to introduce you to a few cigar<span style=\"color: inherit; font-family: inherit; font-size: inherit; font-weight: var( --e-global-typography-text-font-weight ); background-color: var(--et_container-bg-color,transparent);\">We would like to recommend a few cigars that we believe are ideal for beginners.\u00a0<\/span><\/p>\t\t\t\t\t\t<\/div>\n\t\t\t\t<\/div>\n\t\t\t\t\t<\/div>\n\t\t<\/div>\n\t\t\t\t\t<\/div>\n\t\t<\/section>\n\t\t\t\t<section class=\"elementor-section elementor-top-section elementor-element elementor-element-7dbb301 elementor-section-boxed elementor-section-height-default elementor-section-height-default\" data-id=\"7dbb301\" data-element_type=\"section\">\n\t\t\t\t\t\t<div class=\"elementor-container elementor-column-gap-default\">\n\t\t\t\t\t<div class=\"elementor-column elementor-col-100 elementor-top-column elementor-element elementor-element-b5ea917\" data-id=\"b5ea917\" data-element_type=\"column\">\n\t\t\t<div class=\"elementor-widget-wrap elementor-element-populated\">\n\t\t\t\t\t\t<div class=\"elementor-element elementor-element-2658f6c elementor-widget elementor-widget-etheme_product_list\" data-id=\"2658f6c\" data-element_type=\"widget\" data-settings=\"{&quot;query_type&quot;:&quot;product_ids&quot;,&quot;navigation&quot;:&quot;none&quot;}\" data-widget_type=\"etheme_product_list.default\">\n\t\t\t\t<div class=\"elementor-widget-container\">\n\t\t\t        <link rel=\"stylesheet\" href=\"https:\/\/www.lcdh-bonn.de\/wp-content\/themes\/xstore\/css\/modules\/woocommerce\/archive.min.css\" type=\"text\/css\" media=\"all\" \/> \t\t        <link rel=\"stylesheet\" href=\"https:\/\/www.lcdh-bonn.de\/wp-content\/themes\/xstore\/css\/modules\/woocommerce\/product-hovers\/product-view-default.min.css\" type=\"text\/css\" media=\"all\" \/> \t\t<div class=\"etheme-product-list\">\r\n\r\n        \r\n        <div class=\"etheme-product-list-item product type-product post-25745 status-publish first instock product_cat-cuba product_cat-hoyo-de-monterrey product_cat-linea-epicure product_cat-zigarren has-post-thumbnail taxable shipping-taxable product-type-variable\">\r\n        \r\n        <div class=\"etheme-product-list-image\"><a href=\"https:\/\/www.lcdh-bonn.de\/en\/product\/hoyo-de-monterrey-linea-epicure-epicure-no-2\/\"><img fetchpriority=\"high\" decoding=\"async\" width=\"300\" height=\"300\" src=\"https:\/\/www.lcdh-bonn.de\/wp-content\/uploads\/2022\/08\/HDMENO2.1_1-300x300.jpg\" class=\"attachment-woocommerce_thumbnail size-woocommerce_thumbnail\" alt=\"\" srcset=\"https:\/\/www.lcdh-bonn.de\/wp-content\/uploads\/2022\/08\/HDMENO2.1_1-300x300.jpg 300w, https:\/\/www.lcdh-bonn.de\/wp-content\/uploads\/2022\/08\/HDMENO2.1_1-1024x1024.jpg 1024w, https:\/\/www.lcdh-bonn.de\/wp-content\/uploads\/2022\/08\/HDMENO2.1_1-150x150.jpg 150w, https:\/\/www.lcdh-bonn.de\/wp-content\/uploads\/2022\/08\/HDMENO2.1_1-768x768.jpg 768w, https:\/\/www.lcdh-bonn.de\/wp-content\/uploads\/2022\/08\/HDMENO2.1_1-1536x1536.jpg 1536w, https:\/\/www.lcdh-bonn.de\/wp-content\/uploads\/2022\/08\/HDMENO2.1_1-12x12.jpg 12w, https:\/\/www.lcdh-bonn.de\/wp-content\/uploads\/2022\/08\/HDMENO2.1_1-10x10.jpg 10w, https:\/\/www.lcdh-bonn.de\/wp-content\/uploads\/2022\/08\/HDMENO2.1_1-1320x1319.jpg 1320w, https:\/\/www.lcdh-bonn.de\/wp-content\/uploads\/2022\/08\/HDMENO2.1_1-600x600.jpg 600w, https:\/\/www.lcdh-bonn.de\/wp-content\/uploads\/2022\/08\/HDMENO2.1_1-100x100.jpg 100w, https:\/\/www.lcdh-bonn.de\/wp-content\/uploads\/2022\/08\/HDMENO2.1_1.jpg 1600w\" sizes=\"(max-width: 300px) 100vw, 300px\" \/><\/a><\/div><div class=\"etheme-product-list-content\"><div class=\"etheme-product-list-categories\"><a href=\"https:\/\/www.lcdh-bonn.de\/en\/product-category\/zigarren\/cuba\/\" rel=\"tag\">Cuba<\/a><\/div><h2 class=\"woocommerce-loop-product__title etheme-product-list-title\"><a href=\"https:\/\/www.lcdh-bonn.de\/en\/product\/hoyo-de-monterrey-linea-epicure-epicure-no-2\/\">Hoyo de Monterrey Linea Epicure Epicure No.2<\/a><\/h2><div class=\"star-rating-wrapper\"><\/div>\n<\/div>        <\/div>\r\n                \r\n        <div class=\"etheme-product-list-item product type-product post-25958 status-publish last instock product_cat-cuba product_cat-montecristo product_cat-open product_cat-zigarren has-post-thumbnail taxable shipping-taxable product-type-variable\">\r\n        \r\n        <div class=\"etheme-product-list-image\"><a href=\"https:\/\/www.lcdh-bonn.de\/en\/product\/montecristo-open-junior\/\"><img decoding=\"async\" width=\"300\" height=\"300\" src=\"https:\/\/www.lcdh-bonn.de\/wp-content\/uploads\/2022\/08\/MOOPJU.1_1-300x300.jpg\" class=\"attachment-woocommerce_thumbnail size-woocommerce_thumbnail\" alt=\"\" srcset=\"https:\/\/www.lcdh-bonn.de\/wp-content\/uploads\/2022\/08\/MOOPJU.1_1-300x300.jpg 300w, https:\/\/www.lcdh-bonn.de\/wp-content\/uploads\/2022\/08\/MOOPJU.1_1-1024x1024.jpg 1024w, https:\/\/www.lcdh-bonn.de\/wp-content\/uploads\/2022\/08\/MOOPJU.1_1-150x150.jpg 150w, https:\/\/www.lcdh-bonn.de\/wp-content\/uploads\/2022\/08\/MOOPJU.1_1-768x768.jpg 768w, https:\/\/www.lcdh-bonn.de\/wp-content\/uploads\/2022\/08\/MOOPJU.1_1-12x12.jpg 12w, https:\/\/www.lcdh-bonn.de\/wp-content\/uploads\/2022\/08\/MOOPJU.1_1-10x10.jpg 10w, https:\/\/www.lcdh-bonn.de\/wp-content\/uploads\/2022\/08\/MOOPJU.1_1-1320x1320.jpg 1320w, https:\/\/www.lcdh-bonn.de\/wp-content\/uploads\/2022\/08\/MOOPJU.1_1-600x600.jpg 600w, https:\/\/www.lcdh-bonn.de\/wp-content\/uploads\/2022\/08\/MOOPJU.1_1-100x100.jpg 100w, https:\/\/www.lcdh-bonn.de\/wp-content\/uploads\/2022\/08\/MOOPJU.1_1.jpg 1472w\" sizes=\"(max-width: 300px) 100vw, 300px\" \/><\/a><\/div><div class=\"etheme-product-list-content\"><div class=\"etheme-product-list-categories\"><a href=\"https:\/\/www.lcdh-bonn.de\/en\/product-category\/zigarren\/cuba\/\" rel=\"tag\">Cuba<\/a><\/div><h2 class=\"woocommerce-loop-product__title etheme-product-list-title\"><a href=\"https:\/\/www.lcdh-bonn.de\/en\/product\/montecristo-open-junior\/\">Montecristo OPEN Junior<\/a><\/h2><div class=\"star-rating-wrapper\"><\/div>\n<\/div>        <\/div>\r\n                \r\n        <div class=\"etheme-product-list-item product type-product post-26147 status-publish first instock product_cat-cuba product_cat-quintero product_cat-zigarren has-post-thumbnail taxable shipping-taxable product-type-variable\">\r\n        \r\n        <div class=\"etheme-product-list-image\"><a href=\"https:\/\/www.lcdh-bonn.de\/en\/product\/quintero-favoritos\/\"><img decoding=\"async\" width=\"300\" height=\"300\" src=\"https:\/\/www.lcdh-bonn.de\/wp-content\/uploads\/2022\/08\/QUFAV.1_1-300x300.jpg\" class=\"attachment-woocommerce_thumbnail size-woocommerce_thumbnail\" alt=\"\" srcset=\"https:\/\/www.lcdh-bonn.de\/wp-content\/uploads\/2022\/08\/QUFAV.1_1-300x300.jpg 300w, https:\/\/www.lcdh-bonn.de\/wp-content\/uploads\/2022\/08\/QUFAV.1_1-1024x1024.jpg 1024w, https:\/\/www.lcdh-bonn.de\/wp-content\/uploads\/2022\/08\/QUFAV.1_1-150x150.jpg 150w, https:\/\/www.lcdh-bonn.de\/wp-content\/uploads\/2022\/08\/QUFAV.1_1-768x768.jpg 768w, https:\/\/www.lcdh-bonn.de\/wp-content\/uploads\/2022\/08\/QUFAV.1_1-1536x1536.jpg 1536w, https:\/\/www.lcdh-bonn.de\/wp-content\/uploads\/2022\/08\/QUFAV.1_1-12x12.jpg 12w, https:\/\/www.lcdh-bonn.de\/wp-content\/uploads\/2022\/08\/QUFAV.1_1-10x10.jpg 10w, https:\/\/www.lcdh-bonn.de\/wp-content\/uploads\/2022\/08\/QUFAV.1_1-1320x1320.jpg 1320w, https:\/\/www.lcdh-bonn.de\/wp-content\/uploads\/2022\/08\/QUFAV.1_1-600x600.jpg 600w, https:\/\/www.lcdh-bonn.de\/wp-content\/uploads\/2022\/08\/QUFAV.1_1-100x100.jpg 100w, https:\/\/www.lcdh-bonn.de\/wp-content\/uploads\/2022\/08\/QUFAV.1_1.jpg 1600w\" sizes=\"(max-width: 300px) 100vw, 300px\" \/><\/a><\/div><div class=\"etheme-product-list-content\"><div class=\"etheme-product-list-categories\"><a href=\"https:\/\/www.lcdh-bonn.de\/en\/product-category\/zigarren\/cuba\/\" rel=\"tag\">Cuba<\/a><\/div><h2 class=\"woocommerce-loop-product__title etheme-product-list-title\"><a href=\"https:\/\/www.lcdh-bonn.de\/en\/product\/quintero-favoritos\/\">Quintero Favoritos<\/a><\/h2><div class=\"star-rating-wrapper\"><\/div>\n<\/div>        <\/div>\r\n        <\/div> <!-- .row -->\t\t<\/div>\n\t\t\t\t<\/div>\n\t\t\t\t\t<\/div>\n\t\t<\/div>\n\t\t\t\t\t<\/div>\n\t\t<\/section>\n\t\t\t\t<section class=\"elementor-section elementor-top-section elementor-element elementor-element-1d60ed0 elementor-section-boxed elementor-section-height-default elementor-section-height-default\" data-id=\"1d60ed0\" data-element_type=\"section\">\n\t\t\t\t\t\t<div class=\"elementor-container elementor-column-gap-default\">\n\t\t\t\t\t<div class=\"elementor-column elementor-col-100 elementor-top-column elementor-element elementor-element-8234da9\" data-id=\"8234da9\" data-element_type=\"column\">\n\t\t\t<div class=\"elementor-widget-wrap elementor-element-populated\">\n\t\t\t\t\t\t<div class=\"elementor-element elementor-element-b9c99d4 elementor-widget elementor-widget-text-editor\" data-id=\"b9c99d4\" data-element_type=\"widget\" data-widget_type=\"text-editor.default\">\n\t\t\t\t<div class=\"elementor-widget-container\">\n\t\t\t\t\t\t\t<p>If none of the recommended cigars appeal to you, please feel free to contact us - we are available for telephone consultations and are sure to find \"your\" cigar that is waiting to be found by you.<\/p>\t\t\t\t\t\t<\/div>\n\t\t\t\t<\/div>\n\t\t\t\t\t<\/div>\n\t\t<\/div>\n\t\t\t\t\t<\/div>\n\t\t<\/section>\n\t\t\t\t<\/div>","protected":false},"excerpt":{"rendered":"<p>Ein kurzer Ratgeber Zigarren f\u00fcr Einsteiger und Anf\u00e4nger &#8211; was Sie wissen sollten Sie interessieren sich f\u00fcr den Zigarrengenuss, wissen aber vor lauter Informationsflut nicht wie Sie richtig anfangen sollen? Oder Sie haben bereits die ersten Erfahrungen gemacht und sind sich nicht sicher, ob der bisher eingeschlagene Weg der beste f\u00fcr Sie ist? In jedem Fall sind Sie hier genau richtig, denn nachfolgend werden wir Ihnen einige grundlegende Tipps geben, wie Ihre n\u00e4chste Zigarre sicher genau die ist, nach der&#8230;<\/p>","protected":false},"author":4,"featured_media":0,"parent":0,"menu_order":0,"comment_status":"closed","ping_status":"closed","template":"","meta":{"_acf_changed":false,"footnotes":""},"class_list":["post-32168","page","type-page","status-publish","hentry"],"acf":[],"_links":{"self":[{"href":"https:\/\/www.lcdh-bonn.de\/en\/wp-json\/wp\/v2\/pages\/32168","targetHints":{"allow":["GET"]}}],"collection":[{"href":"https:\/\/www.lcdh-bonn.de\/en\/wp-json\/wp\/v2\/pages"}],"about":[{"href":"https:\/\/www.lcdh-bonn.de\/en\/wp-json\/wp\/v2\/types\/page"}],"author":[{"embeddable":true,"href":"https:\/\/www.lcdh-bonn.de\/en\/wp-json\/wp\/v2\/users\/4"}],"replies":[{"embeddable":true,"href":"https:\/\/www.lcdh-bonn.de\/en\/wp-json\/wp\/v2\/comments?post=32168"}],"version-history":[{"count":14,"href":"https:\/\/www.lcdh-bonn.de\/en\/wp-json\/wp\/v2\/pages\/32168\/revisions"}],"predecessor-version":[{"id":39164,"href":"https:\/\/www.lcdh-bonn.de\/en\/wp-json\/wp\/v2\/pages\/32168\/revisions\/39164"}],"wp:attachment":[{"href":"https:\/\/www.lcdh-bonn.de\/en\/wp-json\/wp\/v2\/media?parent=32168"}],"curies":[{"name":"wp","href":"https:\/\/api.w.org\/{rel}","templated":true}]}}