{"id":32233,"date":"2022-05-07T15:53:51","date_gmt":"2022-05-07T13:53:51","guid":{"rendered":"https:\/\/torbru.athene.wpspace.me\/?page_id=32233"},"modified":"2024-08-16T19:31:30","modified_gmt":"2024-08-16T17:31:30","slug":"ueber-kubanische-zigarren-und-andere-provenienzen-mythos-und-hype","status":"publish","type":"page","link":"https:\/\/www.lcdh-bonn.de\/en\/ueber-kubanische-zigarren-und-andere-provenienzen-mythos-und-hype\/","title":{"rendered":"About Cuban cigars and other provenances - myth and hype"},"content":{"rendered":"<div data-elementor-type=\"wp-page\" data-elementor-id=\"32233\" class=\"elementor elementor-32233\" data-elementor-post-type=\"page\">\n\t\t\t\t\t\t<section class=\"elementor-section elementor-top-section elementor-element elementor-element-7ff1532b elementor-section-boxed elementor-section-height-default elementor-section-height-default\" data-id=\"7ff1532b\" data-element_type=\"section\">\n\t\t\t\t\t\t<div class=\"elementor-container elementor-column-gap-default\">\n\t\t\t\t\t<div class=\"elementor-column elementor-col-100 elementor-top-column elementor-element elementor-element-1d9364b\" data-id=\"1d9364b\" data-element_type=\"column\">\n\t\t\t<div class=\"elementor-widget-wrap elementor-element-populated\">\n\t\t\t\t\t\t<div class=\"elementor-element elementor-element-c9902ad elementor-widget elementor-widget-etheme_advanced_headline\" data-id=\"c9902ad\" data-element_type=\"widget\" data-widget_type=\"etheme_advanced_headline.default\">\n\t\t\t\t<div class=\"elementor-widget-container\">\n\t\t\t        \r\n        <div class=\"etheme-a-h-wrapper elementor-align-center etheme-a-h-line-both etheme-a-h-line-before etheme-a-h-line-after\">\r\n        \r\n                            <span class=\"etheme-a-h-text-before\">\r\n                    A brief guide                <\/span>\r\n            \r\n        <h2 class=\"etheme-advanced-headline\">\r\n\r\n            Cuban cigars and other provenances - myth and hype\r\n        <\/h2>\r\n\t\t\r\n                    \r\n        <\/div>\r\n        \r\n\t\t\t\t<\/div>\n\t\t\t\t<\/div>\n\t\t\t\t<div class=\"elementor-element elementor-element-5c46dfc4 elementor-widget elementor-widget-text-editor\" data-id=\"5c46dfc4\" data-element_type=\"widget\" data-widget_type=\"text-editor.default\">\n\t\t\t\t<div class=\"elementor-widget-container\">\n\t\t\t\t\t\t\t<p>For many people, Cuba is synonymous with salsa, rum and, of course, cigars. Where does this association come from, why is Cuba usually the first thing that comes to mind for many people with an affinity for cigars, and what other cigar-producing countries are there? Are Cuban cigars the best? If this last question is on your mind, we have to disappoint you - WE can't answer that, only YOU can do that for yourself. However, we would like to give you at least a little insight into the different provenances below. The best way to find out which cigars are best for you is to dare to try your way through the many possibilities - to 'travel', so to speak, through the different growing regions. Have fun and enjoy!<\/p><h3>Cigars from Cuba<\/h3><p>There are various reasons why Cuba has a reputation for producing the 'best cigars in the world', some of which date back centuries. Cigar consumption was first documented in the logbooks of the famous navigator Christopher Columbus, who observed natives smoking during the discovery of the New World. At some point, the Europeans brought this stimulant across the pond and thus to Europe. Cuban cigars were therefore at least the first cigars to be available in Europe - and for a long, long time they were the only ones.<\/p><p>Even today, well-known brands such as Cohiba, Montecristo, Romeo y Julieta and H.Upmann have been around for many decades and during this time there have been many events that have contributed to these cigar brands having the reputation of being the 'best in the world'. Romeo y Julieta, for example, became a much sought-after cigar thanks to the famous former British Prime Minister Winston Churchill, in particular the 'Churchill' format, which has since been named after him due to his preference for this format (previously this cigar was called 'Clemenceau'). <br \/>Cohiba is probably the best-known cigar brand in the world and has its prestige not least because of its closely associated history as a state gift, which was only given as a present by the then Cuban President Fidel Castro. For a long time, this cigar was truly exclusive, as it could not be purchased, but only received as a diplomatic gift, for the production of which only the best tobaccos from the great Antilles island were used. This speciality and the exclusivity associated with it are still attached to the brand, although they have also been available for purchase by 'normal' people without diplomatic status since 1982. Cohiba cigars are still made using only the best tobaccos from a harvest, which is why they are priced in the exclusive range. The same applies to the other premium brand 'Trinidad', which replaced Cohiba as a state gift and has only been available for free sale since 1998.\u00a0<br \/>The history of the 'Montecristo' brand is closely linked to the famous novel 'The Count of Monte Cristo' by Alexandre Dumas. According to the story, this novel was the favourite book of the torcedoras and torcedores (cigar rollers) in one of Cuba's cigar factories at the time. In these factories, it is a tradition that not only daily newspapers but also books are read to them during working hours to add variety to their working day. That was the birth of the brand.<\/p><p>As you can see, the history of Cuban cigars goes back a long way, is still very traditional and still handmade. This is also the reason why Cuban cigars are referred to as 'Totalmente a mano' - 100% longfillers made by hand. And last but not least, there is one factor that cannot be duplicated in any other provenance - the 'terroir'. The climatic and geological conditions in Cuba's main growing region of Pinar del Rio (and especially in the famous 'Vuelta Abajo' region) are simply so special and, above all, particularly well suited to tobacco cultivation that Cuban cigars are simply a very special pleasure experience.<\/p>\t\t\t\t\t\t<\/div>\n\t\t\t\t<\/div>\n\t\t\t\t<div class=\"elementor-element elementor-element-a859bc1 elementor-widget elementor-widget-et-custom-products-masonry\" data-id=\"a859bc1\" data-element_type=\"widget\" data-widget_type=\"et-custom-products-masonry.default\">\n\t\t\t\t<div class=\"elementor-widget-container\">\n\t\t\t            <div class=\"etheme-custom-masonry\" data-type=\"1\">\r\n                                    <div class=\"et-masonry-item grid-1\" data-hover=\"zoom-out\" data-content-hover=\"reveal\"\r\n                    >\r\n                                                <a class=\"grid-img\"\r\n                             href=\"https:\/\/www.lcdh-bonn.de\/en\/product\/hoyo-de-monterrey-linea-epicure-epicure-no-2-a-t\/\"\r\n                                                        style=\"background-image: url(' https:\/\/www.lcdh-bonn.de\/wp-content\/uploads\/2022\/08\/HDMENO2AT.1_1.jpg ');\"                             >\r\n                        <\/a>\r\n                        \r\n                        <div class=\"info-box\"><div class=\"info-box-inner\"><h2 class=\"item-name\"><a href=\"https:\/\/www.lcdh-bonn.de\/en\/product\/hoyo-de-monterrey-linea-epicure-epicure-no-2-a-t\/\">Hoyo de Monterrey Linea Epicure Epicure...<\/a><\/h2>\n<a href=\"https:\/\/www.lcdh-bonn.de\/en\/product\/hoyo-de-monterrey-linea-epicure-epicure-no-2-a-t\/\" aria-describedby=\"woocommerce_loop_add_to_cart_link_describedby_25750\" data-quantity=\"1\" class=\"button product_type_variable\" data-product_id=\"25750\" data-product_sku=\"HDMENO2AT\" aria-label=\"Select options for \u201cHoyo de Monterrey Linea Epicure Epicure No.2 A\/T\u201d\" rel=\"nofollow\" data-product_name=\"Hoyo de Monterrey Linea Epicure Epicure No.2 A\/T\" data-no-translation=\"\" data-trp-gettext=\"\" data-no-translation-aria-label=\"\">Read more<\/a>\t<span id=\"woocommerce_loop_add_to_cart_link_describedby_25750\" class=\"screen-reader-text\">\n\t\t\t<\/span>\n<\/div><\/div>                    <\/div>\r\n                                    <div class=\"et-masonry-item grid-2\" data-hover=\"zoom-out\" data-content-hover=\"reveal\"\r\n                    >\r\n                                                <a class=\"grid-img\"\r\n                             href=\"https:\/\/www.lcdh-bonn.de\/en\/product\/romeo-y-julieta-linea-clasica-coronitas-en-cedro\/\"\r\n                                                        style=\"background-image: url(' https:\/\/www.lcdh-bonn.de\/wp-content\/uploads\/2022\/08\/RYJCEC.1_1.jpg ');\"                             >\r\n                        <\/a>\r\n                        \r\n                        <div class=\"info-box\"><div class=\"info-box-inner\"><h2 class=\"item-name\"><a href=\"https:\/\/www.lcdh-bonn.de\/en\/product\/romeo-y-julieta-linea-clasica-coronitas-en-cedro\/\">Romeo y Julieta Linea Clasica Coronitas...<\/a><\/h2>\n<a href=\"https:\/\/www.lcdh-bonn.de\/en\/product\/romeo-y-julieta-linea-clasica-coronitas-en-cedro\/\" aria-describedby=\"woocommerce_loop_add_to_cart_link_describedby_26202\" data-quantity=\"1\" class=\"button product_type_variable\" data-product_id=\"26202\" data-product_sku=\"RYJCEC\" aria-label=\"Select options for \u201cRomeo y Julieta Linea Clasica Coronitas en Cedro\u201d\" rel=\"nofollow\" data-product_name=\"Romeo y Julieta Linea Clasica Coronitas en Cedro\" data-no-translation=\"\" data-trp-gettext=\"\" data-no-translation-aria-label=\"\">Read more<\/a>\t<span id=\"woocommerce_loop_add_to_cart_link_describedby_26202\" class=\"screen-reader-text\">\n\t\t\t<\/span>\n<\/div><\/div>                    <\/div>\r\n                                    <div class=\"et-masonry-item grid-3\" data-hover=\"zoom-out\" data-content-hover=\"reveal\"\r\n                    >\r\n                                                <a class=\"grid-img\"\r\n                             href=\"https:\/\/www.lcdh-bonn.de\/en\/product\/partagas-linea-clasica-petit-coronas-especiales\/\"\r\n                                                        style=\"background-image: url(' https:\/\/www.lcdh-bonn.de\/wp-content\/uploads\/2022\/08\/PAPECORESP.1_1.jpg ');\"                             >\r\n                        <\/a>\r\n                        \r\n                        <div class=\"info-box\"><div class=\"info-box-inner\"><h2 class=\"item-name\"><a href=\"https:\/\/www.lcdh-bonn.de\/en\/product\/partagas-linea-clasica-petit-coronas-especiales\/\">Partagas Linea Clasica Petit Coronas Es...<\/a><\/h2>\n<a href=\"https:\/\/www.lcdh-bonn.de\/en\/product\/partagas-linea-clasica-petit-coronas-especiales\/\" aria-describedby=\"woocommerce_loop_add_to_cart_link_describedby_26040\" data-quantity=\"1\" class=\"button product_type_variable\" data-product_id=\"26040\" data-product_sku=\"PAPECORESP\" aria-label=\"Select options for \u201cPartagas Linea Clasica Petit Coronas Especiales\u201d\" rel=\"nofollow\" data-product_name=\"Partagas Linea Clasica Petit Coronas Especiales\" data-no-translation=\"\" data-trp-gettext=\"\" data-no-translation-aria-label=\"\">Read more<\/a>\t<span id=\"woocommerce_loop_add_to_cart_link_describedby_26040\" class=\"screen-reader-text\">\n\t\t\t<\/span>\n<\/div><\/div>                    <\/div>\r\n                                    <div class=\"et-masonry-item grid-4\" data-hover=\"zoom-out\" data-content-hover=\"reveal\"\r\n                    >\r\n                                                <a class=\"grid-img\"\r\n                             href=\"https:\/\/www.lcdh-bonn.de\/en\/product\/montecristo-linea-clasica-no-4\/\"\r\n                                                                                    >\r\n                        <\/a>\r\n                        \r\n                        <div class=\"info-box\"><div class=\"info-box-inner\"><h2 class=\"item-name\"><a href=\"https:\/\/www.lcdh-bonn.de\/en\/product\/montecristo-linea-clasica-no-4\/\">Montecristo Linea Clasica No.4<\/a><\/h2>\n<a href=\"https:\/\/www.lcdh-bonn.de\/en\/product\/montecristo-linea-clasica-no-4\/\" aria-describedby=\"woocommerce_loop_add_to_cart_link_describedby_25930\" data-quantity=\"1\" class=\"button product_type_variable\" data-product_id=\"25930\" data-product_sku=\"MONO4\" aria-label=\"Select options for \u201cMontecristo Linea Clasica No.4\u201d\" rel=\"nofollow\" data-product_name=\"Montecristo Linea Clasica No.4\" data-no-translation=\"\" data-trp-gettext=\"\" data-no-translation-aria-label=\"\">Read more<\/a>\t<span id=\"woocommerce_loop_add_to_cart_link_describedby_25930\" class=\"screen-reader-text\">\n\t\t\t<\/span>\n<\/div><\/div>                    <\/div>\r\n                                    <div class=\"et-masonry-item grid-5\" data-hover=\"zoom-out\" data-content-hover=\"reveal\"\r\n                    >\r\n                                                <a class=\"grid-img\"\r\n                             href=\"https:\/\/www.lcdh-bonn.de\/en\/product\/quintero-favoritos\/\"\r\n                                                        style=\"background-image: url(' https:\/\/www.lcdh-bonn.de\/wp-content\/uploads\/2022\/08\/QUFAV.1_1.jpg ');\"                             >\r\n                        <\/a>\r\n                        \r\n                        <div class=\"info-box\"><div class=\"info-box-inner\"><h2 class=\"item-name\"><a href=\"https:\/\/www.lcdh-bonn.de\/en\/product\/quintero-favoritos\/\">Quintero Favoritos<\/a><\/h2>\n<a href=\"https:\/\/www.lcdh-bonn.de\/en\/product\/quintero-favoritos\/\" aria-describedby=\"woocommerce_loop_add_to_cart_link_describedby_26147\" data-quantity=\"1\" class=\"button product_type_variable\" data-product_id=\"26147\" data-product_sku=\"QUFAV\" aria-label=\"Select options for \u201cQuintero Favoritos\u201d\" rel=\"nofollow\" data-product_name=\"Quintero Favoritos\" data-no-translation=\"\" data-trp-gettext=\"\" data-no-translation-aria-label=\"\">Read more<\/a>\t<span id=\"woocommerce_loop_add_to_cart_link_describedby_26147\" class=\"screen-reader-text\">\n\t\t\t<\/span>\n<\/div><\/div>                    <\/div>\r\n                            <\/div>\r\n        \t\t<\/div>\n\t\t\t\t<\/div>\n\t\t\t\t<div class=\"elementor-element elementor-element-83e4944 elementor-widget elementor-widget-text-editor\" data-id=\"83e4944\" data-element_type=\"widget\" data-widget_type=\"text-editor.default\">\n\t\t\t\t<div class=\"elementor-widget-container\">\n\t\t\t\t\t\t\t<h3>\u00a0<\/h3><h3>Cigars from Nicaragua<\/h3><p>The climatic conditions in Nicaragua are similar to those in Cuba. Regions of the country are therefore also predestined to produce good tobaccos. Historically, Nicaragua does not have such a long tradition in cigar production, but the country was built up to become one of the big players in cigar production by Cuban exiles in particular. The country is now by far the largest cigar exporter in the world - this is due in particular to the US market, where the import of Cuban products has been banned since the embargo imposed by John F. Kennedy. The Estel\u00ed region in the 'land of a thousand volcanoes' is probably the best-known region for the production of premium tobaccos for cigars. The volcanic rock and very mineral soils combined with the alternating rainy and dry seasons make the region very suitable. Well-known names such as Plasencia, A.J Fernandez and Drew Estate are based there. Cigars from Nicaragua are considered to be light-medium to full-bodied and offer a fantastic selection for both beginners and advanced cigar smokers.<\/p>\t\t\t\t\t\t<\/div>\n\t\t\t\t<\/div>\n\t\t\t\t<div class=\"elementor-element elementor-element-a8b0f2e elementor-widget elementor-widget-text-editor\" data-id=\"a8b0f2e\" data-element_type=\"widget\" data-widget_type=\"text-editor.default\">\n\t\t\t\t<div class=\"elementor-widget-container\">\n\t\t\t\t\t\t\t<p>\u00a0<\/p><h3>Cigars from the Dominican Republic<\/h3><p>The Caribbean country, which is very popular with holidaymakers, was the world's number one cigar producer for a long time, but was recently knocked off the throne by Nicaragua. The country continues to produce some of the best cigars in the world. Large, traditional manufacturers such as Davidoff and Arturo Fuente have been based there for many decades. In general, cigars from the 'Dom Rep' are considered to be rather mild, although stronger blends are now also produced here, such as in the Davidoff Yamasa series.<\/p><p>In addition to these three major growing regions, there are also other provenances where cigar tobacco and cigars are produced. These include Brazil, Mexico, Indonesia, Cameroon, the USA, Panama and others. Each of these regions has its justification and special features. None is better or worse than the other, merely <span style=\"text-decoration: underline;\">different!<\/span> You can only find out which cigars suit you best by trying them. Then you can answer the question for yourself whether cigars from Cuba are really the best in the world.<\/p>\t\t\t\t\t\t<\/div>\n\t\t\t\t<\/div>\n\t\t\t\t\t<\/div>\n\t\t<\/div>\n\t\t\t\t\t<\/div>\n\t\t<\/section>\n\t\t\t\t<section class=\"elementor-section elementor-top-section elementor-element elementor-element-5c881cd1 elementor-section-boxed elementor-section-height-default elementor-section-height-default\" data-id=\"5c881cd1\" data-element_type=\"section\">\n\t\t\t\t\t\t<div class=\"elementor-container elementor-column-gap-default\">\n\t\t\t\t\t<div class=\"elementor-column elementor-col-100 elementor-top-column elementor-element elementor-element-8366d37\" data-id=\"8366d37\" data-element_type=\"column\">\n\t\t\t<div class=\"elementor-widget-wrap\">\n\t\t\t\t\t\t\t<\/div>\n\t\t<\/div>\n\t\t\t\t\t<\/div>\n\t\t<\/section>\n\t\t\t\t<section class=\"elementor-section elementor-top-section elementor-element elementor-element-435d6321 elementor-section-boxed elementor-section-height-default elementor-section-height-default\" data-id=\"435d6321\" data-element_type=\"section\">\n\t\t\t\t\t\t<div class=\"elementor-container elementor-column-gap-default\">\n\t\t\t\t\t<div class=\"elementor-column elementor-col-100 elementor-top-column elementor-element elementor-element-415dc511\" data-id=\"415dc511\" data-element_type=\"column\">\n\t\t\t<div class=\"elementor-widget-wrap elementor-element-populated\">\n\t\t\t\t\t\t<div class=\"elementor-element elementor-element-1bdeed0b elementor-widget elementor-widget-text-editor\" data-id=\"1bdeed0b\" data-element_type=\"widget\" data-widget_type=\"text-editor.default\">\n\t\t\t\t<div class=\"elementor-widget-container\">\n\t\t\t\t\t\t\t<p>If none of the recommended cigars appeal to you, please feel free to contact us - we are available for telephone consultations and are sure to find \"your\" cigar that is waiting to be found by you.<\/p>\t\t\t\t\t\t<\/div>\n\t\t\t\t<\/div>\n\t\t\t\t\t<\/div>\n\t\t<\/div>\n\t\t\t\t\t<\/div>\n\t\t<\/section>\n\t\t\t\t<\/div>","protected":false},"excerpt":{"rendered":"<p>Ein kurzer Ratgeber Kubanische Zigarren und andere Provenienzen &#8211; Mythos und Hype F\u00fcr viele ist Kuba das Synonym f\u00fcr Salsa, Rum und nat\u00fcrlich Zigarren. Woher kommt diese Assoziation, weshalb kommt vielen genussaffinen Menschen beim Stichwort &#8216;Zigarren&#8217; meist als erstes Kuba in den Sinn und was gibt es f\u00fcr weitere zigarrenproduzierende L\u00e4nder? Sind kubanische Zigarren die Besten? Sollte Sie diese, letzte Frage umtreiben, so m\u00fcssen wir Sie entt\u00e4uschen &#8211; das k\u00f6nnen WIR nicht beantworten, das k\u00f6nnen nur SIE f\u00fcr sich ganz&#8230;<\/p>","protected":false},"author":4,"featured_media":0,"parent":0,"menu_order":0,"comment_status":"closed","ping_status":"closed","template":"","meta":{"_acf_changed":false,"footnotes":""},"class_list":["post-32233","page","type-page","status-publish","hentry"],"acf":[],"_links":{"self":[{"href":"https:\/\/www.lcdh-bonn.de\/en\/wp-json\/wp\/v2\/pages\/32233","targetHints":{"allow":["GET"]}}],"collection":[{"href":"https:\/\/www.lcdh-bonn.de\/en\/wp-json\/wp\/v2\/pages"}],"about":[{"href":"https:\/\/www.lcdh-bonn.de\/en\/wp-json\/wp\/v2\/types\/page"}],"author":[{"embeddable":true,"href":"https:\/\/www.lcdh-bonn.de\/en\/wp-json\/wp\/v2\/users\/4"}],"replies":[{"embeddable":true,"href":"https:\/\/www.lcdh-bonn.de\/en\/wp-json\/wp\/v2\/comments?post=32233"}],"version-history":[{"count":9,"href":"https:\/\/www.lcdh-bonn.de\/en\/wp-json\/wp\/v2\/pages\/32233\/revisions"}],"predecessor-version":[{"id":39167,"href":"https:\/\/www.lcdh-bonn.de\/en\/wp-json\/wp\/v2\/pages\/32233\/revisions\/39167"}],"wp:attachment":[{"href":"https:\/\/www.lcdh-bonn.de\/en\/wp-json\/wp\/v2\/media?parent=32233"}],"curies":[{"name":"wp","href":"https:\/\/api.w.org\/{rel}","templated":true}]}}