{"id":4745,"date":"2018-08-13T16:00:48","date_gmt":"2018-08-13T16:00:48","guid":{"rendered":"https:\/\/xstore.8theme.com\/?page_id=4745"},"modified":"2022-03-15T16:27:37","modified_gmt":"2022-03-15T16:27:37","slug":"about-us","status":"publish","type":"page","link":"https:\/\/www.lcdh-bonn.de\/en\/about-us\/","title":{"rendered":"About us"},"content":{"rendered":"<div data-elementor-type=\"wp-page\" data-elementor-id=\"4745\" class=\"elementor elementor-4745\" data-elementor-post-type=\"page\">\n\t\t\t\t\t\t<section class=\"elementor-section elementor-top-section elementor-element elementor-element-18f2aa4 elementor-section-boxed elementor-section-height-default elementor-section-height-default\" data-id=\"18f2aa4\" data-element_type=\"section\">\n\t\t\t\t\t\t<div class=\"elementor-container elementor-column-gap-default\">\n\t\t\t\t\t<div class=\"elementor-column elementor-col-100 elementor-top-column elementor-element elementor-element-c3c5550\" data-id=\"c3c5550\" data-element_type=\"column\">\n\t\t\t<div class=\"elementor-widget-wrap elementor-element-populated\">\n\t\t\t\t\t\t<div class=\"elementor-element elementor-element-5ddfc90 elementor-blockquote--skin-quotation elementor-blockquote--button-color-official elementor-widget elementor-widget-blockquote\" data-id=\"5ddfc90\" data-element_type=\"widget\" data-widget_type=\"blockquote.default\">\n\t\t\t\t<div class=\"elementor-widget-container\">\n\t\t\t\t\t<blockquote class=\"elementor-blockquote\">\n\t\t\t<p class=\"elementor-blockquote__content\">\n\t\t\t\t\"The real luxury of enjoying a cigar is the time you take. Reward yourself with a Caribbean short holiday, a break from the stressful daily routine, 1-2h just for yourself.\"\t\t\t<\/p>\n\t\t\t\t\t\t\t<div class=\"e-q-footer\">\n\t\t\t\t\t\t\t\t\t\t\t<cite class=\"elementor-blockquote__author\">Torger Brunken<\/cite>\n\t\t\t\t\t\t\t\t\t\t\t\t\t\t<\/div>\n\t\t\t\t\t<\/blockquote>\n\t\t\t\t<\/div>\n\t\t\t\t<\/div>\n\t\t\t\t\t<\/div>\n\t\t<\/div>\n\t\t\t\t\t<\/div>\n\t\t<\/section>\n\t\t\t\t<section class=\"elementor-section elementor-top-section elementor-element elementor-element-c2f53f6 elementor-section-boxed elementor-section-height-default elementor-section-height-default\" data-id=\"c2f53f6\" data-element_type=\"section\">\n\t\t\t\t\t\t<div class=\"elementor-container elementor-column-gap-default\">\n\t\t\t\t\t<div class=\"elementor-column elementor-col-100 elementor-top-column elementor-element elementor-element-ab399a1\" data-id=\"ab399a1\" data-element_type=\"column\">\n\t\t\t<div class=\"elementor-widget-wrap\">\n\t\t\t\t\t\t\t<\/div>\n\t\t<\/div>\n\t\t\t\t\t<\/div>\n\t\t<\/section>\n\t\t\t\t<section class=\"elementor-section elementor-top-section elementor-element elementor-element-38d94131 elementor-section-content-middle elementor-section-boxed elementor-section-height-default elementor-section-height-default\" data-id=\"38d94131\" data-element_type=\"section\" data-settings=\"{&quot;background_background&quot;:&quot;classic&quot;}\">\n\t\t\t\t\t\t<div class=\"elementor-container elementor-column-gap-no\">\n\t\t\t\t\t<div class=\"elementor-column elementor-col-33 elementor-top-column elementor-element elementor-element-4b24bdf9\" data-id=\"4b24bdf9\" data-element_type=\"column\">\n\t\t\t<div class=\"elementor-widget-wrap elementor-element-populated\">\n\t\t\t\t\t\t<div class=\"elementor-element elementor-element-615381f6 elementor-widget elementor-widget-heading\" data-id=\"615381f6\" data-element_type=\"widget\" data-widget_type=\"heading.default\">\n\t\t\t\t<div class=\"elementor-widget-container\">\n\t\t\t<h2 class=\"elementor-heading-title elementor-size-default\">Who is behind Cigar Embassy<\/h2>\t\t<\/div>\n\t\t\t\t<\/div>\n\t\t\t\t<div class=\"elementor-element elementor-element-7bea8224 elementor-widget-divider--view-line elementor-widget elementor-widget-divider\" data-id=\"7bea8224\" data-element_type=\"widget\" data-widget_type=\"divider.default\">\n\t\t\t\t<div class=\"elementor-widget-container\">\n\t\t\t\t\t<div class=\"elementor-divider\">\n\t\t\t<span class=\"elementor-divider-separator\">\n\t\t\t\t\t\t<\/span>\n\t\t<\/div>\n\t\t\t\t<\/div>\n\t\t\t\t<\/div>\n\t\t\t\t<div class=\"elementor-element elementor-element-cbf316c elementor-widget elementor-widget-text-editor\" data-id=\"cbf316c\" data-element_type=\"widget\" data-widget_type=\"text-editor.default\">\n\t\t\t\t<div class=\"elementor-widget-container\">\n\t\t\t\t\t\t\t<p>The Cigar Embassy was founded by Torger Brunken. He is a pleasure ambassador and is the owner of the leading specialist cigar shop in the international city of Bonn:<\/p>\t\t\t\t\t\t<\/div>\n\t\t\t\t<\/div>\n\t\t\t\t<div class=\"elementor-element elementor-element-89e0d6a elementor-widget elementor-widget-image\" data-id=\"89e0d6a\" data-element_type=\"widget\" data-widget_type=\"image.default\">\n\t\t\t\t<div class=\"elementor-widget-container\">\n\t\t\t\t\t\t\t\t\t\t\t\t\t\t<a href=\"https:\/\/www.lcdh-bonn.de\/wp-content\/uploads\/2021\/11\/AboutTB.1_Portraitv1.jpg\" data-elementor-open-lightbox=\"yes\" data-elementor-lightbox-title=\"Torger Brunken, Inhaber Cigar Embassy\" data-e-action-hash=\"#elementor-action%3Aaction%3Dlightbox%26settings%3DeyJpZCI6MjY5NTksInVybCI6Imh0dHBzOlwvXC93d3cubGNkaC1ib25uLmRlXC93cC1jb250ZW50XC91cGxvYWRzXC8yMDIxXC8xMVwvQWJvdXRUQi4xX1BvcnRyYWl0djEuanBnIn0%3D\">\n\t\t\t\t\t\t\t<img fetchpriority=\"high\" decoding=\"async\" width=\"825\" height=\"984\" src=\"https:\/\/www.lcdh-bonn.de\/wp-content\/uploads\/2021\/11\/AboutTB.1_Portraitv1.jpg\" class=\"attachment-full size-full wp-image-26959\" alt=\"Torger Brunken Inhaber\" srcset=\"https:\/\/www.lcdh-bonn.de\/wp-content\/uploads\/2021\/11\/AboutTB.1_Portraitv1.jpg 825w, https:\/\/www.lcdh-bonn.de\/wp-content\/uploads\/2021\/11\/AboutTB.1_Portraitv1-252x300.jpg 252w, https:\/\/www.lcdh-bonn.de\/wp-content\/uploads\/2021\/11\/AboutTB.1_Portraitv1-768x916.jpg 768w, https:\/\/www.lcdh-bonn.de\/wp-content\/uploads\/2021\/11\/AboutTB.1_Portraitv1-10x12.jpg 10w, https:\/\/www.lcdh-bonn.de\/wp-content\/uploads\/2021\/11\/AboutTB.1_Portraitv1-8x10.jpg 8w, https:\/\/www.lcdh-bonn.de\/wp-content\/uploads\/2021\/11\/AboutTB.1_Portraitv1-300x358.jpg 300w, https:\/\/www.lcdh-bonn.de\/wp-content\/uploads\/2021\/11\/AboutTB.1_Portraitv1-600x716.jpg 600w\" sizes=\"(max-width: 825px) 100vw, 825px\" \/>\t\t\t\t\t\t\t\t<\/a>\n\t\t\t\t\t\t\t\t\t\t\t\t\t<\/div>\n\t\t\t\t<\/div>\n\t\t\t\t<div class=\"elementor-element elementor-element-00a7d93 elementor-widget elementor-widget-text-editor\" data-id=\"00a7d93\" data-element_type=\"widget\" data-widget_type=\"text-editor.default\">\n\t\t\t\t<div class=\"elementor-widget-container\">\n\t\t\t\t\t\t\t<p><em>\"Cigars have been my passion since my youth. I've been smoking cigars since the late 1990s and have been professionally involved with this wonderful stimulant for over 15 years - now finally in Bonn!\"<\/em><\/p>\t\t\t\t\t\t<\/div>\n\t\t\t\t<\/div>\n\t\t\t\t\t<\/div>\n\t\t<\/div>\n\t\t\t\t<div class=\"elementor-column elementor-col-33 elementor-top-column elementor-element elementor-element-78389ed2\" data-id=\"78389ed2\" data-element_type=\"column\">\n\t\t\t<div class=\"elementor-widget-wrap elementor-element-populated\">\n\t\t\t\t\t\t<div class=\"elementor-element elementor-element-c61b2ec elementor-widget elementor-widget-text-editor\" data-id=\"c61b2ec\" data-element_type=\"widget\" data-widget_type=\"text-editor.default\">\n\t\t\t\t<div class=\"elementor-widget-container\">\n\t\t\t\t\t\t\t<p>In recent years, he has travelled extensively to the Caribbean growing regions, educated himself and immersed himself ever more deeply in the subject matter and intricacies of cigar making.<\/p>\t\t\t\t\t\t<\/div>\n\t\t\t\t<\/div>\n\t\t\t\t<div class=\"elementor-element elementor-element-4edc7e20 elementor-widget elementor-widget-text-editor\" data-id=\"4edc7e20\" data-element_type=\"widget\" data-widget_type=\"text-editor.default\">\n\t\t\t\t<div class=\"elementor-widget-container\">\n\t\t\t\t\t\t\t<p>He has been on site at every stage of the value chain - from tobacco seed, cultivation, harvest and refinement to the finished cigar.\u00a0<\/p>\t\t\t\t\t\t<\/div>\n\t\t\t\t<\/div>\n\t\t\t\t<div class=\"elementor-element elementor-element-cc1f914 elementor-widget elementor-widget-image\" data-id=\"cc1f914\" data-element_type=\"widget\" data-widget_type=\"image.default\">\n\t\t\t\t<div class=\"elementor-widget-container\">\n\t\t\t\t\t\t\t\t\t\t\t\t\t\t<a href=\"https:\/\/www.lcdh-bonn.de\/wp-content\/uploads\/2021\/11\/AboutTB.3_DilpomaHSA.jpg\" data-elementor-open-lightbox=\"yes\" data-e-action-hash=\"#elementor-action%3Aaction%3Dlightbox%26settings%3DeyJpZCI6MjY5NTcsInVybCI6Imh0dHBzOlwvXC93d3cubGNkaC1ib25uLmRlXC93cC1jb250ZW50XC91cGxvYWRzXC8yMDIxXC8xMVwvQWJvdXRUQi4zX0RpbHBvbWFIU0EuanBnIn0%3D\">\n\t\t\t\t\t\t\t<img decoding=\"async\" width=\"1694\" height=\"1219\" src=\"https:\/\/www.lcdh-bonn.de\/wp-content\/uploads\/2021\/11\/AboutTB.3_DilpomaHSA.jpg\" class=\"attachment-full size-full wp-image-26957\" alt=\"Diploma Habanos S.A.\" srcset=\"https:\/\/www.lcdh-bonn.de\/wp-content\/uploads\/2021\/11\/AboutTB.3_DilpomaHSA.jpg 1694w, https:\/\/www.lcdh-bonn.de\/wp-content\/uploads\/2021\/11\/AboutTB.3_DilpomaHSA-300x216.jpg 300w, https:\/\/www.lcdh-bonn.de\/wp-content\/uploads\/2021\/11\/AboutTB.3_DilpomaHSA-1024x737.jpg 1024w, https:\/\/www.lcdh-bonn.de\/wp-content\/uploads\/2021\/11\/AboutTB.3_DilpomaHSA-768x553.jpg 768w, https:\/\/www.lcdh-bonn.de\/wp-content\/uploads\/2021\/11\/AboutTB.3_DilpomaHSA-1536x1105.jpg 1536w, https:\/\/www.lcdh-bonn.de\/wp-content\/uploads\/2021\/11\/AboutTB.3_DilpomaHSA-18x12.jpg 18w, https:\/\/www.lcdh-bonn.de\/wp-content\/uploads\/2021\/11\/AboutTB.3_DilpomaHSA-10x7.jpg 10w, https:\/\/www.lcdh-bonn.de\/wp-content\/uploads\/2021\/11\/AboutTB.3_DilpomaHSA-1320x950.jpg 1320w, https:\/\/www.lcdh-bonn.de\/wp-content\/uploads\/2021\/11\/AboutTB.3_DilpomaHSA-600x432.jpg 600w\" sizes=\"(max-width: 1694px) 100vw, 1694px\" \/>\t\t\t\t\t\t\t\t<\/a>\n\t\t\t\t\t\t\t\t\t\t\t\t\t<\/div>\n\t\t\t\t<\/div>\n\t\t\t\t\t<\/div>\n\t\t<\/div>\n\t\t\t\t<div class=\"elementor-column elementor-col-33 elementor-top-column elementor-element elementor-element-7849ac7f\" data-id=\"7849ac7f\" data-element_type=\"column\">\n\t\t\t<div class=\"elementor-widget-wrap elementor-element-populated\">\n\t\t\t\t\t\t<div class=\"elementor-element elementor-element-689a0227 elementor-widget elementor-widget-image\" data-id=\"689a0227\" data-element_type=\"widget\" data-widget_type=\"image.default\">\n\t\t\t\t<div class=\"elementor-widget-container\">\n\t\t\t\t\t\t\t\t\t\t\t\t\t\t<a href=\"https:\/\/www.lcdh-bonn.de\/wp-content\/uploads\/2021\/11\/AboutTB.2_ER11.jpg\" data-elementor-open-lightbox=\"yes\" data-e-action-hash=\"#elementor-action%3Aaction%3Dlightbox%26settings%3DeyJpZCI6MjY5NTYsInVybCI6Imh0dHBzOlwvXC93d3cubGNkaC1ib25uLmRlXC93cC1jb250ZW50XC91cGxvYWRzXC8yMDIxXC8xMVwvQWJvdXRUQi4yX0VSMTEuanBnIn0%3D\">\n\t\t\t\t\t\t\t<img decoding=\"async\" width=\"1015\" height=\"1129\" src=\"https:\/\/www.lcdh-bonn.de\/wp-content\/uploads\/2021\/11\/AboutTB.2_ER11.jpg\" class=\"attachment-full size-full wp-image-26956\" alt=\"Torger Brunken Deutsche Tabakzeitung Edicion Regional\" srcset=\"https:\/\/www.lcdh-bonn.de\/wp-content\/uploads\/2021\/11\/AboutTB.2_ER11.jpg 1015w, https:\/\/www.lcdh-bonn.de\/wp-content\/uploads\/2021\/11\/AboutTB.2_ER11-270x300.jpg 270w, https:\/\/www.lcdh-bonn.de\/wp-content\/uploads\/2021\/11\/AboutTB.2_ER11-921x1024.jpg 921w, https:\/\/www.lcdh-bonn.de\/wp-content\/uploads\/2021\/11\/AboutTB.2_ER11-768x854.jpg 768w, https:\/\/www.lcdh-bonn.de\/wp-content\/uploads\/2021\/11\/AboutTB.2_ER11-11x12.jpg 11w, https:\/\/www.lcdh-bonn.de\/wp-content\/uploads\/2021\/11\/AboutTB.2_ER11-10x10.jpg 10w, https:\/\/www.lcdh-bonn.de\/wp-content\/uploads\/2021\/11\/AboutTB.2_ER11-300x334.jpg 300w, https:\/\/www.lcdh-bonn.de\/wp-content\/uploads\/2021\/11\/AboutTB.2_ER11-600x667.jpg 600w\" sizes=\"(max-width: 1015px) 100vw, 1015px\" \/>\t\t\t\t\t\t\t\t<\/a>\n\t\t\t\t\t\t\t\t\t\t\t\t\t<\/div>\n\t\t\t\t<\/div>\n\t\t\t\t<div class=\"elementor-element elementor-element-7023d8d elementor-widget elementor-widget-text-editor\" data-id=\"7023d8d\" data-element_type=\"widget\" data-widget_type=\"text-editor.default\">\n\t\t\t\t<div class=\"elementor-widget-container\">\n\t\t\t\t\t\t\t<p>He has visited more than 40 international trade fairs and events, always keeps himself informed and up to date. His expertise on cigars and professional cigar storage has already been booked at international events. Now he regularly shares his knowledge in seminars at the Cigar Embassy in Bonn!<\/p><p><em>\"I would be happy to accompany you, as a person with an affinity for enjoyment, on your journey from beginner to expert\/ambassador. But even as a collector, you will always find interesting specialities at the Cigar Embassy.\"<\/em><\/p>\t\t\t\t\t\t<\/div>\n\t\t\t\t<\/div>\n\t\t\t\t\t<\/div>\n\t\t<\/div>\n\t\t\t\t\t<\/div>\n\t\t<\/section>\n\t\t\t\t<section class=\"elementor-section elementor-top-section elementor-element elementor-element-3c36e98 elementor-section-stretched elementor-section-boxed elementor-section-height-default elementor-section-height-default\" data-id=\"3c36e98\" data-element_type=\"section\" data-settings=\"{&quot;stretch_section&quot;:&quot;section-stretched&quot;,&quot;background_background&quot;:&quot;classic&quot;}\">\n\t\t\t\t\t\t<div class=\"elementor-container elementor-column-gap-default\">\n\t\t\t\t\t<div class=\"elementor-column elementor-col-100 elementor-top-column elementor-element elementor-element-a7e05aa\" data-id=\"a7e05aa\" data-element_type=\"column\">\n\t\t\t<div class=\"elementor-widget-wrap elementor-element-populated\">\n\t\t\t\t\t\t<div class=\"elementor-element elementor-element-aff2001 elementor-widget elementor-widget-text-editor\" data-id=\"aff2001\" data-element_type=\"widget\" data-widget_type=\"text-editor.default\">\n\t\t\t\t<div class=\"elementor-widget-container\">\n\t\t\t\t\t\t\t<p>The subtle difference<\/p>\t\t\t\t\t\t<\/div>\n\t\t\t\t<\/div>\n\t\t\t\t<div class=\"elementor-element elementor-element-7234fa1 elementor-widget elementor-widget-heading\" data-id=\"7234fa1\" data-element_type=\"widget\" data-widget_type=\"heading.default\">\n\t\t\t\t<div class=\"elementor-widget-container\">\n\t\t\t<h2 class=\"elementor-heading-title elementor-size-default\">What distinguishes us<\/h2>\t\t<\/div>\n\t\t\t\t<\/div>\n\t\t\t\t<div class=\"elementor-element elementor-element-9f8325d elementor-widget-divider--view-line elementor-widget elementor-widget-divider\" data-id=\"9f8325d\" data-element_type=\"widget\" data-widget_type=\"divider.default\">\n\t\t\t\t<div class=\"elementor-widget-container\">\n\t\t\t\t\t<div class=\"elementor-divider\">\n\t\t\t<span class=\"elementor-divider-separator\">\n\t\t\t\t\t\t<\/span>\n\t\t<\/div>\n\t\t\t\t<\/div>\n\t\t\t\t<\/div>\n\t\t\t\t\t<\/div>\n\t\t<\/div>\n\t\t\t\t\t<\/div>\n\t\t<\/section>\n\t\t\t\t<section class=\"elementor-section elementor-top-section elementor-element elementor-element-4d715e24 elementor-section-stretched elementor-section-boxed elementor-section-height-default elementor-section-height-default\" data-id=\"4d715e24\" data-element_type=\"section\" data-settings=\"{&quot;stretch_section&quot;:&quot;section-stretched&quot;,&quot;background_background&quot;:&quot;classic&quot;}\">\n\t\t\t\t\t\t<div class=\"elementor-container elementor-column-gap-no\">\n\t\t\t\t\t<div class=\"elementor-column elementor-col-33 elementor-top-column elementor-element elementor-element-16cba7b7\" data-id=\"16cba7b7\" data-element_type=\"column\" data-settings=\"{&quot;animation&quot;:&quot;none&quot;}\">\n\t\t\t<div class=\"elementor-widget-wrap elementor-element-populated\">\n\t\t\t\t\t\t<div class=\"elementor-element elementor-element-1ef2f999 elementor-widget elementor-widget-heading\" data-id=\"1ef2f999\" data-element_type=\"widget\" data-widget_type=\"heading.default\">\n\t\t\t\t<div class=\"elementor-widget-container\">\n\t\t\t<h3 class=\"elementor-heading-title elementor-size-default\">Specialists<\/h3>\t\t<\/div>\n\t\t\t\t<\/div>\n\t\t\t\t<div class=\"elementor-element elementor-element-7754df54 elementor-widget elementor-widget-text-editor\" data-id=\"7754df54\" data-element_type=\"widget\" data-widget_type=\"text-editor.default\">\n\t\t\t\t<div class=\"elementor-widget-container\">\n\t\t\t\t\t\t\t<p>The Cigar Embassy is an explicit specialist shop for premium cigars! You will not find cigarettes, shisha, e-cigarettes or a lottery assortment here. Instead, it's all about the pleasure of enjoyment.<\/p>\t\t\t\t\t\t<\/div>\n\t\t\t\t<\/div>\n\t\t\t\t\t<\/div>\n\t\t<\/div>\n\t\t\t\t<div class=\"elementor-column elementor-col-33 elementor-top-column elementor-element elementor-element-3e461fe2\" data-id=\"3e461fe2\" data-element_type=\"column\" data-settings=\"{&quot;animation&quot;:&quot;none&quot;}\">\n\t\t\t<div class=\"elementor-widget-wrap elementor-element-populated\">\n\t\t\t\t\t\t<div class=\"elementor-element elementor-element-7989497 elementor-widget elementor-widget-heading\" data-id=\"7989497\" data-element_type=\"widget\" data-widget_type=\"heading.default\">\n\t\t\t\t<div class=\"elementor-widget-container\">\n\t\t\t<h3 class=\"elementor-heading-title elementor-size-default\">The selection<\/h3>\t\t<\/div>\n\t\t\t\t<\/div>\n\t\t\t\t<div class=\"elementor-element elementor-element-ee1eb3d elementor-widget elementor-widget-text-editor\" data-id=\"ee1eb3d\" data-element_type=\"widget\" data-widget_type=\"text-editor.default\">\n\t\t\t\t<div class=\"elementor-widget-container\">\n\t\t\t\t\t\t\t<p>You will find everything to do with cigars on a spacious, light-flooded 140m\u00b2: more than 20,000 cigars in the 25m\u00b2 walk-in humidor, cigar accessories (humidors, cases, cutters, high-quality lighters) but also an inviting cigar lounge with comfortable armchairs, suitable music, a small library with cigar and pleasure literature and the company of like-minded people.<\/p>\t\t\t\t\t\t<\/div>\n\t\t\t\t<\/div>\n\t\t\t\t\t<\/div>\n\t\t<\/div>\n\t\t\t\t<div class=\"elementor-column elementor-col-33 elementor-top-column elementor-element elementor-element-49f18ad6\" data-id=\"49f18ad6\" data-element_type=\"column\" data-settings=\"{&quot;animation&quot;:&quot;none&quot;}\">\n\t\t\t<div class=\"elementor-widget-wrap elementor-element-populated\">\n\t\t\t\t\t\t<div class=\"elementor-element elementor-element-19ec766 elementor-widget elementor-widget-heading\" data-id=\"19ec766\" data-element_type=\"widget\" data-widget_type=\"heading.default\">\n\t\t\t\t<div class=\"elementor-widget-container\">\n\t\t\t<h3 class=\"elementor-heading-title elementor-size-default\">Expertise<\/h3>\t\t<\/div>\n\t\t\t\t<\/div>\n\t\t\t\t<div class=\"elementor-element elementor-element-8967762 elementor-widget elementor-widget-text-editor\" data-id=\"8967762\" data-element_type=\"widget\" data-widget_type=\"text-editor.default\">\n\t\t\t\t<div class=\"elementor-widget-container\">\n\t\t\t\t\t\t\t<p>Premium cigars are our passion. At the Cigar Embassy you will meet <span style=\"text-decoration: underline;\">Advisor<\/span>not on salespeople. Ask questions, tell them. Through many years of experience, together we will find exactly your product!<\/p>\t\t\t\t\t\t<\/div>\n\t\t\t\t<\/div>\n\t\t\t\t\t<\/div>\n\t\t<\/div>\n\t\t\t\t\t<\/div>\n\t\t<\/section>\n\t\t\t\t<section class=\"elementor-section elementor-top-section elementor-element elementor-element-1da753ba elementor-section-content-middle elementor-reverse-mobile elementor-section-boxed elementor-section-height-default elementor-section-height-default\" data-id=\"1da753ba\" data-element_type=\"section\" data-settings=\"{&quot;background_background&quot;:&quot;classic&quot;}\">\n\t\t\t\t\t\t<div class=\"elementor-container elementor-column-gap-no\">\n\t\t\t\t\t<div class=\"elementor-column elementor-col-50 elementor-top-column elementor-element elementor-element-6dd45226\" data-id=\"6dd45226\" data-element_type=\"column\">\n\t\t\t<div class=\"elementor-widget-wrap elementor-element-populated\">\n\t\t\t\t\t\t<div class=\"elementor-element elementor-element-5601efc elementor-widget elementor-widget-image\" data-id=\"5601efc\" data-element_type=\"widget\" data-widget_type=\"image.default\">\n\t\t\t\t<div class=\"elementor-widget-container\">\n\t\t\t\t\t\t\t\t\t\t\t\t\t\t<a href=\"https:\/\/www.lcdh-bonn.de\/wp-content\/uploads\/2021\/11\/AboutTB.4_DiplomaFdH-scaled.jpg\" data-elementor-open-lightbox=\"yes\" data-e-action-hash=\"#elementor-action%3Aaction%3Dlightbox%26settings%3DeyJpZCI6MjY5NTgsInVybCI6Imh0dHBzOlwvXC93d3cubGNkaC1ib25uLmRlXC93cC1jb250ZW50XC91cGxvYWRzXC8yMDIxXC8xMVwvQWJvdXRUQi40X0RpcGxvbWFGZEgtc2NhbGVkLmpwZyJ9\">\n\t\t\t\t\t\t\t<img loading=\"lazy\" decoding=\"async\" width=\"212\" height=\"300\" src=\"https:\/\/www.lcdh-bonn.de\/wp-content\/uploads\/2021\/11\/AboutTB.4_DiplomaFdH-212x300.jpg\" class=\"attachment-medium size-medium wp-image-26958\" alt=\"\u00dcber Torger Brunken Festival del Habano\" srcset=\"https:\/\/www.lcdh-bonn.de\/wp-content\/uploads\/2021\/11\/AboutTB.4_DiplomaFdH-212x300.jpg 212w, https:\/\/www.lcdh-bonn.de\/wp-content\/uploads\/2021\/11\/AboutTB.4_DiplomaFdH-724x1024.jpg 724w, https:\/\/www.lcdh-bonn.de\/wp-content\/uploads\/2021\/11\/AboutTB.4_DiplomaFdH-768x1086.jpg 768w, https:\/\/www.lcdh-bonn.de\/wp-content\/uploads\/2021\/11\/AboutTB.4_DiplomaFdH-1086x1536.jpg 1086w, https:\/\/www.lcdh-bonn.de\/wp-content\/uploads\/2021\/11\/AboutTB.4_DiplomaFdH-1448x2048.jpg 1448w, https:\/\/www.lcdh-bonn.de\/wp-content\/uploads\/2021\/11\/AboutTB.4_DiplomaFdH-8x12.jpg 8w, https:\/\/www.lcdh-bonn.de\/wp-content\/uploads\/2021\/11\/AboutTB.4_DiplomaFdH-7x10.jpg 7w, https:\/\/www.lcdh-bonn.de\/wp-content\/uploads\/2021\/11\/AboutTB.4_DiplomaFdH-1320x1866.jpg 1320w, https:\/\/www.lcdh-bonn.de\/wp-content\/uploads\/2021\/11\/AboutTB.4_DiplomaFdH-300x424.jpg 300w, https:\/\/www.lcdh-bonn.de\/wp-content\/uploads\/2021\/11\/AboutTB.4_DiplomaFdH-600x848.jpg 600w, https:\/\/www.lcdh-bonn.de\/wp-content\/uploads\/2021\/11\/AboutTB.4_DiplomaFdH-scaled.jpg 1811w\" sizes=\"(max-width: 212px) 100vw, 212px\" \/>\t\t\t\t\t\t\t\t<\/a>\n\t\t\t\t\t\t\t\t\t\t\t\t\t<\/div>\n\t\t\t\t<\/div>\n\t\t\t\t\t<\/div>\n\t\t<\/div>\n\t\t\t\t<div class=\"elementor-column elementor-col-50 elementor-top-column elementor-element elementor-element-7a5e8800\" data-id=\"7a5e8800\" data-element_type=\"column\">\n\t\t\t<div class=\"elementor-widget-wrap elementor-element-populated\">\n\t\t\t\t\t\t<div class=\"elementor-element elementor-element-6e772c7 elementor-widget elementor-widget-heading\" data-id=\"6e772c7\" data-element_type=\"widget\" data-widget_type=\"heading.default\">\n\t\t\t\t<div class=\"elementor-widget-container\">\n\t\t\t<h2 class=\"elementor-heading-title elementor-size-default\">Passion<\/h2>\t\t<\/div>\n\t\t\t\t<\/div>\n\t\t\t\t<div class=\"elementor-element elementor-element-ee2479f elementor-widget-divider--view-line elementor-widget elementor-widget-divider\" data-id=\"ee2479f\" data-element_type=\"widget\" data-widget_type=\"divider.default\">\n\t\t\t\t<div class=\"elementor-widget-container\">\n\t\t\t\t\t<div class=\"elementor-divider\">\n\t\t\t<span class=\"elementor-divider-separator\">\n\t\t\t\t\t\t<\/span>\n\t\t<\/div>\n\t\t\t\t<\/div>\n\t\t\t\t<\/div>\n\t\t\t\t<div class=\"elementor-element elementor-element-a7248e0 elementor-widget elementor-widget-text-editor\" data-id=\"a7248e0\" data-element_type=\"widget\" data-widget_type=\"text-editor.default\">\n\t\t\t\t<div class=\"elementor-widget-container\">\n\t\t\t\t\t\t\t<p>During numerous trips to the annual Festival del Habano, I was able to deepen my knowledge of my passion in in-depth seminars. It is a great pleasure to exchange ideas and make friends with so many like-minded people from all over the world.\u00a0<\/p>\t\t\t\t\t\t<\/div>\n\t\t\t\t<\/div>\n\t\t\t\t\t<\/div>\n\t\t<\/div>\n\t\t\t\t\t<\/div>\n\t\t<\/section>\n\t\t\t\t<section class=\"elementor-section elementor-top-section elementor-element elementor-element-4a54f25 elementor-section-boxed elementor-section-height-default elementor-section-height-default\" data-id=\"4a54f25\" data-element_type=\"section\">\n\t\t\t\t\t\t<div class=\"elementor-container elementor-column-gap-default\">\n\t\t\t\t\t<div class=\"elementor-column elementor-col-100 elementor-top-column elementor-element elementor-element-aca0b6b\" data-id=\"aca0b6b\" data-element_type=\"column\">\n\t\t\t<div class=\"elementor-widget-wrap elementor-element-populated\">\n\t\t\t\t\t\t<div class=\"elementor-element elementor-element-109aa9e elementor-blockquote--skin-border elementor-blockquote--button-color-official elementor-widget elementor-widget-blockquote\" data-id=\"109aa9e\" data-element_type=\"widget\" data-widget_type=\"blockquote.default\">\n\t\t\t\t<div class=\"elementor-widget-container\">\n\t\t\t\t\t<blockquote class=\"elementor-blockquote\">\n\t\t\t<p class=\"elementor-blockquote__content\">\n\t\t\t\tCigars are a socialisation medium that makes reservations, borders and hurdles disappear. At the Cigar Embassy, workers meet top managers and talk shop at eye level over cigars and other things. \t\t\t<\/p>\n\t\t\t\t\t\t\t<div class=\"e-q-footer\">\n\t\t\t\t\t\t\t\t\t\t\t<cite class=\"elementor-blockquote__author\">An ambassador<\/cite>\n\t\t\t\t\t\t\t\t\t\t\t\t\t\t<\/div>\n\t\t\t\t\t<\/blockquote>\n\t\t\t\t<\/div>\n\t\t\t\t<\/div>\n\t\t\t\t\t<\/div>\n\t\t<\/div>\n\t\t\t\t\t<\/div>\n\t\t<\/section>\n\t\t\t\t<\/div>","protected":false},"excerpt":{"rendered":"<p>&#8220;Der eigentliche Luxus am Zigarrengenuss ist die Zeit, die man sich nimmt. Belohnen Sie sich mit einem karibischen Kurzurlaub, eine Auszeit vom stressigen Alltag, 1-2h nur f\u00fcr sich.&#8221; Torger Brunken Wer steckt hinter Cigar Embassy Die Cigar Embassy (zu Deutsch \u201eZigarrenbotschaft\u201c) wurde von Torger Brunken gegr\u00fcndet. Er ist Genussbotschafter und ist Inhaber des f\u00fchrenden Zigarrenfachgesch\u00e4ft in der internationalen Stadt Bonn: &#8220;Zigarren sind bereits seit meiner Jugend meine Passion. Ich rauche seit Ende der 1990er-Jahre Zigarren und besch\u00e4ftige mich bereits seit&#8230;<\/p>","protected":false},"author":1,"featured_media":0,"parent":0,"menu_order":0,"comment_status":"closed","ping_status":"closed","template":"","meta":{"_acf_changed":false,"footnotes":""},"class_list":["post-4745","page","type-page","status-publish","hentry"],"acf":[],"_links":{"self":[{"href":"https:\/\/www.lcdh-bonn.de\/en\/wp-json\/wp\/v2\/pages\/4745","targetHints":{"allow":["GET"]}}],"collection":[{"href":"https:\/\/www.lcdh-bonn.de\/en\/wp-json\/wp\/v2\/pages"}],"about":[{"href":"https:\/\/www.lcdh-bonn.de\/en\/wp-json\/wp\/v2\/types\/page"}],"author":[{"embeddable":true,"href":"https:\/\/www.lcdh-bonn.de\/en\/wp-json\/wp\/v2\/users\/1"}],"replies":[{"embeddable":true,"href":"https:\/\/www.lcdh-bonn.de\/en\/wp-json\/wp\/v2\/comments?post=4745"}],"version-history":[{"count":49,"href":"https:\/\/www.lcdh-bonn.de\/en\/wp-json\/wp\/v2\/pages\/4745\/revisions"}],"predecessor-version":[{"id":31277,"href":"https:\/\/www.lcdh-bonn.de\/en\/wp-json\/wp\/v2\/pages\/4745\/revisions\/31277"}],"wp:attachment":[{"href":"https:\/\/www.lcdh-bonn.de\/en\/wp-json\/wp\/v2\/media?parent=4745"}],"curies":[{"name":"wp","href":"https:\/\/api.w.org\/{rel}","templated":true}]}}