{"id":25547,"date":"2022-08-02T19:53:34","date_gmt":"2022-08-02T17:53:34","guid":{"rendered":"https:\/\/torbru.athene.wpspace.me\/product\/bolivar-royal-coronas\/"},"modified":"2026-02-26T14:12:02","modified_gmt":"2026-02-26T12:12:02","slug":"bolivar-royal-coronas","status":"publish","type":"product","link":"https:\/\/www.lcdh-bonn.de\/en\/product\/bolivar-royal-coronas\/","title":{"rendered":"Bolivar Royal Coronas"},"content":{"rendered":"<p>Die Bolivar Royal Coronas verk\u00f6rpert die Essenz kubanischer Zigarrenkunst im beliebten Robustos-Format. Mit einer L\u00e4nge von 124 mm und einem Ringma\u00df von 50 pr\u00e4sentiert sie sich als idealer Begleiter f\u00fcr einen ausgedehnten Smoke von etwa 45-60 Minuten.<\/p>\n<p>Diese vollmundige Habano wird ausschlie\u00dflich aus erlesenen Tabaken der Vuelta Abajo Region gefertigt. Kenner sch\u00e4tzen sie f\u00fcr ihre markante St\u00e4rke und komplexe Aromatik.<\/p>\n<div style=\"text-align: center;\">\n<ul style=\"display: inline-block; text-align: left;\">\n\u2022 Format: Robustos<br \/>\n\u2022 L\u00e4nge: 124 mm<br \/>\n\u2022 Ringma\u00df: 50<br \/>\n\u2022 St\u00e4rke: Kr\u00e4ftig<br \/>\n\u2022 Herkunft: Kuba, Vuelta Abajo<br \/>\n\u2022 Rauchdauer: 45-60 Minuten<br \/>\n\u2022 Verpackung: 25er Kiste, Einzeln\n<\/ul>\n<\/div>\n<p>Erfahrene Aficionados berichten von einem intensiven Geschmackserlebnis mit Noten von dunkler Schokolade, ger\u00f6steten N\u00fcssen und w\u00fcrzigem Leder. Im Rauchverlauf entwickelt sich eine harmonische Balance zwischen Kraft und Finesse.<\/p>\n<p>Die 1902 gegr\u00fcndete Marke Bolivar, benannt nach dem s\u00fcdamerikanischen Freiheitsk\u00e4mpfer Simon Bolivar, steht traditionell f\u00fcr kr\u00e4ftige Zigarren mit ausgepr\u00e4gtem Charakter. Die Royal Coronas eignet sich besonders f\u00fcr entspannte Abendstunden oder als kr\u00f6nender Abschluss eines gelungenen Dinners.<\/p>\n<p>Hersteller-\/Inverkehrbringerinformation:<br \/>\n5THAVENUE Products Trading-GmbH<br \/>\nSchwarzenbergstra\u00dfe 3-7<br \/>\nD-79761 Waldshut-Tiengen<br \/>\ninfo@5thAvenue.de<\/p>","protected":false},"excerpt":{"rendered":"<p>Die Bolivar Royal Coronas verk\u00f6rpert die Essenz kubanischer Zigarrenkunst im beliebten Robustos-Format. Mit einer L\u00e4nge von 124 mm und einem Ringma\u00df von 50 pr\u00e4sentiert sie sich als idealer Begleiter f\u00fcr einen ausgedehnten Smoke von etwa 45-60 Minuten. Diese vollmundige Habano wird ausschlie\u00dflich aus erlesenen Tabaken der Vuelta Abajo Region gefertigt. Kenner sch\u00e4tzen sie f\u00fcr ihre markante St\u00e4rke und komplexe Aromatik. \u2022 Format: Robustos \u2022 L\u00e4nge: 124 mm \u2022 Ringma\u00df: 50 \u2022 St\u00e4rke: Kr\u00e4ftig \u2022 Herkunft: Kuba, Vuelta Abajo \u2022 Rauchdauer:&#8230;<\/p>","protected":false},"featured_media":35453,"comment_status":"closed","ping_status":"closed","template":"","meta":{"_acf_changed":false},"etheme_brands":[{"term_id":185,"name":"Bolivar","slug":"bolivar","term_group":0,"term_taxonomy_id":185,"taxonomy":"brand","description":"[elementor-template id=\"15563\"]","parent":0,"count":5,"filter":"raw"}],"product_cat":[168,169,139],"product_tag":[],"class_list":{"0":"post-25547","1":"product","2":"type-product","3":"status-publish","4":"has-post-thumbnail","6":"brand-bolivar","7":"product_cat-zigarren","8":"product_cat-cuba","9":"product_cat-bolivar","10":"pa_laenge-778","11":"pa_orderable-no","12":"pa_ringmass-1180","13":"pa_verpackungseinheit-25er-kiste","14":"pa_verpackungseinheit-einzeln","16":"first","17":"instock","18":"taxable","19":"shipping-taxable","20":"product-type-variable"},"acf":[],"_links":{"self":[{"href":"https:\/\/www.lcdh-bonn.de\/en\/wp-json\/wp\/v2\/product\/25547","targetHints":{"allow":["GET"]}}],"collection":[{"href":"https:\/\/www.lcdh-bonn.de\/en\/wp-json\/wp\/v2\/product"}],"about":[{"href":"https:\/\/www.lcdh-bonn.de\/en\/wp-json\/wp\/v2\/types\/product"}],"replies":[{"embeddable":true,"href":"https:\/\/www.lcdh-bonn.de\/en\/wp-json\/wp\/v2\/comments?post=25547"}],"wp:featuredmedia":[{"embeddable":true,"href":"https:\/\/www.lcdh-bonn.de\/en\/wp-json\/wp\/v2\/media\/35453"}],"wp:attachment":[{"href":"https:\/\/www.lcdh-bonn.de\/en\/wp-json\/wp\/v2\/media?parent=25547"}],"wp:term":[{"taxonomy":"brand","embeddable":true,"href":"https:\/\/www.lcdh-bonn.de\/en\/wp-json\/wp\/v2\/etheme_brands?post=25547"},{"taxonomy":"product_cat","embeddable":true,"href":"https:\/\/www.lcdh-bonn.de\/en\/wp-json\/wp\/v2\/product_cat?post=25547"},{"taxonomy":"product_tag","embeddable":true,"href":"https:\/\/www.lcdh-bonn.de\/en\/wp-json\/wp\/v2\/product_tag?post=25547"}],"curies":[{"name":"wp","href":"https:\/\/api.w.org\/{rel}","templated":true}]}}