{"id":25616,"date":"2022-08-02T19:54:13","date_gmt":"2022-08-02T17:54:13","guid":{"rendered":"https:\/\/torbru.athene.wpspace.me\/product\/cohiba-robustos-a-t\/"},"modified":"2026-03-03T18:53:34","modified_gmt":"2026-03-03T16:53:34","slug":"cohiba-linea-clasica-robustos-a-t","status":"publish","type":"product","link":"https:\/\/www.lcdh-bonn.de\/en\/product\/cohiba-linea-clasica-robustos-a-t\/","title":{"rendered":"Cohiba Linea Clasica Robustos A\/T"},"content":{"rendered":"<p>Die Cohiba Robustos verk\u00f6rpert die Essenz kubanischer Zigarrenkunst in ihrer reinsten Form. Als Teil der legend\u00e4ren Linea Clasica pr\u00e4sentiert sich diese Habano im klassischen Robustos-Format mit einer L\u00e4nge von 124 mm und einem Ringma\u00df von 50.<\/p>\n<p>Gefertigt in der renommierten El Laguito Manufaktur in Havanna, durchl\u00e4uft der verwendete Tabak die charakteristische dreifache Fermentation, die das Markenzeichen von Cohiba ist. Die Tabakmischung besteht ausschlie\u00dflich aus handverlesenen Bl\u00e4ttern der Vuelta Abajo Region.<\/p>\n<ul style=\"margin-left: 20px\">\n<li style=\"list-style-type: none\">\n<ul style=\"margin-left: 20px\">\u2022 Format: Robustos<\/ul>\n<\/li>\n<\/ul>\n<p>&nbsp;<\/p>\n<ul style=\"margin-left: 20px\">\n<li style=\"list-style-type: none\">\n<ul style=\"margin-left: 20px\">\u2022 L\u00e4nge: 124 mm<\/ul>\n<\/li>\n<\/ul>\n<p>&nbsp;<\/p>\n<ul style=\"margin-left: 20px\">\n<li style=\"list-style-type: none\">\n<ul style=\"margin-left: 20px\">\u2022 Ringma\u00df: 50<\/ul>\n<\/li>\n<\/ul>\n<p>&nbsp;<\/p>\n<ul style=\"margin-left: 20px\">\n<li style=\"list-style-type: none\">\n<ul style=\"margin-left: 20px\">\u2022 St\u00e4rke: Medium bis kr\u00e4ftig<\/ul>\n<\/li>\n<\/ul>\n<p>&nbsp;<\/p>\n<ul style=\"margin-left: 20px\">\n<li style=\"list-style-type: none\">\n<ul style=\"margin-left: 20px\">\u2022 Rauchdauer: ca. 45-60 Minuten<\/ul>\n<\/li>\n<\/ul>\n<p>&nbsp;<\/p>\n<ul style=\"margin-left: 20px\">\u2022 Verpackung: Einzeln, 3er Schachtel<\/ul>\n<p>Kenner sch\u00e4tzen das komplexe Aromenprofil dieser Habano. Erfahrene Aficionados berichten von einer harmonischen Komposition aus dunkler Schokolade, ger\u00f6steten Kaffeebohnen und feinen Ledernoten, unterlegt mit einer dezenten W\u00fcrze und cremiger Textur.<\/p>\n<p>Der Rauchverlauf entwickelt sich von anf\u00e4nglich samtweichen Noten zu einer ausgewogenen Intensit\u00e4t im mittleren Drittel. Das Finale pr\u00e4sentiert sich mit einer beeindruckenden Aromenf\u00fclle.<\/p>\n<p>Als ehemals exklusive Zigarre f\u00fcr Fidel Castro und hochrangige Diplomaten, steht Cohiba seit 1966 f\u00fcr h\u00f6chste kubanische Zigarrenkunst. Die Robustos eignet sich besonders f\u00fcr besondere Anl\u00e4sse, kontemplative Abende oder als kr\u00f6nender Abschluss eines gelungenen Dinners.<\/p>\n<p><small>Hersteller-\/Inverkehrbringerinformation:<br \/>\n5THAVENUE Products Trading-GmbH<br \/>\nSchwarzenbergstra\u00dfe 3-7<br \/>\nD-79761 Waldshut-Tiengen<br \/>\ninfo@5thAvenue.de&lt;\/small<\/small><\/p>","protected":false},"excerpt":{"rendered":"<p>Die Cohiba Robustos verk\u00f6rpert die Essenz kubanischer Zigarrenkunst in ihrer reinsten Form. Als Teil der legend\u00e4ren Linea Clasica pr\u00e4sentiert sich diese Habano im klassischen Robustos-Format mit einer L\u00e4nge von 124 mm und einem Ringma\u00df von 50. Gefertigt in der renommierten El Laguito Manufaktur in Havanna, durchl\u00e4uft der verwendete Tabak die charakteristische dreifache Fermentation, die das Markenzeichen von Cohiba ist. Die Tabakmischung besteht ausschlie\u00dflich aus handverlesenen Bl\u00e4ttern der Vuelta Abajo Region. \u2022 Format: Robustos &nbsp; \u2022 L\u00e4nge: 124 mm &nbsp; \u2022&#8230;<\/p>","protected":false},"featured_media":35475,"comment_status":"closed","ping_status":"closed","template":"","meta":{"_acf_changed":false},"etheme_brands":[{"term_id":186,"name":"Cohiba","slug":"cohiba","term_group":0,"term_taxonomy_id":186,"taxonomy":"brand","description":"[elementor-template id=\"15563\"]","parent":0,"count":60,"filter":"raw"}],"product_cat":[168,169,140,514],"product_tag":[],"class_list":{"0":"post-25616","1":"product","2":"type-product","3":"status-publish","4":"has-post-thumbnail","6":"brand-cohiba","7":"product_cat-zigarren","8":"product_cat-cuba","9":"product_cat-cohiba","10":"product_cat-classic","11":"pa_laenge-778","12":"pa_orderable-no","13":"pa_ringmass-1180","14":"pa_verpackungseinheit-3er-schachtel","15":"pa_verpackungseinheit-einzeln","17":"first","18":"instock","19":"taxable","20":"shipping-taxable","21":"product-type-variable"},"acf":[],"_links":{"self":[{"href":"https:\/\/www.lcdh-bonn.de\/en\/wp-json\/wp\/v2\/product\/25616","targetHints":{"allow":["GET"]}}],"collection":[{"href":"https:\/\/www.lcdh-bonn.de\/en\/wp-json\/wp\/v2\/product"}],"about":[{"href":"https:\/\/www.lcdh-bonn.de\/en\/wp-json\/wp\/v2\/types\/product"}],"replies":[{"embeddable":true,"href":"https:\/\/www.lcdh-bonn.de\/en\/wp-json\/wp\/v2\/comments?post=25616"}],"wp:featuredmedia":[{"embeddable":true,"href":"https:\/\/www.lcdh-bonn.de\/en\/wp-json\/wp\/v2\/media\/35475"}],"wp:attachment":[{"href":"https:\/\/www.lcdh-bonn.de\/en\/wp-json\/wp\/v2\/media?parent=25616"}],"wp:term":[{"taxonomy":"brand","embeddable":true,"href":"https:\/\/www.lcdh-bonn.de\/en\/wp-json\/wp\/v2\/etheme_brands?post=25616"},{"taxonomy":"product_cat","embeddable":true,"href":"https:\/\/www.lcdh-bonn.de\/en\/wp-json\/wp\/v2\/product_cat?post=25616"},{"taxonomy":"product_tag","embeddable":true,"href":"https:\/\/www.lcdh-bonn.de\/en\/wp-json\/wp\/v2\/product_tag?post=25616"}],"curies":[{"name":"wp","href":"https:\/\/api.w.org\/{rel}","templated":true}]}}