{"id":25619,"date":"2022-08-02T19:54:13","date_gmt":"2022-08-02T17:54:13","guid":{"rendered":"https:\/\/torbru.athene.wpspace.me\/product\/cohiba-secretos\/"},"modified":"2026-01-14T18:09:26","modified_gmt":"2026-01-14T16:09:26","slug":"cohiba-linea-maduro-5-secretos","status":"publish","type":"product","link":"https:\/\/www.lcdh-bonn.de\/en\/product\/cohiba-linea-maduro-5-secretos\/","title":{"rendered":"Cohiba Linea Maduro 5 Secretos"},"content":{"rendered":"<p>Die Cohiba Linea Maduro 5 Secretos verk\u00f6rpert kubanische Zigarrenkunst in ihrer elegantesten Form. Diese exquisite Kreation aus der renommierten Maduro-Serie pr\u00e4sentiert sich im kompakten Secretos-Format, perfekt f\u00fcr den genussvollen Moment zwischendurch.<\/p>\n<p>Kennzeichnend f\u00fcr diese au\u00dfergew\u00f6hnliche Zigarre ist ihr dunkles Maduro-Deckblatt, das mindestens f\u00fcnf Jahre gereift ist. Die sorgf\u00e4ltig ausgew\u00e4hlten Tabake stammen aus den besten Anbaugebieten Kubas, der Pinar del R\u00edo Region.<\/p>\n<div style=\"text-align: center;\">\n<ul style=\"list-style-type: none;\">\n<li>Format: Secretos<\/li>\n<li>L\u00e4nge: 110 mm<\/li>\n<li>Ringma\u00df: 40<\/li>\n<li>Rauchdauer: ca. 30-40 Minuten<\/li>\n<li>St\u00e4rke: Medium bis kr\u00e4ftig<\/li>\n<li>Erh\u00e4ltlich als: Einzelzigarre, 10er und 25er Kiste<\/li>\n<\/ul>\n<\/div>\n<p>Erfahrene Aficionados schw\u00e4rmen von einem komplexen Aromenprofil mit Noten von dunkler Schokolade, ger\u00f6steten Kaffeebohnen und einem Hauch von Vanille. Kenner sch\u00e4tzen die cremige Textur des Rauches und die perfekte Balance zwischen Kraft und Finesse.<\/p>\n<p>Die Geschichte der Marke Cohiba reicht bis ins Jahr 1966 zur\u00fcck, als sie zun\u00e4chst exklusiv f\u00fcr Fidel Castro und hochrangige Regierungsmitglieder produziert wurde. Erst 1982 wurde sie der \u00d6ffentlichkeit zug\u00e4nglich gemacht.<\/p>\n<p>Diese Secretos eignet sich hervorragend f\u00fcr einen entspannten Nachmittagsgenuss oder als kr\u00f6nender Abschluss eines gelungenen Gesch\u00e4ftsessens.<\/p>\n<p><small>Hersteller-\/Inverkehrbringerinformation:<br \/>\n5THAVENUE Products Trading-GmbH<br \/>\nSchwarzenbergstra\u00dfe 3-7<br \/>\nD-79761<\/p>","protected":false},"excerpt":{"rendered":"<p>Die Cohiba Linea Maduro 5 Secretos verk\u00f6rpert kubanische Zigarrenkunst in ihrer elegantesten Form. Diese exquisite Kreation aus der renommierten Maduro-Serie pr\u00e4sentiert sich im kompakten Secretos-Format, perfekt f\u00fcr den genussvollen Moment zwischendurch. Kennzeichnend f\u00fcr diese au\u00dfergew\u00f6hnliche Zigarre ist ihr dunkles Maduro-Deckblatt, das mindestens f\u00fcnf Jahre gereift ist. Die sorgf\u00e4ltig ausgew\u00e4hlten Tabake stammen aus den besten Anbaugebieten Kubas, der Pinar del R\u00edo Region. Format: Secretos L\u00e4nge: 110 mm Ringma\u00df: 40 Rauchdauer: ca. 30-40 Minuten St\u00e4rke: Medium bis kr\u00e4ftig Erh\u00e4ltlich als: Einzelzigarre, 10er&#8230;<\/p>","protected":false},"featured_media":35476,"comment_status":"closed","ping_status":"open","template":"","meta":{"_acf_changed":false},"etheme_brands":[{"term_id":186,"name":"Cohiba","slug":"cohiba","term_group":0,"term_taxonomy_id":186,"taxonomy":"brand","description":"[elementor-template id=\"15563\"]","parent":0,"count":60,"filter":"raw"}],"product_cat":[168,169,140,515],"product_tag":[],"class_list":{"0":"post-25619","1":"product","2":"type-product","3":"status-publish","4":"has-post-thumbnail","6":"brand-cohiba","7":"product_cat-zigarren","8":"product_cat-cuba","9":"product_cat-cohiba","10":"product_cat-maduro-5","11":"pa_laenge-1177","12":"pa_orderable-no","13":"pa_ringmass-1232","14":"pa_verpackungseinheit-10er-kiste","15":"pa_verpackungseinheit-25er-kiste","16":"pa_verpackungseinheit-einzeln","18":"first","19":"outofstock","20":"taxable","21":"shipping-taxable","22":"purchasable","23":"product-type-variable"},"acf":[],"_links":{"self":[{"href":"https:\/\/www.lcdh-bonn.de\/en\/wp-json\/wp\/v2\/product\/25619","targetHints":{"allow":["GET"]}}],"collection":[{"href":"https:\/\/www.lcdh-bonn.de\/en\/wp-json\/wp\/v2\/product"}],"about":[{"href":"https:\/\/www.lcdh-bonn.de\/en\/wp-json\/wp\/v2\/types\/product"}],"replies":[{"embeddable":true,"href":"https:\/\/www.lcdh-bonn.de\/en\/wp-json\/wp\/v2\/comments?post=25619"}],"wp:featuredmedia":[{"embeddable":true,"href":"https:\/\/www.lcdh-bonn.de\/en\/wp-json\/wp\/v2\/media\/35476"}],"wp:attachment":[{"href":"https:\/\/www.lcdh-bonn.de\/en\/wp-json\/wp\/v2\/media?parent=25619"}],"wp:term":[{"taxonomy":"brand","embeddable":true,"href":"https:\/\/www.lcdh-bonn.de\/en\/wp-json\/wp\/v2\/etheme_brands?post=25619"},{"taxonomy":"product_cat","embeddable":true,"href":"https:\/\/www.lcdh-bonn.de\/en\/wp-json\/wp\/v2\/product_cat?post=25619"},{"taxonomy":"product_tag","embeddable":true,"href":"https:\/\/www.lcdh-bonn.de\/en\/wp-json\/wp\/v2\/product_tag?post=25619"}],"curies":[{"name":"wp","href":"https:\/\/api.w.org\/{rel}","templated":true}]}}