{"id":25623,"date":"2022-08-02T19:54:13","date_gmt":"2022-08-02T17:54:13","guid":{"rendered":"https:\/\/torbru.athene.wpspace.me\/product\/cohiba-short\/"},"modified":"2026-02-09T13:55:47","modified_gmt":"2026-02-09T11:55:47","slug":"cohiba-short","status":"publish","type":"product","link":"https:\/\/www.lcdh-bonn.de\/en\/product\/cohiba-short\/","title":{"rendered":"Cohiba Short"},"content":{"rendered":"<p>Die Cohiba Short verk\u00f6rpert die Essenz kubanischer Zigarrenkunst in kompakter Form. Diese handgefertigte Kleinformat-Zigarre aus der renommiertesten Manufaktur Kubas pr\u00e4sentiert sich mit einer L\u00e4nge von 82 mm bei einem Ringma\u00df von 27.<\/p>\n<p>Kenner sch\u00e4tzen die ausgewogene Tabakmischung aus erlesenen kubanischen Tabaken der Vuelta Abajo Region. Die Short \u00fcberzeugt mit einer mittleren St\u00e4rke und einer angenehmen Rauchdauer von etwa 15-20 Minuten.<\/p>\n<ul style=\"text-align: center;\">\n\u2022 Format: Short (Vitola de Galera)<br \/>\n\u2022 Herkunft: Kuba<br \/>\n\u2022 L\u00e4nge: 82 mm<br \/>\n\u2022 Ringma\u00df: 27<br \/>\n\u2022 St\u00e4rke: Medium<br \/>\n\u2022 Rauchdauer: 15-20 Minuten<br \/>\n\u2022 Verpackung: 10er Schachtel\n<\/ul>\n<p>Erfahrene Aficionados berichten von einem komplexen Aromenprofil mit Noten von ger\u00f6steten N\u00fcssen, feiner W\u00fcrze und einem Hauch von Kakao. Im Rauchverlauf entwickelt sich eine cremige Textur mit subtilen Holz- und Ledernuancen.<\/p>\n<p>Die Marke Cohiba, gegr\u00fcndet 1966, war urspr\u00fcnglich Fidel Castros pers\u00f6nliche Hausmarke und wurde erst 1982 der \u00d6ffentlichkeit zug\u00e4nglich gemacht. Die Short verk\u00f6rpert diese exklusive Tradition in einem zeitgem\u00e4\u00dfen Format.<\/p>\n<p>Ideal f\u00fcr die kurze Genussauszeit zwischendurch, auf dem Weg zur Arbeit oder als Begleiter zum Espresso. Die Cohiba Short wird in praktischen 10er Schachteln angeboten.<\/p>\n<p><small>Hersteller-\/Inverkehrbringerinformation:<br \/>\n5THAVENUE Products Trading-GmbH<br \/>\nSchwarzenbergstra\u00dfe 3-7<br \/>\nD-79761 Waldshut-Tiengen<br \/>\ninfo@5thAvenue.de<\/small><\/p>","protected":false},"excerpt":{"rendered":"<p>Die Cohiba Short verk\u00f6rpert die Essenz kubanischer Zigarrenkunst in kompakter Form. Diese handgefertigte Kleinformat-Zigarre aus der renommiertesten Manufaktur Kubas pr\u00e4sentiert sich mit einer L\u00e4nge von 82 mm bei einem Ringma\u00df von 27. Kenner sch\u00e4tzen die ausgewogene Tabakmischung aus erlesenen kubanischen Tabaken der Vuelta Abajo Region. Die Short \u00fcberzeugt mit einer mittleren St\u00e4rke und einer angenehmen Rauchdauer von etwa 15-20 Minuten. \u2022 Format: Short (Vitola de Galera) \u2022 Herkunft: Kuba \u2022 L\u00e4nge: 82 mm \u2022 Ringma\u00df: 27 \u2022 St\u00e4rke: Medium \u2022&#8230;<\/p>","protected":false},"featured_media":39474,"comment_status":"closed","ping_status":"closed","template":"","meta":{"_acf_changed":false},"etheme_brands":[{"term_id":186,"name":"Cohiba","slug":"cohiba","term_group":0,"term_taxonomy_id":186,"taxonomy":"brand","description":"[elementor-template id=\"15563\"]","parent":0,"count":60,"filter":"raw"}],"product_cat":[168,169,140],"product_tag":[],"class_list":{"0":"post-25623","1":"product","2":"type-product","3":"status-publish","4":"has-post-thumbnail","6":"brand-cohiba","7":"product_cat-zigarren","8":"product_cat-cuba","9":"product_cat-cohiba","10":"pa_laenge-1242","11":"pa_orderable-no","12":"pa_ringmass-1239","13":"pa_verpackungseinheit-10er-schachtel","15":"first","16":"outofstock","17":"taxable","18":"shipping-taxable","19":"purchasable","20":"product-type-variable"},"acf":[],"_links":{"self":[{"href":"https:\/\/www.lcdh-bonn.de\/en\/wp-json\/wp\/v2\/product\/25623","targetHints":{"allow":["GET"]}}],"collection":[{"href":"https:\/\/www.lcdh-bonn.de\/en\/wp-json\/wp\/v2\/product"}],"about":[{"href":"https:\/\/www.lcdh-bonn.de\/en\/wp-json\/wp\/v2\/types\/product"}],"replies":[{"embeddable":true,"href":"https:\/\/www.lcdh-bonn.de\/en\/wp-json\/wp\/v2\/comments?post=25623"}],"wp:featuredmedia":[{"embeddable":true,"href":"https:\/\/www.lcdh-bonn.de\/en\/wp-json\/wp\/v2\/media\/39474"}],"wp:attachment":[{"href":"https:\/\/www.lcdh-bonn.de\/en\/wp-json\/wp\/v2\/media?parent=25623"}],"wp:term":[{"taxonomy":"brand","embeddable":true,"href":"https:\/\/www.lcdh-bonn.de\/en\/wp-json\/wp\/v2\/etheme_brands?post=25623"},{"taxonomy":"product_cat","embeddable":true,"href":"https:\/\/www.lcdh-bonn.de\/en\/wp-json\/wp\/v2\/product_cat?post=25623"},{"taxonomy":"product_tag","embeddable":true,"href":"https:\/\/www.lcdh-bonn.de\/en\/wp-json\/wp\/v2\/product_tag?post=25623"}],"curies":[{"name":"wp","href":"https:\/\/api.w.org\/{rel}","templated":true}]}}