{"id":25635,"date":"2022-08-02T19:54:13","date_gmt":"2022-08-02T17:54:13","guid":{"rendered":"https:\/\/torbru.athene.wpspace.me\/product\/cohiba-siglo-ii-a-t\/"},"modified":"2026-03-03T18:52:46","modified_gmt":"2026-03-03T16:52:46","slug":"cohiba-linea-1492-siglo-serie-siglo-ii-a-t","status":"publish","type":"product","link":"https:\/\/www.lcdh-bonn.de\/en\/product\/cohiba-linea-1492-siglo-serie-siglo-ii-a-t\/","title":{"rendered":"Cohiba Linea 1492 | Siglo Series Siglo II A\/T"},"content":{"rendered":"<p>Die Cohiba Siglo II A\/T verk\u00f6rpert die Essenz kubanischer Zigarrenkunst im klassischen Marevas-Format. Als Teil der prestigetr\u00e4chtigen L\u00ednea 1492 Serie zelebriert sie die Entdeckung der Neuen Welt durch Christoph Kolumbus.<\/p>\n<p>Mit einer L\u00e4nge von 129 mm und einem Ringma\u00df von 42 pr\u00e4sentiert sich diese Habano in perfekter Balance. Die erlesenen Tabake aus der privilegierten Vuelta Abajo Region durchlaufen den einzigartigen dreifachen Fermentationsprozess, der das Markenzeichen von Cohiba ist.<\/p>\n<div style=\"text-align: center;\">\n<strong>Technische Details:<\/strong><br \/>\n\u2022 Format: Marevas<br \/>\n\u2022 L\u00e4nge: 129 mm<br \/>\n\u2022 Ringma\u00df: 42<br \/>\n\u2022 St\u00e4rke: Medium bis kr\u00e4ftig<br \/>\n\u2022 Rauchdauer: ca. 45 Minuten<br \/>\n\u2022 Verpackung: 3er Schachtel, Einzeln erh\u00e4ltlich<br \/>\n\u2022 Herkunft: Kuba, Vuelta Abajo\n<\/div>\n<p>Kenner sch\u00e4tzen das komplexe Aromenprofil mit Noten von ger\u00f6steten Kaffeebohnen, s\u00fc\u00dfem Karamell und dezenten Holznuancen. Im letzten Drittel entwickeln sich charakteristische Gew\u00fcrznoten, die von einer cremigen Textur getragen werden.<\/p>\n<p>Die Siglo II eignet sich hervorragend als Nachmittagszigarre oder f\u00fcr den genussvollen Ausklang eines Gesch\u00e4ftsessens. Das Aluminium-Tube (A\/T) Format garantiert optimalen Schutz und macht sie zum idealen Begleiter f\u00fcr unterwegs.<\/p>\n<p>Hersteller-\/Inverkehrbringerinformation:<br \/>\n5THAVENUE Products Trading-GmbH<br \/>\nSchwarzenbergstra\u00dfe 3-7<br \/>\nD-79761 Waldshut-Tiengen<br \/>\ninfo@5thAvenue.de<\/p>","protected":false},"excerpt":{"rendered":"<p>Die Cohiba Siglo II A\/T verk\u00f6rpert die Essenz kubanischer Zigarrenkunst im klassischen Marevas-Format. Als Teil der prestigetr\u00e4chtigen L\u00ednea 1492 Serie zelebriert sie die Entdeckung der Neuen Welt durch Christoph Kolumbus. Mit einer L\u00e4nge von 129 mm und einem Ringma\u00df von 42 pr\u00e4sentiert sich diese Habano in perfekter Balance. Die erlesenen Tabake aus der privilegierten Vuelta Abajo Region durchlaufen den einzigartigen dreifachen Fermentationsprozess, der das Markenzeichen von Cohiba ist. Technische Details: \u2022 Format: Marevas \u2022 L\u00e4nge: 129 mm \u2022 Ringma\u00df: 42&#8230;<\/p>","protected":false},"featured_media":35481,"comment_status":"closed","ping_status":"open","template":"","meta":{"_acf_changed":false},"etheme_brands":[{"term_id":186,"name":"Cohiba","slug":"cohiba","term_group":0,"term_taxonomy_id":186,"taxonomy":"brand","description":"[elementor-template id=\"15563\"]","parent":0,"count":60,"filter":"raw"}],"product_cat":[168,169,140,516],"product_tag":[],"class_list":{"0":"post-25635","1":"product","2":"type-product","3":"status-publish","4":"has-post-thumbnail","6":"brand-cohiba","7":"product_cat-zigarren","8":"product_cat-cuba","9":"product_cat-cohiba","10":"product_cat-linea-1492-siglo","11":"pa_laenge-1176","12":"pa_orderable-no","13":"pa_ringmass-1216","14":"pa_verpackungseinheit-3er-schachtel","15":"pa_verpackungseinheit-einzeln","17":"first","18":"outofstock","19":"taxable","20":"shipping-taxable","21":"product-type-variable"},"acf":[],"_links":{"self":[{"href":"https:\/\/www.lcdh-bonn.de\/en\/wp-json\/wp\/v2\/product\/25635","targetHints":{"allow":["GET"]}}],"collection":[{"href":"https:\/\/www.lcdh-bonn.de\/en\/wp-json\/wp\/v2\/product"}],"about":[{"href":"https:\/\/www.lcdh-bonn.de\/en\/wp-json\/wp\/v2\/types\/product"}],"replies":[{"embeddable":true,"href":"https:\/\/www.lcdh-bonn.de\/en\/wp-json\/wp\/v2\/comments?post=25635"}],"wp:featuredmedia":[{"embeddable":true,"href":"https:\/\/www.lcdh-bonn.de\/en\/wp-json\/wp\/v2\/media\/35481"}],"wp:attachment":[{"href":"https:\/\/www.lcdh-bonn.de\/en\/wp-json\/wp\/v2\/media?parent=25635"}],"wp:term":[{"taxonomy":"brand","embeddable":true,"href":"https:\/\/www.lcdh-bonn.de\/en\/wp-json\/wp\/v2\/etheme_brands?post=25635"},{"taxonomy":"product_cat","embeddable":true,"href":"https:\/\/www.lcdh-bonn.de\/en\/wp-json\/wp\/v2\/product_cat?post=25635"},{"taxonomy":"product_tag","embeddable":true,"href":"https:\/\/www.lcdh-bonn.de\/en\/wp-json\/wp\/v2\/product_tag?post=25635"}],"curies":[{"name":"wp","href":"https:\/\/api.w.org\/{rel}","templated":true}]}}