{"id":25645,"date":"2022-08-02T19:54:50","date_gmt":"2022-08-02T17:54:50","guid":{"rendered":"https:\/\/torbru.athene.wpspace.me\/product\/cohiba-siglo-iv\/"},"modified":"2026-02-20T15:45:33","modified_gmt":"2026-02-20T13:45:33","slug":"cohiba-linea-1492-siglo-serie-siglo-iv","status":"publish","type":"product","link":"https:\/\/www.lcdh-bonn.de\/en\/product\/cohiba-linea-1492-siglo-serie-siglo-iv\/","title":{"rendered":"Cohiba Linea 1492 | Siglo Series Siglo IV"},"content":{"rendered":"<p>Die Cohiba Siglo IV verk\u00f6rpert die Quintessenz kubanischer Zigarrenkunst im eleganten Coronas Gordas Format. Als Teil der prestigetr\u00e4chtigen L\u00ednea 1492 Serie zelebriert sie die handwerkliche Tradition der renommiertesten Zigarrenmarke Kubas.<\/p>\n<p>Mit einer L\u00e4nge von 143 mm und einem Ringma\u00df von 46 verspricht diese Vitola etwa 45-60 Minuten h\u00f6chsten Rauchgenuss. Die sorgf\u00e4ltig selektierten Tabake aus der Pinar del R\u00edo Region durchlaufen den einzigartigen dreifachen Fermentationsprozess, der f\u00fcr Cohiba charakteristisch ist.<\/p>\n<ul style=\"text-align: center;\">\n<li>Format: Coronas Gordas<\/li>\n<li>L\u00e4nge: 143 mm<\/li>\n<li>Ringma\u00df: 46<\/li>\n<li>St\u00e4rke: Medium bis kr\u00e4ftig<\/li>\n<li>Herkunft: Kuba, Pinar del R\u00edo<\/li>\n<li>Verpackung: Einzeln, 5er Schachtel, 25er Kiste<\/li>\n<\/ul>\n<p>Kenner sch\u00e4tzen die komplexe Aromenentwicklung, die mit w\u00fcrzigen Holznoten beginnt und sich zu einem Bouquet aus Leder, Kakao und s\u00fc\u00dfen Gew\u00fcrzen entfaltet. Im letzten Drittel \u00fcberraschen cremige R\u00f6staromen mit feinen Kaffeenuancen.<\/p>\n<p>Die 1966 gegr\u00fcndete Marke Cohiba, urspr\u00fcnglich Fidel Castros pers\u00f6nliche Hausmarke, steht f\u00fcr kompromisslose Qualit\u00e4t. Die Siglo Serie wurde 1992 zur 500-Jahr-Feier der Entdeckung Amerikas eingef\u00fchrt.<\/p>\n<p>Eine perfekte Wahl f\u00fcr besondere Anl\u00e4sse, meditative Abendstunden oder als hochwertige Erg\u00e4nzung einer anspruchsvollen Sammlung.<\/p>\n<p>Hersteller-\/Inverkehrbringerinformation:<br \/>\n5THAVENUE Products Trading-GmbH<br \/>\nSchwarzenbergstra\u00dfe 3-7<br \/>\nD-79761 Waldshut-Tiengen<\/p>","protected":false},"excerpt":{"rendered":"<p>Die Cohiba Siglo IV verk\u00f6rpert die Quintessenz kubanischer Zigarrenkunst im eleganten Coronas Gordas Format. Als Teil der prestigetr\u00e4chtigen L\u00ednea 1492 Serie zelebriert sie die handwerkliche Tradition der renommiertesten Zigarrenmarke Kubas. Mit einer L\u00e4nge von 143 mm und einem Ringma\u00df von 46 verspricht diese Vitola etwa 45-60 Minuten h\u00f6chsten Rauchgenuss. Die sorgf\u00e4ltig selektierten Tabake aus der Pinar del R\u00edo Region durchlaufen den einzigartigen dreifachen Fermentationsprozess, der f\u00fcr Cohiba charakteristisch ist. Format: Coronas Gordas L\u00e4nge: 143 mm Ringma\u00df: 46 St\u00e4rke: Medium bis&#8230;<\/p>","protected":false},"featured_media":35484,"comment_status":"closed","ping_status":"closed","template":"","meta":{"_acf_changed":false},"etheme_brands":[{"term_id":186,"name":"Cohiba","slug":"cohiba","term_group":0,"term_taxonomy_id":186,"taxonomy":"brand","description":"[elementor-template id=\"15563\"]","parent":0,"count":60,"filter":"raw"}],"product_cat":[168,169,140,516],"product_tag":[],"class_list":{"0":"post-25645","1":"product","2":"type-product","3":"status-publish","4":"has-post-thumbnail","6":"brand-cohiba","7":"product_cat-zigarren","8":"product_cat-cuba","9":"product_cat-cohiba","10":"product_cat-linea-1492-siglo","11":"pa_laenge-1185","12":"pa_orderable-no","13":"pa_ringmass-1244","14":"pa_verpackungseinheit-25er-kiste","15":"pa_verpackungseinheit-5er-schachtel","16":"pa_verpackungseinheit-einzeln","18":"first","19":"instock","20":"taxable","21":"shipping-taxable","22":"product-type-variable"},"acf":[],"_links":{"self":[{"href":"https:\/\/www.lcdh-bonn.de\/en\/wp-json\/wp\/v2\/product\/25645","targetHints":{"allow":["GET"]}}],"collection":[{"href":"https:\/\/www.lcdh-bonn.de\/en\/wp-json\/wp\/v2\/product"}],"about":[{"href":"https:\/\/www.lcdh-bonn.de\/en\/wp-json\/wp\/v2\/types\/product"}],"replies":[{"embeddable":true,"href":"https:\/\/www.lcdh-bonn.de\/en\/wp-json\/wp\/v2\/comments?post=25645"}],"wp:featuredmedia":[{"embeddable":true,"href":"https:\/\/www.lcdh-bonn.de\/en\/wp-json\/wp\/v2\/media\/35484"}],"wp:attachment":[{"href":"https:\/\/www.lcdh-bonn.de\/en\/wp-json\/wp\/v2\/media?parent=25645"}],"wp:term":[{"taxonomy":"brand","embeddable":true,"href":"https:\/\/www.lcdh-bonn.de\/en\/wp-json\/wp\/v2\/etheme_brands?post=25645"},{"taxonomy":"product_cat","embeddable":true,"href":"https:\/\/www.lcdh-bonn.de\/en\/wp-json\/wp\/v2\/product_cat?post=25645"},{"taxonomy":"product_tag","embeddable":true,"href":"https:\/\/www.lcdh-bonn.de\/en\/wp-json\/wp\/v2\/product_tag?post=25645"}],"curies":[{"name":"wp","href":"https:\/\/api.w.org\/{rel}","templated":true}]}}