{"id":25665,"date":"2022-08-02T19:54:50","date_gmt":"2022-08-02T17:54:50","guid":{"rendered":"https:\/\/torbru.athene.wpspace.me\/product\/cohiba-club-2\/"},"modified":"2026-03-24T17:40:13","modified_gmt":"2026-03-24T15:40:13","slug":"cohiba-white-club","status":"publish","type":"product","link":"https:\/\/www.lcdh-bonn.de\/en\/product\/cohiba-white-club\/","title":{"rendered":"Cohiba White Club"},"content":{"rendered":"<p>Die Cohiba White Club verk\u00f6rpert die Essenz kubanischer Zigarrenkunst in einem eleganten Petit-Format. Diese handgefertigte Preziose aus der renommiertesten Manufaktur Kubas pr\u00e4sentiert sich mit einer L\u00e4nge von 24 mm und einem Ringma\u00df von 95.<\/p>\n<ul>\n\u2022 Format: Club (Petit)<br \/>\n\u2022 L\u00e4nge: 24 mm<br \/>\n\u2022 Ringma\u00df: 95<br \/>\n\u2022 St\u00e4rke: Mild bis Medium<br \/>\n\u2022 Rauchdauer: ca. 10-15 Minuten<br \/>\n\u2022 Herkunft: Kuba, Pinar del R\u00edo<br \/>\n\u2022 Verpackung: 20er Schachtel\n<\/ul>\n<p>Kenner sch\u00e4tzen das subtile Aromenprofil mit Noten von ger\u00f6steten N\u00fcssen, feiner Vanille und einem Hauch von Zedernholz. Andere Aficionados berichten von einer dezenten Kakao-Note im letzten Drittel.<\/p>\n<p>Die White Club entstammt der legend\u00e4ren Cohiba-Linie, die urspr\u00fcnglich exklusiv f\u00fcr Fidel Castro produziert wurde. Erst seit 1982 ist sie der \u00d6ffentlichkeit zug\u00e4nglich. Die sorgf\u00e4ltig selektierten Tabake durchlaufen die charakteristische dreifache Fermentation, die f\u00fcr Cohiba typisch ist.<\/p>\n<p>Ein idealer Begleiter f\u00fcr die kurze Genu\u00dfpause, den Espresso zwischendurch oder als Einsteigerzigarre in die Welt der Cohibas. Die kompakte Gr\u00f6\u00dfe macht sie zum perfekten Begleiter f\u00fcr unterwegs.<\/p>\n<p>Hersteller-\/Inverkehrbringerinformation:<br \/>\n5THAVENUE Products Trading-GmbH<br \/>\nSchwarzenbergstra\u00dfe 3-7<br \/>\nD-79761 Waldshut-Tiengen<br \/>\ninfo@5thAvenue.de<\/p>","protected":false},"excerpt":{"rendered":"<p>Die Cohiba White Club verk\u00f6rpert die Essenz kubanischer Zigarrenkunst in einem eleganten Petit-Format. Diese handgefertigte Preziose aus der renommiertesten Manufaktur Kubas pr\u00e4sentiert sich mit einer L\u00e4nge von 24 mm und einem Ringma\u00df von 95. \u2022 Format: Club (Petit) \u2022 L\u00e4nge: 24 mm \u2022 Ringma\u00df: 95 \u2022 St\u00e4rke: Mild bis Medium \u2022 Rauchdauer: ca. 10-15 Minuten \u2022 Herkunft: Kuba, Pinar del R\u00edo \u2022 Verpackung: 20er Schachtel Kenner sch\u00e4tzen das subtile Aromenprofil mit Noten von ger\u00f6steten N\u00fcssen, feiner Vanille und einem Hauch&#8230;<\/p>","protected":false},"featured_media":0,"comment_status":"closed","ping_status":"open","template":"","meta":{"_acf_changed":false},"etheme_brands":[{"term_id":186,"name":"Cohiba","slug":"cohiba","term_group":0,"term_taxonomy_id":186,"taxonomy":"brand","description":"[elementor-template id=\"15563\"]","parent":0,"count":60,"filter":"raw"}],"product_cat":[168,169,140,180],"product_tag":[],"class_list":{"0":"post-25665","1":"product","2":"type-product","3":"status-publish","5":"brand-cohiba","6":"product_cat-zigarren","7":"product_cat-cuba","8":"product_cat-cohiba","9":"product_cat-zigarillos","10":"pa_laenge-1236","11":"pa_orderable-yes","12":"pa_ringmass-1184","13":"pa_verpackungseinheit-20er-schachtel","15":"first","16":"instock","17":"taxable","18":"shipping-taxable","19":"purchasable","20":"product-type-variable"},"acf":[],"_links":{"self":[{"href":"https:\/\/www.lcdh-bonn.de\/en\/wp-json\/wp\/v2\/product\/25665","targetHints":{"allow":["GET"]}}],"collection":[{"href":"https:\/\/www.lcdh-bonn.de\/en\/wp-json\/wp\/v2\/product"}],"about":[{"href":"https:\/\/www.lcdh-bonn.de\/en\/wp-json\/wp\/v2\/types\/product"}],"replies":[{"embeddable":true,"href":"https:\/\/www.lcdh-bonn.de\/en\/wp-json\/wp\/v2\/comments?post=25665"}],"wp:attachment":[{"href":"https:\/\/www.lcdh-bonn.de\/en\/wp-json\/wp\/v2\/media?parent=25665"}],"wp:term":[{"taxonomy":"brand","embeddable":true,"href":"https:\/\/www.lcdh-bonn.de\/en\/wp-json\/wp\/v2\/etheme_brands?post=25665"},{"taxonomy":"product_cat","embeddable":true,"href":"https:\/\/www.lcdh-bonn.de\/en\/wp-json\/wp\/v2\/product_cat?post=25665"},{"taxonomy":"product_tag","embeddable":true,"href":"https:\/\/www.lcdh-bonn.de\/en\/wp-json\/wp\/v2\/product_tag?post=25665"}],"curies":[{"name":"wp","href":"https:\/\/api.w.org\/{rel}","templated":true}]}}