{"id":25669,"date":"2022-08-02T19:54:50","date_gmt":"2022-08-02T17:54:50","guid":{"rendered":"https:\/\/torbru.athene.wpspace.me\/product\/cuaba-distinguidos\/"},"modified":"2026-01-29T12:40:38","modified_gmt":"2026-01-29T10:40:38","slug":"cuaba-distinguidos","status":"publish","type":"product","link":"https:\/\/www.lcdh-bonn.de\/en\/product\/cuaba-distinguidos\/","title":{"rendered":"Cuaba Distinguidos"},"content":{"rendered":"<p>Die Cuaba Distinguidos verk\u00f6rpert die Essenz kubanischer Zigarrenkunst in ihrer elegantesten Form. Diese exquisite Figurado pr\u00e4sentiert sich in der klassischen Romeo Vitola mit einer L\u00e4nge von 162 mm und einem Ringma\u00df von 52.<\/p>\n<p>Gefertigt aus erlesenen Tabaken der Vuelta Abajo Region, demonstriert diese vollst\u00e4ndig handgefertigte Zigarre die Kunstfertigkeit der kubanischen Torcedores. Die Tabakmischung besteht ausschlie\u00dflich aus kubanischen Tabaken.<\/p>\n<div style=\"text-align: center;\">\n\u2022 Format: Romeo (Figurado)<br \/>\n\u2022 L\u00e4nge: 162 mm<br \/>\n\u2022 Ringma\u00df: 52<br \/>\n\u2022 St\u00e4rke: Medium bis kr\u00e4ftig<br \/>\n\u2022 Rauchdauer: ca. 75-90 Minuten<br \/>\n\u2022 Herkunft: Kuba, Vuelta Abajo\n<\/div>\n<p>Kenner sch\u00e4tzen das komplexe Aromenprofil mit Noten von ger\u00f6steten N\u00fcssen, Zedernholz und feinen Gew\u00fcrzen. Im letzten Drittel entwickeln sich zus\u00e4tzlich subtile Kakao- und Ledernuancen.<\/p>\n<p>Die 1996 eingef\u00fchrte Marke Cuaba ist die einzige, die sich ausschlie\u00dflich auf die traditionellen Figurado-Formate spezialisiert hat. Diese Formgebung war im 19. Jahrhundert der Standard kubanischer Zigarren.<\/p>\n<p>Erh\u00e4ltlich als Einzelzigarre oder in der eleganten 10er Kiste. Ein perfekter Begleiter f\u00fcr besondere Anl\u00e4sse oder kontemplative Abendstunden.<\/p>\n<p>Hersteller-\/Inverkehrbringerinformation:<br \/>\n5THAVENUE Products Trading-GmbH<br \/>\nSchwarzenbergstra\u00dfe 3-7<br \/>\nD-79761 Waldshut-Tiengen<br \/>\ninfo@5thAvenue.de<\/p>","protected":false},"excerpt":{"rendered":"<p>Die Cuaba Distinguidos verk\u00f6rpert die Essenz kubanischer Zigarrenkunst in ihrer elegantesten Form. Diese exquisite Figurado pr\u00e4sentiert sich in der klassischen Romeo Vitola mit einer L\u00e4nge von 162 mm und einem Ringma\u00df von 52. Gefertigt aus erlesenen Tabaken der Vuelta Abajo Region, demonstriert diese vollst\u00e4ndig handgefertigte Zigarre die Kunstfertigkeit der kubanischen Torcedores. Die Tabakmischung besteht ausschlie\u00dflich aus kubanischen Tabaken. \u2022 Format: Romeo (Figurado) \u2022 L\u00e4nge: 162 mm \u2022 Ringma\u00df: 52 \u2022 St\u00e4rke: Medium bis kr\u00e4ftig \u2022 Rauchdauer: ca. 75-90 Minuten \u2022&#8230;<\/p>","protected":false},"featured_media":36101,"comment_status":"closed","ping_status":"closed","template":"","meta":{"_acf_changed":false},"etheme_brands":[{"term_id":187,"name":"Cuaba","slug":"cuaba","term_group":0,"term_taxonomy_id":187,"taxonomy":"brand","description":"[elementor-template id=\"15563\"]","parent":0,"count":4,"filter":"raw"}],"product_cat":[168,169,141],"product_tag":[],"class_list":{"0":"post-25669","1":"product","2":"type-product","3":"status-publish","4":"has-post-thumbnail","6":"brand-cuaba","7":"product_cat-zigarren","8":"product_cat-cuba","9":"product_cat-cuaba","10":"pa_laenge-1166","11":"pa_orderable-no","12":"pa_ringmass-1225","13":"pa_verpackungseinheit-10er-kiste","14":"pa_verpackungseinheit-einzeln","16":"first","17":"outofstock","18":"taxable","19":"shipping-taxable","20":"product-type-variable"},"acf":[],"_links":{"self":[{"href":"https:\/\/www.lcdh-bonn.de\/en\/wp-json\/wp\/v2\/product\/25669","targetHints":{"allow":["GET"]}}],"collection":[{"href":"https:\/\/www.lcdh-bonn.de\/en\/wp-json\/wp\/v2\/product"}],"about":[{"href":"https:\/\/www.lcdh-bonn.de\/en\/wp-json\/wp\/v2\/types\/product"}],"replies":[{"embeddable":true,"href":"https:\/\/www.lcdh-bonn.de\/en\/wp-json\/wp\/v2\/comments?post=25669"}],"wp:featuredmedia":[{"embeddable":true,"href":"https:\/\/www.lcdh-bonn.de\/en\/wp-json\/wp\/v2\/media\/36101"}],"wp:attachment":[{"href":"https:\/\/www.lcdh-bonn.de\/en\/wp-json\/wp\/v2\/media?parent=25669"}],"wp:term":[{"taxonomy":"brand","embeddable":true,"href":"https:\/\/www.lcdh-bonn.de\/en\/wp-json\/wp\/v2\/etheme_brands?post=25669"},{"taxonomy":"product_cat","embeddable":true,"href":"https:\/\/www.lcdh-bonn.de\/en\/wp-json\/wp\/v2\/product_cat?post=25669"},{"taxonomy":"product_tag","embeddable":true,"href":"https:\/\/www.lcdh-bonn.de\/en\/wp-json\/wp\/v2\/product_tag?post=25669"}],"curies":[{"name":"wp","href":"https:\/\/api.w.org\/{rel}","templated":true}]}}