{"id":25672,"date":"2022-08-02T19:54:50","date_gmt":"2022-08-02T17:54:50","guid":{"rendered":"https:\/\/torbru.athene.wpspace.me\/product\/cuaba-divinos\/"},"modified":"2026-01-29T17:04:50","modified_gmt":"2026-01-29T15:04:50","slug":"cuaba-divinos","status":"publish","type":"product","link":"https:\/\/www.lcdh-bonn.de\/en\/product\/cuaba-divinos\/","title":{"rendered":"Cuaba Divinos"},"content":{"rendered":"<p>Die Cuaba Divinos verk\u00f6rpert kubanische Zigarrenkunst in ihrer elegantesten Form. Diese exquisite Petit Bouquet mit einer L\u00e4nge von 101 mm und einem Ringma\u00df von 43 wird ausschlie\u00dflich in der renommierten Partag\u00e1s-Manufaktur von erfahrenen Torcedores vollst\u00e4ndig von Hand im traditionellen Figurado-Format gefertigt.<\/p>\n<div style=\"text-align: center;\">\n\u2022 Format: Petit Bouquet (Figurado)<br \/>\n\u2022 L\u00e4nge: 101 mm<br \/>\n\u2022 Ringma\u00df: 43<br \/>\n\u2022 St\u00e4rke: Medium<br \/>\n\u2022 Rauchdauer: ca. 20-25 Minuten<br \/>\n\u2022 Herkunft: Kuba, Partag\u00e1s-Manufaktur\n<\/div>\n<p>Die Cuaba Divinos besteht aus erlesenen Tabaken der Vuelta Abajo Region. Kenner sch\u00e4tzen die komplexe Aromenentwicklung, die von w\u00fcrzigen Holznoten \u00fcber subtile R\u00f6staromen bis hin zu einem Hauch von Kakao und Leder reicht. Der charakteristische Figurado-Schnitt sorgt f\u00fcr eine perfekte Zugentwicklung und intensive Geschmacksentfaltung.<\/p>\n<p>Die 1996 gegr\u00fcndete Marke Cuaba ist die erste neue kubanische Marke seit der Revolution, die sich auf die traditionelle Figurado-Form spezialisiert hat. Diese historische Vitola war im 19. Jahrhundert die bevorzugte Form kubanischer Zigarren.<\/p>\n<p>Erh\u00e4ltlich als:<br \/>\n&#8211; 25er Kiste<br \/>\n&#8211; Einzeln<\/p>\n<p>Eine perfekte Wahl f\u00fcr besondere Momente, stilvolle Abende oder als geschmackvolle Einf\u00fchrung in die Welt der Figurados.<\/p>\n<p>Hersteller-\/Inverkehrbringerinformation:<br \/>\n5THAVENUE Products Trading-GmbH<br \/>\nSchwarzenbergstra\u00dfe 3-7<br \/>\nD-79761 Waldshut-Tiengen<br \/>\ninfo@5thAvenue.de<\/p>","protected":false},"excerpt":{"rendered":"<p>Die Cuaba Divinos verk\u00f6rpert kubanische Zigarrenkunst in ihrer elegantesten Form. Diese exquisite Petit Bouquet mit einer L\u00e4nge von 101 mm und einem Ringma\u00df von 43 wird ausschlie\u00dflich in der renommierten Partag\u00e1s-Manufaktur von erfahrenen Torcedores vollst\u00e4ndig von Hand im traditionellen Figurado-Format gefertigt. \u2022 Format: Petit Bouquet (Figurado) \u2022 L\u00e4nge: 101 mm \u2022 Ringma\u00df: 43 \u2022 St\u00e4rke: Medium \u2022 Rauchdauer: ca. 20-25 Minuten \u2022 Herkunft: Kuba, Partag\u00e1s-Manufaktur Die Cuaba Divinos besteht aus erlesenen Tabaken der Vuelta Abajo Region. Kenner sch\u00e4tzen die komplexe&#8230;<\/p>","protected":false},"featured_media":36102,"comment_status":"closed","ping_status":"closed","template":"","meta":{"_acf_changed":false},"etheme_brands":[{"term_id":187,"name":"Cuaba","slug":"cuaba","term_group":0,"term_taxonomy_id":187,"taxonomy":"brand","description":"[elementor-template id=\"15563\"]","parent":0,"count":4,"filter":"raw"}],"product_cat":[168,169,141],"product_tag":[],"class_list":{"0":"post-25672","1":"product","2":"type-product","3":"status-publish","4":"has-post-thumbnail","6":"brand-cuaba","7":"product_cat-zigarren","8":"product_cat-cuba","9":"product_cat-cuaba","10":"pa_laenge-1190","11":"pa_orderable-no","12":"pa_ringmass-1246","13":"pa_verpackungseinheit-25er-kiste","14":"pa_verpackungseinheit-einzeln","16":"first","17":"instock","18":"taxable","19":"shipping-taxable","20":"purchasable","21":"product-type-variable"},"acf":[],"_links":{"self":[{"href":"https:\/\/www.lcdh-bonn.de\/en\/wp-json\/wp\/v2\/product\/25672","targetHints":{"allow":["GET"]}}],"collection":[{"href":"https:\/\/www.lcdh-bonn.de\/en\/wp-json\/wp\/v2\/product"}],"about":[{"href":"https:\/\/www.lcdh-bonn.de\/en\/wp-json\/wp\/v2\/types\/product"}],"replies":[{"embeddable":true,"href":"https:\/\/www.lcdh-bonn.de\/en\/wp-json\/wp\/v2\/comments?post=25672"}],"wp:featuredmedia":[{"embeddable":true,"href":"https:\/\/www.lcdh-bonn.de\/en\/wp-json\/wp\/v2\/media\/36102"}],"wp:attachment":[{"href":"https:\/\/www.lcdh-bonn.de\/en\/wp-json\/wp\/v2\/media?parent=25672"}],"wp:term":[{"taxonomy":"brand","embeddable":true,"href":"https:\/\/www.lcdh-bonn.de\/en\/wp-json\/wp\/v2\/etheme_brands?post=25672"},{"taxonomy":"product_cat","embeddable":true,"href":"https:\/\/www.lcdh-bonn.de\/en\/wp-json\/wp\/v2\/product_cat?post=25672"},{"taxonomy":"product_tag","embeddable":true,"href":"https:\/\/www.lcdh-bonn.de\/en\/wp-json\/wp\/v2\/product_tag?post=25672"}],"curies":[{"name":"wp","href":"https:\/\/api.w.org\/{rel}","templated":true}]}}