{"id":25777,"date":"2022-08-02T19:55:28","date_gmt":"2022-08-02T17:55:28","guid":{"rendered":"https:\/\/torbru.athene.wpspace.me\/product\/h-upmann-coronas-major-a-t\/"},"modified":"2026-01-14T18:09:45","modified_gmt":"2026-01-14T16:09:45","slug":"h-upmann-linea-clasica-coronas-major-a-t","status":"publish","type":"product","link":"https:\/\/www.lcdh-bonn.de\/en\/product\/h-upmann-linea-clasica-coronas-major-a-t\/","title":{"rendered":"H. Upmann Linea Clasica Coronas Major A\/T"},"content":{"rendered":"<p>Die H. Upmann Coronas Major A\/T verk\u00f6rpert die zeitlose Eleganz kubanischer Zigarrenkunst im klassischen Eminentes-Format. Mit einer L\u00e4nge von 132 mm und einem Ringma\u00df von 42 pr\u00e4sentiert sie sich als idealer Begleiter f\u00fcr einen mittellangen Smoke von etwa 45-50 Minuten.<\/p>\n<p>Diese vollst\u00e4ndig handgefertigte Habano verwendet ausschlie\u00dflich Tabake aus der prestigetr\u00e4chtigen Vuelta Abajo Region. Die sorgf\u00e4ltig ausgew\u00e4hlten Tabake ergeben eine mild bis mittelkr\u00e4ftige Zigarre mit perfekt ausbalanciertem Charakter.<\/p>\n<ul style=\"margin-left: 20px;\">\n\u2022 Format: Eminentes<br \/>\n\u2022 L\u00e4nge: 132 mm<br \/>\n\u2022 Ringma\u00df: 42<br \/>\n\u2022 St\u00e4rke: Mild bis mittelkr\u00e4ftig<br \/>\n\u2022 Rauchdauer: ca. 45-50 Minuten<br \/>\n\u2022 Verpackung: 25er Kiste, Einzeln erh\u00e4ltlich<br \/>\n\u2022 Herkunft: Vuelta Abajo, Kuba\n<\/ul>\n<p>Kenner sch\u00e4tzen das facettenreiche Aromenprofil mit dezenten Noten von Zedernholz, ger\u00f6steten N\u00fcssen und einem Hauch von s\u00fc\u00dfem Kakao. Im Rauchverlauf entwickelt sich eine angenehme cremige Textur mit subtilen Gew\u00fcrznuancen.<\/p>\n<p>Die Marke H. Upmann, gegr\u00fcndet 1844 von Hermann Upmann, steht seit jeher f\u00fcr h\u00f6chste kubanische Zigarrenqualit\u00e4t. Die Coronas Major eignet sich hervorragend als Nachmittagszigarre oder f\u00fcr den entspannten Abendgenuss.<\/p>\n<p>Der Aluminium-Tubus (A\/T) gew\u00e4hrleistet optimalen Schutz und macht diese Habano zum perfekten Begleiter f\u00fcr unterwegs.<\/p>\n<p><small>Hersteller-\/Inverkehrbringerinformation:<br \/>\n5THAVENUE Products Trading-GmbH<br \/>\nSchwarzenbergstra\u00dfe 3-7<br \/>\nD-79761 Waldshut-Tiengen<br \/>\ninfo@5thAvenue.de<\/small><\/p>","protected":false},"excerpt":{"rendered":"<p>Die H. Upmann Coronas Major A\/T verk\u00f6rpert die zeitlose Eleganz kubanischer Zigarrenkunst im klassischen Eminentes-Format. Mit einer L\u00e4nge von 132 mm und einem Ringma\u00df von 42 pr\u00e4sentiert sie sich als idealer Begleiter f\u00fcr einen mittellangen Smoke von etwa 45-50 Minuten. Diese vollst\u00e4ndig handgefertigte Habano verwendet ausschlie\u00dflich Tabake aus der prestigetr\u00e4chtigen Vuelta Abajo Region. Die sorgf\u00e4ltig ausgew\u00e4hlten Tabake ergeben eine mild bis mittelkr\u00e4ftige Zigarre mit perfekt ausbalanciertem Charakter. \u2022 Format: Eminentes \u2022 L\u00e4nge: 132 mm \u2022 Ringma\u00df: 42 \u2022 St\u00e4rke: Mild&#8230;<\/p>","protected":false},"featured_media":35518,"comment_status":"closed","ping_status":"open","template":"","meta":{"_acf_changed":false},"etheme_brands":[{"term_id":193,"name":"H. Upmann","slug":"h-upmann","term_group":0,"term_taxonomy_id":193,"taxonomy":"brand","description":"[elementor-template id=\"15563\"]","parent":0,"count":22,"filter":"raw"}],"product_cat":[168,169,147,586],"product_tag":[],"class_list":{"0":"post-25777","1":"product","2":"type-product","3":"status-publish","4":"has-post-thumbnail","6":"brand-h-upmann","7":"product_cat-zigarren","8":"product_cat-cuba","9":"product_cat-h-upmann","10":"product_cat-linea-clasica-h-upmann","11":"pa_laenge-1176","12":"pa_orderable-no","13":"pa_ringmass-1260","14":"pa_verpackungseinheit-25er-kiste","15":"pa_verpackungseinheit-einzeln","17":"first","18":"outofstock","19":"taxable","20":"shipping-taxable","21":"purchasable","22":"product-type-variable"},"acf":[],"_links":{"self":[{"href":"https:\/\/www.lcdh-bonn.de\/en\/wp-json\/wp\/v2\/product\/25777","targetHints":{"allow":["GET"]}}],"collection":[{"href":"https:\/\/www.lcdh-bonn.de\/en\/wp-json\/wp\/v2\/product"}],"about":[{"href":"https:\/\/www.lcdh-bonn.de\/en\/wp-json\/wp\/v2\/types\/product"}],"replies":[{"embeddable":true,"href":"https:\/\/www.lcdh-bonn.de\/en\/wp-json\/wp\/v2\/comments?post=25777"}],"wp:featuredmedia":[{"embeddable":true,"href":"https:\/\/www.lcdh-bonn.de\/en\/wp-json\/wp\/v2\/media\/35518"}],"wp:attachment":[{"href":"https:\/\/www.lcdh-bonn.de\/en\/wp-json\/wp\/v2\/media?parent=25777"}],"wp:term":[{"taxonomy":"brand","embeddable":true,"href":"https:\/\/www.lcdh-bonn.de\/en\/wp-json\/wp\/v2\/etheme_brands?post=25777"},{"taxonomy":"product_cat","embeddable":true,"href":"https:\/\/www.lcdh-bonn.de\/en\/wp-json\/wp\/v2\/product_cat?post=25777"},{"taxonomy":"product_tag","embeddable":true,"href":"https:\/\/www.lcdh-bonn.de\/en\/wp-json\/wp\/v2\/product_tag?post=25777"}],"curies":[{"name":"wp","href":"https:\/\/api.w.org\/{rel}","templated":true}]}}