{"id":25783,"date":"2022-08-02T19:55:28","date_gmt":"2022-08-02T17:55:28","guid":{"rendered":"https:\/\/torbru.athene.wpspace.me\/product\/h-upmann-connossieur-no-1\/"},"modified":"2026-03-04T14:47:26","modified_gmt":"2026-03-04T12:47:26","slug":"h-upmann-linea-clasica-connossieur-no-1","status":"publish","type":"product","link":"https:\/\/www.lcdh-bonn.de\/en\/product\/h-upmann-linea-clasica-connossieur-no-1\/","title":{"rendered":"H. Upmann Linea Clasica Connossieur No.1"},"content":{"rendered":"<p>Die H. Upmann Connossieur No.1 verk\u00f6rpert die zeitlose Eleganz kubanischer Zigarrenkunst im klassischen Hermosos No.4 Format. Diese handgefertigte Premiumzigarre aus der renommierten Manufaktur in Havanna pr\u00e4sentiert sich in perfekter Verarbeitung mit einer L\u00e4nge von 127 mm und einem Ringma\u00df von 48.<\/p>\n<p>Kenner sch\u00e4tzen die ausgewogene Tabakmischung aus erlesenen Vuelta Abajo Tabaken, die sich in einer mittleren St\u00e4rke manifestiert. Die etwa 45-min\u00fctige Rauchdauer offenbart ein faszinierendes Aromenprofil.<\/p>\n<div style=\"text-align: center;\">\n<ul style=\"list-style-type: none;\">\n<li>\u2022 Format: Hermosos No.4<\/li>\n<li>\u2022 L\u00e4nge: 127 mm<\/li>\n<li>\u2022 Ringma\u00df: 48<\/li>\n<li>\u2022 St\u00e4rke: Medium<\/li>\n<li>\u2022 Rauchdauer: ca. 45 Minuten<\/li>\n<li>\u2022 Herkunft: Kuba, Vuelta Abajo<\/li>\n<\/ul>\n<\/div>\n<p>Erfahrene Aficionados berichten von einem eleganten Zusammenspiel aus Zedernholz, feinen Gew\u00fcrznoten und einem Hauch von ger\u00f6steten Mandeln. Im Rauchverlauf entwickelt sich eine cremige Textur mit subtilen Kakao- und Ledernuancen.<\/p>\n<p>Die 1844 von Herman Upmann gegr\u00fcndete Marke steht f\u00fcr h\u00f6chste kubanische Zigarrenkunst und wurde bereits mehrfach ausgezeichnet. Diese Connossieur No.1 ist sowohl in der klassischen 25er Kiste als auch als Einzelzigarre erh\u00e4ltlich.<\/p>\n<p>Ein perfekter Begleiter f\u00fcr entspannte Abendstunden, gesch\u00e4ftliche Zusammenk\u00fcnfte oder besondere Anl\u00e4sse, die nach einer charaktervollen Zigarre verlangen.<\/p>\n<p><small>Hersteller-\/Inverkehrbringerinformation:<br \/>\n5THAVENUE Products Trading-GmbH<br \/>\nSchwarzenbergstra\u00dfe 3-7<br \/>\nD<\/p>","protected":false},"excerpt":{"rendered":"<p>Die H. Upmann Connossieur No.1 verk\u00f6rpert die zeitlose Eleganz kubanischer Zigarrenkunst im klassischen Hermosos No.4 Format. Diese handgefertigte Premiumzigarre aus der renommierten Manufaktur in Havanna pr\u00e4sentiert sich in perfekter Verarbeitung mit einer L\u00e4nge von 127 mm und einem Ringma\u00df von 48. Kenner sch\u00e4tzen die ausgewogene Tabakmischung aus erlesenen Vuelta Abajo Tabaken, die sich in einer mittleren St\u00e4rke manifestiert. Die etwa 45-min\u00fctige Rauchdauer offenbart ein faszinierendes Aromenprofil. \u2022 Format: Hermosos No.4 \u2022 L\u00e4nge: 127 mm \u2022 Ringma\u00df: 48 \u2022 St\u00e4rke: Medium&#8230;<\/p>","protected":false},"featured_media":35520,"comment_status":"closed","ping_status":"closed","template":"","meta":{"_acf_changed":false},"etheme_brands":[{"term_id":193,"name":"H. Upmann","slug":"h-upmann","term_group":0,"term_taxonomy_id":193,"taxonomy":"brand","description":"[elementor-template id=\"15563\"]","parent":0,"count":22,"filter":"raw"}],"product_cat":[168,169,147,586],"product_tag":[],"class_list":{"0":"post-25783","1":"product","2":"type-product","3":"status-publish","4":"has-post-thumbnail","6":"brand-h-upmann","7":"product_cat-zigarren","8":"product_cat-cuba","9":"product_cat-h-upmann","10":"product_cat-linea-clasica-h-upmann","11":"pa_laenge-1192","12":"pa_orderable-no","13":"pa_ringmass-777","14":"pa_verpackungseinheit-25er-kiste","15":"pa_verpackungseinheit-einzeln","17":"first","18":"instock","19":"taxable","20":"shipping-taxable","21":"product-type-variable"},"acf":[],"_links":{"self":[{"href":"https:\/\/www.lcdh-bonn.de\/en\/wp-json\/wp\/v2\/product\/25783","targetHints":{"allow":["GET"]}}],"collection":[{"href":"https:\/\/www.lcdh-bonn.de\/en\/wp-json\/wp\/v2\/product"}],"about":[{"href":"https:\/\/www.lcdh-bonn.de\/en\/wp-json\/wp\/v2\/types\/product"}],"replies":[{"embeddable":true,"href":"https:\/\/www.lcdh-bonn.de\/en\/wp-json\/wp\/v2\/comments?post=25783"}],"wp:featuredmedia":[{"embeddable":true,"href":"https:\/\/www.lcdh-bonn.de\/en\/wp-json\/wp\/v2\/media\/35520"}],"wp:attachment":[{"href":"https:\/\/www.lcdh-bonn.de\/en\/wp-json\/wp\/v2\/media?parent=25783"}],"wp:term":[{"taxonomy":"brand","embeddable":true,"href":"https:\/\/www.lcdh-bonn.de\/en\/wp-json\/wp\/v2\/etheme_brands?post=25783"},{"taxonomy":"product_cat","embeddable":true,"href":"https:\/\/www.lcdh-bonn.de\/en\/wp-json\/wp\/v2\/product_cat?post=25783"},{"taxonomy":"product_tag","embeddable":true,"href":"https:\/\/www.lcdh-bonn.de\/en\/wp-json\/wp\/v2\/product_tag?post=25783"}],"curies":[{"name":"wp","href":"https:\/\/api.w.org\/{rel}","templated":true}]}}