{"id":25786,"date":"2022-08-02T19:56:06","date_gmt":"2022-08-02T17:56:06","guid":{"rendered":"https:\/\/torbru.athene.wpspace.me\/product\/h-upmann-connossieur-no-2\/"},"modified":"2026-02-20T15:45:23","modified_gmt":"2026-02-20T13:45:23","slug":"h-upmann-linea-clasica-connossieur-no-2","status":"publish","type":"product","link":"https:\/\/www.lcdh-bonn.de\/en\/product\/h-upmann-linea-clasica-connossieur-no-2\/","title":{"rendered":"H. Upmann Linea Clasica Connossieur No.2"},"content":{"rendered":"<p>Die H. Upmann Connossieur No.2 verk\u00f6rpert die zeitlose Eleganz kubanischer Zigarrenkunst in einer perfekt ausbalancierten Corona Gorda. Diese klassische Vitola pr\u00e4sentiert sich in einem eleganten Format von 134 mm L\u00e4nge bei einem Ringma\u00df von 51.<\/p>\n<p>Kenner sch\u00e4tzen die ausgewogene Tabakmischung aus erlesenen Vuelta Abajo Tabaken, die eine mittlere St\u00e4rke entwickelt. Die gesch\u00e4tzte Rauchdauer von etwa 45-60 Minuten verspricht einen entspannten Genussmoment.<\/p>\n<div style=\"text-align: center; margin: 20px 0;\">\n<strong>Produktdetails:<\/strong><br \/>\n\u2022 Format: Corona Gorda<br \/>\n\u2022 L\u00e4nge: 134 mm<br \/>\n\u2022 Ringma\u00df: 51<br \/>\n\u2022 St\u00e4rke: Medium<br \/>\n\u2022 Herkunft: Kuba, Vuelta Abajo<br \/>\n\u2022 Rauchdauer: 45-60 Minuten<br \/>\n\u2022 Verpackung: 25er Kiste, Einzeln erh\u00e4ltlich\n<\/div>\n<p>Erfahrene Aficionados berichten von einem komplexen Aromenprofil mit Noten von ger\u00f6steten N\u00fcssen, feiner W\u00fcrze und einem Hauch von Zedernholz. Im Rauchverlauf entwickelt sich eine angenehme Cremigkeit, begleitet von subtilen Kakao- und Ledernuancen.<\/p>\n<p>Die Marke H. Upmann, gegr\u00fcndet 1844 von Hermann Upmann, steht seit jeher f\u00fcr h\u00f6chste kubanische Zigarrenqualit\u00e4t. Diese Connossieur No.2 eignet sich hervorragend f\u00fcr den fr\u00fchen Abend oder als begleitende Zigarre zu einem guten Cognac.<\/p>\n<p><small>Hersteller-\/Inverkehrbringerinformation:<br \/>\n5THAVENUE Products Trading-GmbH<br \/>\nSchwarzenbergstra\u00dfe 3-7<br \/>\nD-79761 Waldshut-Tiengen<br \/>\ninfo@5thAvenue.de<\/small><\/p>","protected":false},"excerpt":{"rendered":"<p>Die H. Upmann Connossieur No.2 verk\u00f6rpert die zeitlose Eleganz kubanischer Zigarrenkunst in einer perfekt ausbalancierten Corona Gorda. Diese klassische Vitola pr\u00e4sentiert sich in einem eleganten Format von 134 mm L\u00e4nge bei einem Ringma\u00df von 51. Kenner sch\u00e4tzen die ausgewogene Tabakmischung aus erlesenen Vuelta Abajo Tabaken, die eine mittlere St\u00e4rke entwickelt. Die gesch\u00e4tzte Rauchdauer von etwa 45-60 Minuten verspricht einen entspannten Genussmoment. Produktdetails: \u2022 Format: Corona Gorda \u2022 L\u00e4nge: 134 mm \u2022 Ringma\u00df: 51 \u2022 St\u00e4rke: Medium \u2022 Herkunft: Kuba, Vuelta&#8230;<\/p>","protected":false},"featured_media":35521,"comment_status":"closed","ping_status":"closed","template":"","meta":{"_acf_changed":false},"etheme_brands":[{"term_id":193,"name":"H. Upmann","slug":"h-upmann","term_group":0,"term_taxonomy_id":193,"taxonomy":"brand","description":"[elementor-template id=\"15563\"]","parent":0,"count":22,"filter":"raw"}],"product_cat":[168,169,147,586],"product_tag":[],"class_list":{"0":"post-25786","1":"product","2":"type-product","3":"status-publish","4":"has-post-thumbnail","6":"brand-h-upmann","7":"product_cat-zigarren","8":"product_cat-cuba","9":"product_cat-h-upmann","10":"product_cat-linea-clasica-h-upmann","11":"pa_laenge-1262","12":"pa_orderable-no","13":"pa_ringmass-1261","14":"pa_verpackungseinheit-25er-kiste","15":"pa_verpackungseinheit-einzeln","17":"first","18":"instock","19":"taxable","20":"shipping-taxable","21":"product-type-variable"},"acf":[],"_links":{"self":[{"href":"https:\/\/www.lcdh-bonn.de\/en\/wp-json\/wp\/v2\/product\/25786","targetHints":{"allow":["GET"]}}],"collection":[{"href":"https:\/\/www.lcdh-bonn.de\/en\/wp-json\/wp\/v2\/product"}],"about":[{"href":"https:\/\/www.lcdh-bonn.de\/en\/wp-json\/wp\/v2\/types\/product"}],"replies":[{"embeddable":true,"href":"https:\/\/www.lcdh-bonn.de\/en\/wp-json\/wp\/v2\/comments?post=25786"}],"wp:featuredmedia":[{"embeddable":true,"href":"https:\/\/www.lcdh-bonn.de\/en\/wp-json\/wp\/v2\/media\/35521"}],"wp:attachment":[{"href":"https:\/\/www.lcdh-bonn.de\/en\/wp-json\/wp\/v2\/media?parent=25786"}],"wp:term":[{"taxonomy":"brand","embeddable":true,"href":"https:\/\/www.lcdh-bonn.de\/en\/wp-json\/wp\/v2\/etheme_brands?post=25786"},{"taxonomy":"product_cat","embeddable":true,"href":"https:\/\/www.lcdh-bonn.de\/en\/wp-json\/wp\/v2\/product_cat?post=25786"},{"taxonomy":"product_tag","embeddable":true,"href":"https:\/\/www.lcdh-bonn.de\/en\/wp-json\/wp\/v2\/product_tag?post=25786"}],"curies":[{"name":"wp","href":"https:\/\/api.w.org\/{rel}","templated":true}]}}