{"id":25815,"date":"2022-08-02T19:56:06","date_gmt":"2022-08-02T17:56:06","guid":{"rendered":"https:\/\/torbru.athene.wpspace.me\/product\/h-upmann-magnum-54\/"},"modified":"2026-02-28T16:37:11","modified_gmt":"2026-02-28T14:37:11","slug":"h-upmann-linea-magnum-magnum-54","status":"publish","type":"product","link":"https:\/\/www.lcdh-bonn.de\/en\/product\/h-upmann-linea-magnum-magnum-54\/","title":{"rendered":"H. Upmann Linea Magnum Magnum 54"},"content":{"rendered":"<p>Die H. Upmann Magnum 54 verk\u00f6rpert kubanische Zigarrenkunst in ihrer elegantesten Form. Diese beeindruckende Vitola im Format Magnum 54 (L\u00e4nge: 120 mm, Ringma\u00df: 54) entstammt den renommierten Manufakturen der Region Pinar del R\u00edo.<\/p>\n<p>Kenner sch\u00e4tzen die ausgewogene Tabakmischung aus handverlesenen Vuelta Abajo Tabaken, die sich in einer mittleren bis kr\u00e4ftigen St\u00e4rke pr\u00e4sentiert. Die gesch\u00e4tzte Rauchdauer von etwa 60 Minuten verspricht ein entspanntes Genusserlebnis.<\/p>\n<div style=\"text-align: center;\">\n<ul style=\"list-style-type: none;\">\n<li>\u2713 Format: Magnum 54<\/li>\n<li>\u2713 L\u00e4nge: 120 mm<\/li>\n<li>\u2713 Ringma\u00df: 54<\/li>\n<li>\u2713 St\u00e4rke: Mittel bis kr\u00e4ftig<\/li>\n<li>\u2713 Rauchdauer: ca. 60 Minuten<\/li>\n<\/ul>\n<\/div>\n<p>Erfahrene Aficionados berichten von einem komplexen Aromenprofil mit Noten von ger\u00f6steten N\u00fcssen, feiner W\u00fcrze und einem Hauch von Zedernholz. Im Rauchverlauf entwickelt sich eine cremige Textur mit subtilen Kakao- und Ledernuancen.<\/p>\n<p>Die 1844 gegr\u00fcndete Marke H. Upmann steht f\u00fcr traditionelle Handwerkskunst und begeistert bis heute mit ihrer konstant hohen Qualit\u00e4t. Die Magnum 54 ist wahlweise in 10er, 25er Kisten oder als Einzelzigarre erh\u00e4ltlich.<\/p>\n<p>Ein idealer Begleiter f\u00fcr besondere Momente, sei es zum Gesch\u00e4ftsabschluss oder als kr\u00f6nender Abschluss eines gelungenen Dinners.<\/p>\n<p><small>Hersteller-\/Inverkehrbringerinformation:<br \/>\n5THAVENUE Products Trading-GmbH<br \/>\nSchwarzenbergstra\u00dfe 3-7<br \/>\nD-79761 Waldshut-T<\/p>","protected":false},"excerpt":{"rendered":"<p>Die H. Upmann Magnum 54 verk\u00f6rpert kubanische Zigarrenkunst in ihrer elegantesten Form. Diese beeindruckende Vitola im Format Magnum 54 (L\u00e4nge: 120 mm, Ringma\u00df: 54) entstammt den renommierten Manufakturen der Region Pinar del R\u00edo. Kenner sch\u00e4tzen die ausgewogene Tabakmischung aus handverlesenen Vuelta Abajo Tabaken, die sich in einer mittleren bis kr\u00e4ftigen St\u00e4rke pr\u00e4sentiert. Die gesch\u00e4tzte Rauchdauer von etwa 60 Minuten verspricht ein entspanntes Genusserlebnis. \u2713 Format: Magnum 54 \u2713 L\u00e4nge: 120 mm \u2713 Ringma\u00df: 54 \u2713 St\u00e4rke: Mittel bis kr\u00e4ftig \u2713&#8230;<\/p>","protected":false},"featured_media":35529,"comment_status":"closed","ping_status":"closed","template":"","meta":{"_acf_changed":false},"etheme_brands":[{"term_id":193,"name":"H. Upmann","slug":"h-upmann","term_group":0,"term_taxonomy_id":193,"taxonomy":"brand","description":"[elementor-template id=\"15563\"]","parent":0,"count":22,"filter":"raw"}],"product_cat":[168,169,147,520],"product_tag":[],"class_list":{"0":"post-25815","1":"product","2":"type-product","3":"status-publish","4":"has-post-thumbnail","6":"brand-h-upmann","7":"product_cat-zigarren","8":"product_cat-cuba","9":"product_cat-h-upmann","10":"product_cat-linea-magnum","11":"pa_laenge-1182","12":"pa_orderable-no","13":"pa_ringmass-1249","14":"pa_verpackungseinheit-10er-kiste","15":"pa_verpackungseinheit-25er-kiste","16":"pa_verpackungseinheit-einzeln","18":"first","19":"instock","20":"taxable","21":"shipping-taxable","22":"product-type-variable"},"acf":[],"_links":{"self":[{"href":"https:\/\/www.lcdh-bonn.de\/en\/wp-json\/wp\/v2\/product\/25815","targetHints":{"allow":["GET"]}}],"collection":[{"href":"https:\/\/www.lcdh-bonn.de\/en\/wp-json\/wp\/v2\/product"}],"about":[{"href":"https:\/\/www.lcdh-bonn.de\/en\/wp-json\/wp\/v2\/types\/product"}],"replies":[{"embeddable":true,"href":"https:\/\/www.lcdh-bonn.de\/en\/wp-json\/wp\/v2\/comments?post=25815"}],"wp:featuredmedia":[{"embeddable":true,"href":"https:\/\/www.lcdh-bonn.de\/en\/wp-json\/wp\/v2\/media\/35529"}],"wp:attachment":[{"href":"https:\/\/www.lcdh-bonn.de\/en\/wp-json\/wp\/v2\/media?parent=25815"}],"wp:term":[{"taxonomy":"brand","embeddable":true,"href":"https:\/\/www.lcdh-bonn.de\/en\/wp-json\/wp\/v2\/etheme_brands?post=25815"},{"taxonomy":"product_cat","embeddable":true,"href":"https:\/\/www.lcdh-bonn.de\/en\/wp-json\/wp\/v2\/product_cat?post=25815"},{"taxonomy":"product_tag","embeddable":true,"href":"https:\/\/www.lcdh-bonn.de\/en\/wp-json\/wp\/v2\/product_tag?post=25815"}],"curies":[{"name":"wp","href":"https:\/\/api.w.org\/{rel}","templated":true}]}}