{"id":25828,"date":"2022-08-02T19:56:06","date_gmt":"2022-08-02T17:56:06","guid":{"rendered":"https:\/\/torbru.athene.wpspace.me\/product\/h-upmann-regalias\/"},"modified":"2026-02-26T14:11:41","modified_gmt":"2026-02-26T12:11:41","slug":"h-upmann-linea-clasica-regalias","status":"publish","type":"product","link":"https:\/\/www.lcdh-bonn.de\/en\/product\/h-upmann-linea-clasica-regalias\/","title":{"rendered":"H. Upmann Linea Clasica Regalias"},"content":{"rendered":"<p>Die H. Upmann Regalias verk\u00f6rpert die zeitlose Eleganz der kubanischen Zigarrenkunst im beliebten Petit Corona Format. Mit einer L\u00e4nge von 129 mm und einem Ringma\u00df von 42 pr\u00e4sentiert sie sich als idealer Begleiter f\u00fcr den genussvollen Moment zwischendurch.<\/p>\n<ul style=\"text-align: center;\">\n\u2022 Format: Petit Corona (Vitola de Galera: Regalias)<br \/>\n\u2022 L\u00e4nge: 129 mm<br \/>\n\u2022 Ringma\u00df: 42<br \/>\n\u2022 St\u00e4rke: Mild bis Medium<br \/>\n\u2022 Rauchdauer: ca. 30-40 Minuten<br \/>\n\u2022 Herkunft: Kuba, Pinar del R\u00edo<br \/>\n\u2022 Verpackung: 25er Kiste, Einzeln erh\u00e4ltlich\n<\/ul>\n<p>Diese klassische Habano wird ausschlie\u00dflich aus erlesenen Tabaken der Vuelta Abajo Region gefertigt. Kenner sch\u00e4tzen das ausgewogene Geschmacksprofil mit dezenten Noten von Zedernholz, leichter W\u00fcrze und einem Hauch von s\u00fc\u00dfem Kakao. Erfahrene Aficionados berichten von einer angenehmen Entwicklung von milden R\u00f6staromen bis hin zu einer sanften Cremigkeit im letzten Drittel.<\/p>\n<p>Die Geschichte der Marke reicht bis ins Jahr 1844 zur\u00fcck, als der deutsche Bankier Hermann Upmann in Havanna sein Gesch\u00e4ft er\u00f6ffnete. Die Regalias f\u00fchrt diese Tradition der deutsch-kubanischen Handwerkskunst w\u00fcrdevoll fort.<\/p>\n<p>Perfekt geeignet f\u00fcr die entspannte Mittagspause, den Sundowner oder als elegante Begleitung zu einem aromatischen Espresso.<\/p>\n<p>Hersteller-\/Inverkehrbringerinformation:<br \/>\n5THAVENUE Products Trading-GmbH<br \/>\nSchwarzenbergstra\u00dfe 3-7<br \/>\nD-79761 Waldshut-Tiengen<br \/>\ninfo@5thAvenue.de<\/p>","protected":false},"excerpt":{"rendered":"<p>Die H. Upmann Regalias verk\u00f6rpert die zeitlose Eleganz der kubanischen Zigarrenkunst im beliebten Petit Corona Format. Mit einer L\u00e4nge von 129 mm und einem Ringma\u00df von 42 pr\u00e4sentiert sie sich als idealer Begleiter f\u00fcr den genussvollen Moment zwischendurch. \u2022 Format: Petit Corona (Vitola de Galera: Regalias) \u2022 L\u00e4nge: 129 mm \u2022 Ringma\u00df: 42 \u2022 St\u00e4rke: Mild bis Medium \u2022 Rauchdauer: ca. 30-40 Minuten \u2022 Herkunft: Kuba, Pinar del R\u00edo \u2022 Verpackung: 25er Kiste, Einzeln erh\u00e4ltlich Diese klassische Habano wird ausschlie\u00dflich&#8230;<\/p>","protected":false},"featured_media":35533,"comment_status":"closed","ping_status":"closed","template":"","meta":{"_acf_changed":false},"etheme_brands":[{"term_id":193,"name":"H. Upmann","slug":"h-upmann","term_group":0,"term_taxonomy_id":193,"taxonomy":"brand","description":"[elementor-template id=\"15563\"]","parent":0,"count":22,"filter":"raw"}],"product_cat":[168,169,147,586],"product_tag":[],"class_list":{"0":"post-25828","1":"product","2":"type-product","3":"status-publish","4":"has-post-thumbnail","6":"brand-h-upmann","7":"product_cat-zigarren","8":"product_cat-cuba","9":"product_cat-h-upmann","10":"product_cat-linea-clasica-h-upmann","11":"pa_laenge-1176","12":"pa_orderable-no","13":"pa_ringmass-1216","14":"pa_verpackungseinheit-25er-kiste","15":"pa_verpackungseinheit-einzeln","17":"first","18":"instock","19":"taxable","20":"shipping-taxable","21":"product-type-variable"},"acf":[],"_links":{"self":[{"href":"https:\/\/www.lcdh-bonn.de\/en\/wp-json\/wp\/v2\/product\/25828","targetHints":{"allow":["GET"]}}],"collection":[{"href":"https:\/\/www.lcdh-bonn.de\/en\/wp-json\/wp\/v2\/product"}],"about":[{"href":"https:\/\/www.lcdh-bonn.de\/en\/wp-json\/wp\/v2\/types\/product"}],"replies":[{"embeddable":true,"href":"https:\/\/www.lcdh-bonn.de\/en\/wp-json\/wp\/v2\/comments?post=25828"}],"wp:featuredmedia":[{"embeddable":true,"href":"https:\/\/www.lcdh-bonn.de\/en\/wp-json\/wp\/v2\/media\/35533"}],"wp:attachment":[{"href":"https:\/\/www.lcdh-bonn.de\/en\/wp-json\/wp\/v2\/media?parent=25828"}],"wp:term":[{"taxonomy":"brand","embeddable":true,"href":"https:\/\/www.lcdh-bonn.de\/en\/wp-json\/wp\/v2\/etheme_brands?post=25828"},{"taxonomy":"product_cat","embeddable":true,"href":"https:\/\/www.lcdh-bonn.de\/en\/wp-json\/wp\/v2\/product_cat?post=25828"},{"taxonomy":"product_tag","embeddable":true,"href":"https:\/\/www.lcdh-bonn.de\/en\/wp-json\/wp\/v2\/product_tag?post=25828"}],"curies":[{"name":"wp","href":"https:\/\/api.w.org\/{rel}","templated":true}]}}