{"id":25941,"date":"2022-08-02T19:57:24","date_gmt":"2022-08-02T17:57:24","guid":{"rendered":"https:\/\/torbru.athene.wpspace.me\/product\/montecristo-club-2\/"},"modified":"2026-04-10T10:26:34","modified_gmt":"2026-04-10T08:26:34","slug":"montecristo-open-club","status":"publish","type":"product","link":"https:\/\/www.lcdh-bonn.de\/en\/product\/montecristo-open-club\/","title":{"rendered":"Montecristo OPEN Club"},"content":{"rendered":"<p>Die Montecristo OPEN Club verk\u00f6rpert die moderne Interpretation der legend\u00e4ren kubanischen Zigarrentradition. Mit einer L\u00e4nge von 95 mm und einem Ringma\u00df von 24 pr\u00e4sentiert sich diese Petit Corona im klassischen Format als idealer Begleiter f\u00fcr den spontanen Genussmoment.<\/p>\n<div style=\"text-align: center;\">\n\u2022 Format: Petit Corona (Mareva Chica)<br \/>\n\u2022 L\u00e4nge: 95 mm<br \/>\n\u2022 Ringma\u00df: 24<br \/>\n\u2022 Herkunft: Cuba<br \/>\n\u2022 St\u00e4rke: Mild bis Medium<br \/>\n\u2022 Rauchdauer: ca. 20-25 Minuten\n<\/div>\n<p>Handgefertigt aus erlesenen kubanischen Tabaken der Region Pinar del R\u00edo, \u00fcberzeugt die OPEN Club durch ihre ausgewogene Komposition. Kenner sch\u00e4tzen die cremigen Noten von ger\u00f6steten N\u00fcssen, die sich harmonisch mit dezenten Ankl\u00e4ngen von Zedernholz und einem Hauch von Kakao verbinden.<\/p>\n<p>Als Teil der 2009 eingef\u00fchrten OPEN Serie verk\u00f6rpert sie den modernen Lifestyle-Charakter der traditionsreichen Marke Montecristo, die seit 1935 zu den begehrtesten Habanos z\u00e4hlt.<\/p>\n<p>Erh\u00e4ltlich als Einzelzigarre, in der praktischen 5er-Schachtel oder der klassischen 20er-Box, eignet sich die OPEN Club perfekt f\u00fcr die Mittagspause, den Aperitif oder als eleganter Tagesbegleiter.<\/p>\n<p>Hersteller-\/Inverkehrbringerinformation:<br \/>\n5THAVENUE Products Trading-GmbH<br \/>\nSchwarzenbergstra\u00dfe 3-7<br \/>\nD-79761 Waldshut-Tiengen<br \/>\ninfo@5thAvenue.de<\/p>","protected":false},"excerpt":{"rendered":"<p>Die Montecristo OPEN Club verk\u00f6rpert die moderne Interpretation der legend\u00e4ren kubanischen Zigarrentradition. Mit einer L\u00e4nge von 95 mm und einem Ringma\u00df von 24 pr\u00e4sentiert sich diese Petit Corona im klassischen Format als idealer Begleiter f\u00fcr den spontanen Genussmoment. \u2022 Format: Petit Corona (Mareva Chica) \u2022 L\u00e4nge: 95 mm \u2022 Ringma\u00df: 24 \u2022 Herkunft: Cuba \u2022 St\u00e4rke: Mild bis Medium \u2022 Rauchdauer: ca. 20-25 Minuten Handgefertigt aus erlesenen kubanischen Tabaken der Region Pinar del R\u00edo, \u00fcberzeugt die OPEN Club durch ihre&#8230;<\/p>","protected":false},"featured_media":0,"comment_status":"closed","ping_status":"open","template":"","meta":{"_acf_changed":false},"etheme_brands":[{"term_id":198,"name":"Montecristo","slug":"montecristo","term_group":0,"term_taxonomy_id":198,"taxonomy":"brand","description":"[elementor-template id=\"15563\"]","parent":0,"count":47,"filter":"raw"}],"product_cat":[168,169,152,523,180],"product_tag":[],"class_list":{"0":"post-25941","1":"product","2":"type-product","3":"status-publish","5":"brand-montecristo","6":"product_cat-zigarren","7":"product_cat-cuba","8":"product_cat-montecristo","9":"product_cat-open","10":"product_cat-zigarillos","11":"pa_laenge-1236","12":"pa_orderable-yes","13":"pa_ringmass-1184","14":"pa_verpackungseinheit-20er-schachtel","15":"pa_verpackungseinheit-5er-schachtel","17":"first","18":"instock","19":"taxable","20":"shipping-taxable","21":"purchasable","22":"product-type-variable"},"acf":[],"_links":{"self":[{"href":"https:\/\/www.lcdh-bonn.de\/en\/wp-json\/wp\/v2\/product\/25941","targetHints":{"allow":["GET"]}}],"collection":[{"href":"https:\/\/www.lcdh-bonn.de\/en\/wp-json\/wp\/v2\/product"}],"about":[{"href":"https:\/\/www.lcdh-bonn.de\/en\/wp-json\/wp\/v2\/types\/product"}],"replies":[{"embeddable":true,"href":"https:\/\/www.lcdh-bonn.de\/en\/wp-json\/wp\/v2\/comments?post=25941"}],"wp:attachment":[{"href":"https:\/\/www.lcdh-bonn.de\/en\/wp-json\/wp\/v2\/media?parent=25941"}],"wp:term":[{"taxonomy":"brand","embeddable":true,"href":"https:\/\/www.lcdh-bonn.de\/en\/wp-json\/wp\/v2\/etheme_brands?post=25941"},{"taxonomy":"product_cat","embeddable":true,"href":"https:\/\/www.lcdh-bonn.de\/en\/wp-json\/wp\/v2\/product_cat?post=25941"},{"taxonomy":"product_tag","embeddable":true,"href":"https:\/\/www.lcdh-bonn.de\/en\/wp-json\/wp\/v2\/product_tag?post=25941"}],"curies":[{"name":"wp","href":"https:\/\/api.w.org\/{rel}","templated":true}]}}