{"id":25944,"date":"2022-08-02T19:57:24","date_gmt":"2022-08-02T17:57:24","guid":{"rendered":"https:\/\/torbru.athene.wpspace.me\/product\/montecristo-mini-2\/"},"modified":"2026-03-24T17:40:20","modified_gmt":"2026-03-24T15:40:20","slug":"montecristo-open-mini","status":"publish","type":"product","link":"https:\/\/www.lcdh-bonn.de\/en\/product\/montecristo-open-mini\/","title":{"rendered":"Montecristo OPEN Mini"},"content":{"rendered":"<p>Die Montecristo OPEN Mini verk\u00f6rpert die Essenz kubanischer Zigarrenkunst in kompakter Form. Diese handgefertigte Kleinformat-Zigarre aus der renommierten OPEN Serie pr\u00e4sentiert sich mit einer L\u00e4nge von 82 mm bei einem Ringma\u00df von 20.<\/p>\n<ul style=\"margin: 20px 0; padding: 20px; background-color: #f9f9f9;\">\n\u2022 Format: Mini (Vitola de Galera)<br \/>\n\u2022 Herkunft: Cuba<br \/>\n\u2022 L\u00e4nge: 82 mm<br \/>\n\u2022 Ringma\u00df: 20<br \/>\n\u2022 St\u00e4rke: mild bis medium<br \/>\n\u2022 Rauchdauer: ca. 10-15 Minuten<br \/>\n\u2022 Verpackung: 5er oder 20er Schachtel\n<\/ul>\n<p>Kenner sch\u00e4tzen das ausgewogene Aromenprofil mit dezenten Noten von ger\u00f6steten N\u00fcssen, Kakao und einem Hauch von Zedernholz. Die sorgf\u00e4ltig selektierte Tabakmischung aus der Vuelta Abajo Region entfaltet sich harmonisch \u00fcber den gesamten Rauchverlauf.<\/p>\n<p>Die 1935 gegr\u00fcndete Marke Montecristo z\u00e4hlt zu den bekanntesten kubanischen Zigarrenmarken und steht f\u00fcr konstante Qualit\u00e4t und Finesse. Die OPEN Serie wurde speziell entwickelt, um sowohl Einsteigern als auch erfahrenen Aficionados ein zug\u00e4ngliches Geschmackserlebnis zu bieten.<\/p>\n<p>Ein idealer Begleiter f\u00fcr die kleine Genuss-Pause zwischendurch, auf dem Golfplatz oder als Einsteigerzigarre f\u00fcr besondere Momente.<\/p>\n<p><small>Hersteller-\/Inverkehrbringerinformation:<br \/>\n5THAVENUE Products Trading-GmbH<br \/>\nSchwarzenbergstra\u00dfe 3-7<br \/>\nD-79761 Waldshut-Tiengen<br \/>\ninfo@5thAvenue.de<\/small><\/p>","protected":false},"excerpt":{"rendered":"<p>Die Montecristo OPEN Mini verk\u00f6rpert die Essenz kubanischer Zigarrenkunst in kompakter Form. Diese handgefertigte Kleinformat-Zigarre aus der renommierten OPEN Serie pr\u00e4sentiert sich mit einer L\u00e4nge von 82 mm bei einem Ringma\u00df von 20. \u2022 Format: Mini (Vitola de Galera) \u2022 Herkunft: Cuba \u2022 L\u00e4nge: 82 mm \u2022 Ringma\u00df: 20 \u2022 St\u00e4rke: mild bis medium \u2022 Rauchdauer: ca. 10-15 Minuten \u2022 Verpackung: 5er oder 20er Schachtel Kenner sch\u00e4tzen das ausgewogene Aromenprofil mit dezenten Noten von ger\u00f6steten N\u00fcssen, Kakao und einem Hauch&#8230;<\/p>","protected":false},"featured_media":0,"comment_status":"closed","ping_status":"open","template":"","meta":{"_acf_changed":false},"etheme_brands":[{"term_id":198,"name":"Montecristo","slug":"montecristo","term_group":0,"term_taxonomy_id":198,"taxonomy":"brand","description":"[elementor-template id=\"15563\"]","parent":0,"count":47,"filter":"raw"}],"product_cat":[168,169,152,523],"product_tag":[],"class_list":{"0":"post-25944","1":"product","2":"type-product","3":"status-publish","5":"brand-montecristo","6":"product_cat-zigarren","7":"product_cat-cuba","8":"product_cat-montecristo","9":"product_cat-open","10":"pa_laenge-1214","11":"pa_orderable-yes","12":"pa_ringmass-1239","13":"pa_verpackungseinheit-20er-schachtel","14":"pa_verpackungseinheit-5er-schachtel","16":"first","17":"instock","18":"taxable","19":"shipping-taxable","20":"purchasable","21":"product-type-variable"},"acf":[],"_links":{"self":[{"href":"https:\/\/www.lcdh-bonn.de\/en\/wp-json\/wp\/v2\/product\/25944","targetHints":{"allow":["GET"]}}],"collection":[{"href":"https:\/\/www.lcdh-bonn.de\/en\/wp-json\/wp\/v2\/product"}],"about":[{"href":"https:\/\/www.lcdh-bonn.de\/en\/wp-json\/wp\/v2\/types\/product"}],"replies":[{"embeddable":true,"href":"https:\/\/www.lcdh-bonn.de\/en\/wp-json\/wp\/v2\/comments?post=25944"}],"wp:attachment":[{"href":"https:\/\/www.lcdh-bonn.de\/en\/wp-json\/wp\/v2\/media?parent=25944"}],"wp:term":[{"taxonomy":"brand","embeddable":true,"href":"https:\/\/www.lcdh-bonn.de\/en\/wp-json\/wp\/v2\/etheme_brands?post=25944"},{"taxonomy":"product_cat","embeddable":true,"href":"https:\/\/www.lcdh-bonn.de\/en\/wp-json\/wp\/v2\/product_cat?post=25944"},{"taxonomy":"product_tag","embeddable":true,"href":"https:\/\/www.lcdh-bonn.de\/en\/wp-json\/wp\/v2\/product_tag?post=25944"}],"curies":[{"name":"wp","href":"https:\/\/api.w.org\/{rel}","templated":true}]}}