{"id":26057,"date":"2022-08-02T19:58:04","date_gmt":"2022-08-02T17:58:04","guid":{"rendered":"https:\/\/torbru.athene.wpspace.me\/product\/partagas-puritos\/"},"modified":"2026-03-24T17:40:33","modified_gmt":"2026-03-24T15:40:33","slug":"partagas-linea-serie-puritos","status":"publish","type":"product","link":"https:\/\/www.lcdh-bonn.de\/en\/product\/partagas-linea-serie-puritos\/","title":{"rendered":"Partagas Linea Series Puritos"},"content":{"rendered":"<p>Die Partagas Linea Serie Puritos verk\u00f6rpert die Essenz kubanischer Zigarrenkunst im kompakten Format. Diese handgefertigte Puritos aus der renommierten Manufaktur Partagas vereint Tradition und Genuss in einer kurzen, aber intensiven Rauchzeit.<\/p>\n<div style=\"text-align: center;\">\n\u2022 Format: Puritos (Cuba)<br \/>\n\u2022 L\u00e4nge: 112 mm<br \/>\n\u2022 Ringma\u00df: 28<br \/>\n\u2022 Herkunft: Cuba, Manufaktur Partagas<br \/>\n\u2022 St\u00e4rke: Medium bis kr\u00e4ftig<br \/>\n\u2022 Rauchdauer: ca. 15-20 Minuten<br \/>\n\u2022 Verpackung: 5er Schachtel\n<\/div>\n<p>Kenner sch\u00e4tzen das ausgewogene Aromenprofil mit w\u00fcrzigen Noten von Zedernholz, gepaart mit einer dezenten Kakao-Note und einem Hauch von ger\u00f6steten N\u00fcssen. Der Rauchverlauf pr\u00e4sentiert sich harmonisch mit einer angenehmen Entwicklung von mild-w\u00fcrzig zu einem charaktervollen Finale.<\/p>\n<p>Die Geschichte von Partagas reicht bis ins Jahr 1845 zur\u00fcck, als Don Jaime Partagas seine legend\u00e4re Manufaktur in Havanna gr\u00fcndete. Noch heute werden die Zigarren in der historischen Fabrik &#8220;Real F\u00e1brica de Tabacos Partag\u00e1s&#8221; gefertigt, die zu den bekanntesten Wahrzeichen Havannas z\u00e4hlt.<\/p>\n<p>Diese Puritos eignet sich perfekt f\u00fcr die kleine Genuss-Pause zwischendurch, den Espresso am Nachmittag oder als Einsteigerzigarre in die Welt der kubanischen Premiumzigarren.<\/p>\n<p>Hersteller-\/Inverkehrbringerinformation:<br \/>\n5THAVENUE Products Trading-GmbH<br \/>\nSchwarzenbergstra\u00dfe 3-7<br \/>\nD-79761 Waldshut-Tiengen<br \/>\ninfo@5thAvenue.de<\/p>","protected":false},"excerpt":{"rendered":"<p>Die Partagas Linea Serie Puritos verk\u00f6rpert die Essenz kubanischer Zigarrenkunst im kompakten Format. Diese handgefertigte Puritos aus der renommierten Manufaktur Partagas vereint Tradition und Genuss in einer kurzen, aber intensiven Rauchzeit. \u2022 Format: Puritos (Cuba) \u2022 L\u00e4nge: 112 mm \u2022 Ringma\u00df: 28 \u2022 Herkunft: Cuba, Manufaktur Partagas \u2022 St\u00e4rke: Medium bis kr\u00e4ftig \u2022 Rauchdauer: ca. 15-20 Minuten \u2022 Verpackung: 5er Schachtel Kenner sch\u00e4tzen das ausgewogene Aromenprofil mit w\u00fcrzigen Noten von Zedernholz, gepaart mit einer dezenten Kakao-Note und einem Hauch von&#8230;<\/p>","protected":false},"featured_media":0,"comment_status":"closed","ping_status":"open","template":"","meta":{"_acf_changed":false},"etheme_brands":[{"term_id":199,"name":"Partagas","slug":"partagas","term_group":0,"term_taxonomy_id":199,"taxonomy":"brand","description":"[elementor-template id=\"15563\"]","parent":0,"count":52,"filter":"raw"}],"product_cat":[168,169,153,525],"product_tag":[],"class_list":{"0":"post-26057","1":"product","2":"type-product","3":"status-publish","5":"brand-partagas","6":"product_cat-zigarren","7":"product_cat-cuba","8":"product_cat-partagas","9":"product_cat-linea-serie","10":"pa_laenge-1175","11":"pa_orderable-no","12":"pa_ringmass-1189","13":"pa_verpackungseinheit-5er-schachtel","15":"first","16":"instock","17":"taxable","18":"shipping-taxable","19":"purchasable","20":"product-type-variable"},"acf":[],"_links":{"self":[{"href":"https:\/\/www.lcdh-bonn.de\/en\/wp-json\/wp\/v2\/product\/26057","targetHints":{"allow":["GET"]}}],"collection":[{"href":"https:\/\/www.lcdh-bonn.de\/en\/wp-json\/wp\/v2\/product"}],"about":[{"href":"https:\/\/www.lcdh-bonn.de\/en\/wp-json\/wp\/v2\/types\/product"}],"replies":[{"embeddable":true,"href":"https:\/\/www.lcdh-bonn.de\/en\/wp-json\/wp\/v2\/comments?post=26057"}],"wp:attachment":[{"href":"https:\/\/www.lcdh-bonn.de\/en\/wp-json\/wp\/v2\/media?parent=26057"}],"wp:term":[{"taxonomy":"brand","embeddable":true,"href":"https:\/\/www.lcdh-bonn.de\/en\/wp-json\/wp\/v2\/etheme_brands?post=26057"},{"taxonomy":"product_cat","embeddable":true,"href":"https:\/\/www.lcdh-bonn.de\/en\/wp-json\/wp\/v2\/product_cat?post=26057"},{"taxonomy":"product_tag","embeddable":true,"href":"https:\/\/www.lcdh-bonn.de\/en\/wp-json\/wp\/v2\/product_tag?post=26057"}],"curies":[{"name":"wp","href":"https:\/\/api.w.org\/{rel}","templated":true}]}}