{"id":26136,"date":"2022-08-02T19:58:46","date_gmt":"2022-08-02T17:58:46","guid":{"rendered":"https:\/\/torbru.athene.wpspace.me\/product\/quai-dorsay-no-50\/"},"modified":"2026-03-02T17:09:06","modified_gmt":"2026-03-02T15:09:06","slug":"quai-dorsay-no-50","status":"publish","type":"product","link":"https:\/\/www.lcdh-bonn.de\/en\/product\/quai-dorsay-no-50\/","title":{"rendered":"Quai d'Orsay No.50"},"content":{"rendered":"<p>Die Quai d&#8217;Orsay No.50 verk\u00f6rpert franz\u00f6sische Finesse vereint mit kubanischer Handwerkskunst. Diese elegante Habano im Format D No.5 (L\u00e4nge: 110 mm, Ringma\u00df: 50) wird ausschlie\u00dflich aus erlesenen Tabaken der Vuelta Abajo Region gefertigt.<\/p>\n<p>Kenner sch\u00e4tzen den sanft-w\u00fcrzigen Charakter dieser mittelkr\u00e4ftigen Zigarre, die f\u00fcr etwa 45 Minuten Rauchgenuss sorgt. Erfahrene Aficionados berichten von einem komplexen Aromenspektrum mit Noten von Zedernholz, feiner Vanille und einem Hauch von wei\u00dfem Pfeffer. Im Rauchverlauf entwickelt sich eine angenehme cremige Textur mit subtilen floralen Nuancen.<\/p>\n<div style=\"text-align: center;\">\n<ul style=\"list-style-type: none;\">\n<li>\u2713 Format: D No.5 (110 x 50)<\/li>\n<li>\u2713 St\u00e4rke: Medium<\/li>\n<li>\u2713 Herkunft: Vuelta Abajo, Kuba<\/li>\n<li>\u2713 Rauchdauer: ca. 45 Minuten<\/li>\n<li>\u2713 Verf\u00fcgbar als: 10er Kiste, 25er Kiste, Einzeln<\/li>\n<\/ul>\n<\/div>\n<p>Die 1973 f\u00fcr den franz\u00f6sischen Markt kreierte Marke Quai d&#8217;Orsay verdankt ihren Namen der prestigetr\u00e4chtigen Pariser Uferstra\u00dfe. Ideal f\u00fcr entspannte Nachmittagsstunden oder als stilvoller Begleiter zu einem guten Cognac.<\/p>\n<p><small>Hersteller-\/Inverkehrbringerinformation:<br \/>\n5THAVENUE Products Trading-GmbH<br \/>\nSchwarzenbergstra\u00dfe 3-7<br \/>\nD-79761 Waldshut-Tiengen<br \/>\ninfo@5thAvenue.de<\/small><\/p>","protected":false},"excerpt":{"rendered":"<p>Die Quai d&#8217;Orsay No.50 verk\u00f6rpert franz\u00f6sische Finesse vereint mit kubanischer Handwerkskunst. Diese elegante Habano im Format D No.5 (L\u00e4nge: 110 mm, Ringma\u00df: 50) wird ausschlie\u00dflich aus erlesenen Tabaken der Vuelta Abajo Region gefertigt. Kenner sch\u00e4tzen den sanft-w\u00fcrzigen Charakter dieser mittelkr\u00e4ftigen Zigarre, die f\u00fcr etwa 45 Minuten Rauchgenuss sorgt. Erfahrene Aficionados berichten von einem komplexen Aromenspektrum mit Noten von Zedernholz, feiner Vanille und einem Hauch von wei\u00dfem Pfeffer. Im Rauchverlauf entwickelt sich eine angenehme cremige Textur mit subtilen floralen Nuancen. \u2713&#8230;<\/p>","protected":false},"featured_media":35604,"comment_status":"closed","ping_status":"closed","template":"","meta":{"_acf_changed":false},"etheme_brands":[{"term_id":202,"name":"Quai d'Orsay","slug":"quai-dorsay","term_group":0,"term_taxonomy_id":202,"taxonomy":"brand","description":"[elementor-template id=\"15563\"]","parent":0,"count":3,"filter":"raw"}],"product_cat":[168,169,156],"product_tag":[],"class_list":{"0":"post-26136","1":"product","2":"type-product","3":"status-publish","4":"has-post-thumbnail","6":"brand-quai-dorsay","7":"product_cat-zigarren","8":"product_cat-cuba","9":"product_cat-quai-dorsay","10":"pa_laenge-778","11":"pa_orderable-no","12":"pa_ringmass-1232","13":"pa_verpackungseinheit-10er-kiste","14":"pa_verpackungseinheit-25er-kiste","15":"pa_verpackungseinheit-einzeln","17":"first","18":"instock","19":"taxable","20":"shipping-taxable","21":"product-type-variable"},"acf":[],"_links":{"self":[{"href":"https:\/\/www.lcdh-bonn.de\/en\/wp-json\/wp\/v2\/product\/26136","targetHints":{"allow":["GET"]}}],"collection":[{"href":"https:\/\/www.lcdh-bonn.de\/en\/wp-json\/wp\/v2\/product"}],"about":[{"href":"https:\/\/www.lcdh-bonn.de\/en\/wp-json\/wp\/v2\/types\/product"}],"replies":[{"embeddable":true,"href":"https:\/\/www.lcdh-bonn.de\/en\/wp-json\/wp\/v2\/comments?post=26136"}],"wp:featuredmedia":[{"embeddable":true,"href":"https:\/\/www.lcdh-bonn.de\/en\/wp-json\/wp\/v2\/media\/35604"}],"wp:attachment":[{"href":"https:\/\/www.lcdh-bonn.de\/en\/wp-json\/wp\/v2\/media?parent=26136"}],"wp:term":[{"taxonomy":"brand","embeddable":true,"href":"https:\/\/www.lcdh-bonn.de\/en\/wp-json\/wp\/v2\/etheme_brands?post=26136"},{"taxonomy":"product_cat","embeddable":true,"href":"https:\/\/www.lcdh-bonn.de\/en\/wp-json\/wp\/v2\/product_cat?post=26136"},{"taxonomy":"product_tag","embeddable":true,"href":"https:\/\/www.lcdh-bonn.de\/en\/wp-json\/wp\/v2\/product_tag?post=26136"}],"curies":[{"name":"wp","href":"https:\/\/api.w.org\/{rel}","templated":true}]}}