{"id":26160,"date":"2022-08-02T19:59:26","date_gmt":"2022-08-02T17:59:26","guid":{"rendered":"https:\/\/torbru.athene.wpspace.me\/product\/quintero-panetelas\/"},"modified":"2026-02-11T18:40:41","modified_gmt":"2026-02-11T16:40:41","slug":"quintero-panetelas","status":"publish","type":"product","link":"https:\/\/www.lcdh-bonn.de\/en\/product\/quintero-panetelas\/","title":{"rendered":"Quintero Panetelas"},"content":{"rendered":"<p>Die Quintero Panetelas verk\u00f6rpert die authentische Handwerkskunst der kubanischen Zigarrenmanufaktur. Im klassischen Vegueritos-Format mit einer L\u00e4nge von 127 mm und einem Ringma\u00df von 37 pr\u00e4sentiert sie sich schlank und elegant.<\/p>\n<p>Gefertigt aus ausgew\u00e4hlten Tabaken der Vuelta Abajo Region, \u00fcberzeugt diese vollst\u00e4ndig handgefertigte Zigarre mit ihrer mittleren St\u00e4rke. Die Rauchdauer von etwa 30-40 Minuten macht sie zum idealen Begleiter f\u00fcr eine genussvolle Pause.<\/p>\n<ul style=\"margin-left: 20px;\">\n\u2022 Format: Vegueritos (127 mm x 37)<br \/>\n\u2022 Herkunft: Kuba, Vuelta Abajo<br \/>\n\u2022 St\u00e4rke: Medium<br \/>\n\u2022 Rauchdauer: 30-40 Minuten<br \/>\n\u2022 Verpackung: 25er Kiste oder Einzeln\n<\/ul>\n<p>Kenner sch\u00e4tzen das ausgewogene Aromenprofil mit Noten von ger\u00f6steten N\u00fcssen, Zedernholz und einem Hauch von Kakao. Im Rauchverlauf entwickelt sich eine angenehme Cremigkeit, die von dezenten Gew\u00fcrznoten begleitet wird.<\/p>\n<p>Die 1934 gegr\u00fcndete Marke Quintero steht f\u00fcr traditionelle kubanische Zigarrenkunst und ist besonders bei Einsteigern und Kennern gleicherma\u00dfen beliebt, die eine authentische, unkomplizierte Havanna suchen. Perfekt geeignet f\u00fcr entspannte Momente am Nachmittag oder als Begleitung zu einem aromatischen Kaffee.<\/p>\n<p><small>Hersteller-\/Inverkehrbringerinformation:<br \/>\n5THAVENUE Products Trading-GmbH<br \/>\nSchwarzenbergstra\u00dfe 3-7<br \/>\nD-79761 Waldshut-Tiengen<br \/>\ninfo@5thAvenue.de<\/small><\/p>","protected":false},"excerpt":{"rendered":"<p>Die Quintero Panetelas verk\u00f6rpert die authentische Handwerkskunst der kubanischen Zigarrenmanufaktur. Im klassischen Vegueritos-Format mit einer L\u00e4nge von 127 mm und einem Ringma\u00df von 37 pr\u00e4sentiert sie sich schlank und elegant. Gefertigt aus ausgew\u00e4hlten Tabaken der Vuelta Abajo Region, \u00fcberzeugt diese vollst\u00e4ndig handgefertigte Zigarre mit ihrer mittleren St\u00e4rke. Die Rauchdauer von etwa 30-40 Minuten macht sie zum idealen Begleiter f\u00fcr eine genussvolle Pause. \u2022 Format: Vegueritos (127 mm x 37) \u2022 Herkunft: Kuba, Vuelta Abajo \u2022 St\u00e4rke: Medium \u2022 Rauchdauer: 30-40&#8230;<\/p>","protected":false},"featured_media":35610,"comment_status":"closed","ping_status":"open","template":"","meta":{"_acf_changed":false},"etheme_brands":[{"term_id":203,"name":"Quintero","slug":"quintero","term_group":0,"term_taxonomy_id":203,"taxonomy":"brand","description":"[elementor-template id=\"15563\"]","parent":0,"count":6,"filter":"raw"}],"product_cat":[168,169,157],"product_tag":[],"class_list":{"0":"post-26160","1":"product","2":"type-product","3":"status-publish","4":"has-post-thumbnail","6":"brand-quintero","7":"product_cat-zigarren","8":"product_cat-cuba","9":"product_cat-quintero","10":"pa_laenge-1269","11":"pa_orderable-no","12":"pa_ringmass-777","13":"pa_verpackungseinheit-25er-kiste","14":"pa_verpackungseinheit-einzeln","16":"first","17":"instock","18":"taxable","19":"shipping-taxable","20":"product-type-variable"},"acf":[],"_links":{"self":[{"href":"https:\/\/www.lcdh-bonn.de\/en\/wp-json\/wp\/v2\/product\/26160","targetHints":{"allow":["GET"]}}],"collection":[{"href":"https:\/\/www.lcdh-bonn.de\/en\/wp-json\/wp\/v2\/product"}],"about":[{"href":"https:\/\/www.lcdh-bonn.de\/en\/wp-json\/wp\/v2\/types\/product"}],"replies":[{"embeddable":true,"href":"https:\/\/www.lcdh-bonn.de\/en\/wp-json\/wp\/v2\/comments?post=26160"}],"wp:featuredmedia":[{"embeddable":true,"href":"https:\/\/www.lcdh-bonn.de\/en\/wp-json\/wp\/v2\/media\/35610"}],"wp:attachment":[{"href":"https:\/\/www.lcdh-bonn.de\/en\/wp-json\/wp\/v2\/media?parent=26160"}],"wp:term":[{"taxonomy":"brand","embeddable":true,"href":"https:\/\/www.lcdh-bonn.de\/en\/wp-json\/wp\/v2\/etheme_brands?post=26160"},{"taxonomy":"product_cat","embeddable":true,"href":"https:\/\/www.lcdh-bonn.de\/en\/wp-json\/wp\/v2\/product_cat?post=26160"},{"taxonomy":"product_tag","embeddable":true,"href":"https:\/\/www.lcdh-bonn.de\/en\/wp-json\/wp\/v2\/product_tag?post=26160"}],"curies":[{"name":"wp","href":"https:\/\/api.w.org\/{rel}","templated":true}]}}