{"id":26218,"date":"2022-08-02T19:59:26","date_gmt":"2022-08-02T17:59:26","guid":{"rendered":"https:\/\/torbru.athene.wpspace.me\/product\/romeo-y-julieta-exhibicion-no-4\/"},"modified":"2026-01-29T17:19:12","modified_gmt":"2026-01-29T15:19:12","slug":"romeo-y-julieta-linea-clasica-exhibicion-no-4","status":"publish","type":"product","link":"https:\/\/www.lcdh-bonn.de\/en\/product\/romeo-y-julieta-linea-clasica-exhibicion-no-4\/","title":{"rendered":"Romeo y Julieta Linea Clasica Exhibici\u00f3n No.4"},"content":{"rendered":"<p>Die Romeo y Julieta Exhibici\u00f3n No.4 verk\u00f6rpert die zeitlose Eleganz der kubanischen Zigarrenkunst. Im klassischen Hermosos No.4 Format gefertigt, pr\u00e4sentiert sich diese Habano als perfekter Begleiter f\u00fcr den gehobenen Genussmoment.<\/p>\n<p>Handgefertigt aus erlesenen Tabaken der Vuelta Abajo Region, entfaltet diese mittelkr\u00e4ftige Zigarre ihre Aromen \u00fcber etwa 45-50 Minuten. Kenner sch\u00e4tzen die ausgewogene Komplexit\u00e4t, die sich von den ersten Z\u00fcgen bis zum Finale stetig entwickelt.<\/p>\n<div style=\"text-align: center;\">\n<ul style=\"list-style-type: none;\">\n<li>Format: Hermosos No.4<\/li>\n<li>L\u00e4nge: 127 mm<\/li>\n<li>Ringma\u00df: 48<\/li>\n<li>St\u00e4rke: Medium<\/li>\n<li>Herkunft: Kuba, Vuelta Abajo<\/li>\n<li>Rauchdauer: 45-50 Minuten<\/li>\n<\/ul>\n<\/div>\n<p>Erfahrene Aficionados berichten von einem cremigen Auftakt mit feinen Noten von Zedernholz und ger\u00f6steten N\u00fcssen. Im weiteren Verlauf gesellen sich dezente Ankl\u00e4nge von Leder und s\u00fc\u00dflichen Gew\u00fcrzen hinzu.<\/p>\n<p>Die Marke Romeo y Julieta, gegr\u00fcndet 1875, verdankt ihren Namen Shakespeares unsterblichem Liebesdrama. Winston Churchill z\u00e4hlte zu ihren bekanntesten Aficionados.<\/p>\n<p>Erh\u00e4ltlich als:<br \/>\n&#8211; 25er Kiste<br \/>\n&#8211; Einzeln<\/p>\n<p>Eine ideale Wahl f\u00fcr entspannte Abendstunden oder besondere Anl\u00e4sse, die nach kubanischer Finesse verlangen.<\/p>\n<p>Hersteller-\/Inverkehrbringerinformation:<br \/>\n5THAVENUE Products Trading-GmbH<br \/>\nSchwarzenbergstra\u00dfe 3-7<br \/>\nD-79761 Waldshut-Tiengen<br \/>\ninfo@5thAvenue.de<\/p>","protected":false},"excerpt":{"rendered":"<p>Die Romeo y Julieta Exhibici\u00f3n No.4 verk\u00f6rpert die zeitlose Eleganz der kubanischen Zigarrenkunst. Im klassischen Hermosos No.4 Format gefertigt, pr\u00e4sentiert sich diese Habano als perfekter Begleiter f\u00fcr den gehobenen Genussmoment. Handgefertigt aus erlesenen Tabaken der Vuelta Abajo Region, entfaltet diese mittelkr\u00e4ftige Zigarre ihre Aromen \u00fcber etwa 45-50 Minuten. Kenner sch\u00e4tzen die ausgewogene Komplexit\u00e4t, die sich von den ersten Z\u00fcgen bis zum Finale stetig entwickelt. Format: Hermosos No.4 L\u00e4nge: 127 mm Ringma\u00df: 48 St\u00e4rke: Medium Herkunft: Kuba, Vuelta Abajo Rauchdauer: 45-50&#8230;<\/p>","protected":false},"featured_media":35625,"comment_status":"closed","ping_status":"closed","template":"","meta":{"_acf_changed":false},"etheme_brands":[{"term_id":206,"name":"Romeo y Julieta","slug":"romeo-y-julieta","term_group":0,"term_taxonomy_id":206,"taxonomy":"brand","description":"[elementor-template id=\"15563\"]","parent":0,"count":44,"filter":"raw"}],"product_cat":[168,169,160,589],"product_tag":[],"class_list":{"0":"post-26218","1":"product","2":"type-product","3":"status-publish","4":"has-post-thumbnail","6":"brand-romeo-y-julieta","7":"product_cat-zigarren","8":"product_cat-cuba","9":"product_cat-romeo-y-julieta","10":"product_cat-linea-clasica-romeo-y-julieta","11":"pa_laenge-1192","12":"pa_orderable-no","13":"pa_ringmass-777","14":"pa_verpackungseinheit-25er-kiste","15":"pa_verpackungseinheit-einzeln","17":"first","18":"instock","19":"taxable","20":"shipping-taxable","21":"product-type-variable"},"acf":[],"_links":{"self":[{"href":"https:\/\/www.lcdh-bonn.de\/en\/wp-json\/wp\/v2\/product\/26218","targetHints":{"allow":["GET"]}}],"collection":[{"href":"https:\/\/www.lcdh-bonn.de\/en\/wp-json\/wp\/v2\/product"}],"about":[{"href":"https:\/\/www.lcdh-bonn.de\/en\/wp-json\/wp\/v2\/types\/product"}],"replies":[{"embeddable":true,"href":"https:\/\/www.lcdh-bonn.de\/en\/wp-json\/wp\/v2\/comments?post=26218"}],"wp:featuredmedia":[{"embeddable":true,"href":"https:\/\/www.lcdh-bonn.de\/en\/wp-json\/wp\/v2\/media\/35625"}],"wp:attachment":[{"href":"https:\/\/www.lcdh-bonn.de\/en\/wp-json\/wp\/v2\/media?parent=26218"}],"wp:term":[{"taxonomy":"brand","embeddable":true,"href":"https:\/\/www.lcdh-bonn.de\/en\/wp-json\/wp\/v2\/etheme_brands?post=26218"},{"taxonomy":"product_cat","embeddable":true,"href":"https:\/\/www.lcdh-bonn.de\/en\/wp-json\/wp\/v2\/product_cat?post=26218"},{"taxonomy":"product_tag","embeddable":true,"href":"https:\/\/www.lcdh-bonn.de\/en\/wp-json\/wp\/v2\/product_tag?post=26218"}],"curies":[{"name":"wp","href":"https:\/\/api.w.org\/{rel}","templated":true}]}}