{"id":26224,"date":"2022-08-02T20:00:04","date_gmt":"2022-08-02T18:00:04","guid":{"rendered":"https:\/\/torbru.athene.wpspace.me\/product\/romeo-y-julieta-mille-fleurs\/"},"modified":"2026-03-02T16:06:19","modified_gmt":"2026-03-02T14:06:19","slug":"romeo-y-julieta-linea-clasica-mille-fleurs","status":"publish","type":"product","link":"https:\/\/www.lcdh-bonn.de\/en\/product\/romeo-y-julieta-linea-clasica-mille-fleurs\/","title":{"rendered":"Romeo y Julieta Linea Clasica Mille Fleurs"},"content":{"rendered":"<p>Die Romeo y Julieta Mille Fleurs verk\u00f6rpert die zeitlose Eleganz der kubanischen Zigarrenkunst im beliebten Petit Corona Format. Diese klassische Vitola pr\u00e4sentiert sich in perfekter Handwerkskunst aus den besten Tabaken der Vuelta Abajo Region.<\/p>\n<p>Kenner sch\u00e4tzen die ausgewogene Komposition dieser mittelkr\u00e4ftigen Zigarre, die sich \u00fcber etwa 30-35 Minuten hinweg entfaltet. Erfahrene Aficionados berichten von einem harmonischen Zusammenspiel aus Zedernholz, leichten Gew\u00fcrznoten und einer dezenten S\u00fc\u00dfe, die sich im Rauchverlauf stetig weiterentwickelt.<\/p>\n<div style=\"text-align: center\"><strong>Produktdetails:<\/strong><br \/>\n\u2022 Format: Petit Corona<br \/>\n\u2022 L\u00e4nge: 129 mm<br \/>\n\u2022 Ringma\u00df: 42<br \/>\n\u2022 St\u00e4rke: mittelkr\u00e4ftig<br \/>\n\u2022 Herkunft: Kuba, Vuelta Abajo<br \/>\n\u2022 Rauchdauer: ca. 30-35 Minuten<\/div>\n<p>Die 1875 gegr\u00fcndete Marke Romeo y Julieta verdankt ihren Namen Shakespeares unsterblichem Liebesdrama. Besonders bekannt wurde sie durch Winston Churchill, der die Marke zu seiner pers\u00f6nlichen Lieblingsmarke erkor.<\/p>\n<p>Die Mille Fleurs eignet sich hervorragend als Einsteigerzigarre oder f\u00fcr den genussvollen Moment am fr\u00fchen Abend. Sie ist erh\u00e4ltlich als Einzelzigarre sowie in eleganten 10er und 25er Kisten.<\/p>\n<p>Eine spannende Randnotiz zu dieser Zigarre: Ihre Vitola de Galera lautet \u201ePetit Corona\u201c \u2013 obwohl sie zu 100\u202f% von Hand gefertigt wird und exakt die gleichen Abmessungen wie das Format \u201eMareva\u201c besitzt. Warum also dieser ungew\u00f6hnliche Name? Der Grund liegt in der Geschichte dieser Zigarre: Fr\u00fcher wurde sie maschinell produziert, und bei maschinell hergestellten Zigarren trug dieses Format den Namen \u201ePetit Corona\u201c. Der Begriff \u201eMareva\u201c hingegen war ausschlie\u00dflich den handgefertigten Versionen vorbehalten. Als die Produktion in den 2000er-Jahren auf vollst\u00e4ndige Handfertigung (\u201eTotalmente a Mano\u201c) umgestellt wurde, blieb der urspr\u00fcngliche Fabrikname im offiziellen Verzeichnis bestehen. So kommt es zu dem seltenen Fall, dass eine heute handgerollte Zigarre offiziell den Fabriknamen \u201ePetit Corona\u201c tr\u00e4gt. Mit diesem Wissen k\u00f6nnen Sie beim n\u00e4chsten Zigarren-Stammtisch garantiert Eindruck machen.<\/p>\n<p><small>Hersteller-\/Inverkehrbringerinformation:<br \/>\n5THAVENUE Products Trading-GmbH<br \/>\nSchwarzenbergstra\u00dfe 3-7<br \/>\nD-79761 Waldshut-Tiengen<br \/>\ninfo@5thAvenue.de<\/small><\/p>","protected":false},"excerpt":{"rendered":"<p>Die Romeo y Julieta Mille Fleurs verk\u00f6rpert die zeitlose Eleganz der kubanischen Zigarrenkunst im beliebten Petit Corona Format. Diese klassische Vitola pr\u00e4sentiert sich in perfekter Handwerkskunst aus den besten Tabaken der Vuelta Abajo Region. Kenner sch\u00e4tzen die ausgewogene Komposition dieser mittelkr\u00e4ftigen Zigarre, die sich \u00fcber etwa 30-35 Minuten hinweg entfaltet. Erfahrene Aficionados berichten von einem harmonischen Zusammenspiel aus Zedernholz, leichten Gew\u00fcrznoten und einer dezenten S\u00fc\u00dfe, die sich im Rauchverlauf stetig weiterentwickelt. Produktdetails: \u2022 Format: Petit Corona \u2022 L\u00e4nge: 129 mm&#8230;<\/p>","protected":false},"featured_media":16178,"comment_status":"closed","ping_status":"closed","template":"","meta":{"_acf_changed":false},"etheme_brands":[{"term_id":206,"name":"Romeo y Julieta","slug":"romeo-y-julieta","term_group":0,"term_taxonomy_id":206,"taxonomy":"brand","description":"[elementor-template id=\"15563\"]","parent":0,"count":44,"filter":"raw"}],"product_cat":[168,169,160,589],"product_tag":[],"class_list":{"0":"post-26224","1":"product","2":"type-product","3":"status-publish","4":"has-post-thumbnail","6":"brand-romeo-y-julieta","7":"product_cat-zigarren","8":"product_cat-cuba","9":"product_cat-romeo-y-julieta","10":"product_cat-linea-clasica-romeo-y-julieta","11":"pa_laenge-1176","12":"pa_orderable-no","13":"pa_ringmass-1216","14":"pa_verpackungseinheit-10er-kiste","15":"pa_verpackungseinheit-25er-kiste","16":"pa_verpackungseinheit-einzeln","18":"first","19":"instock","20":"taxable","21":"shipping-taxable","22":"product-type-variable"},"acf":[],"_links":{"self":[{"href":"https:\/\/www.lcdh-bonn.de\/en\/wp-json\/wp\/v2\/product\/26224","targetHints":{"allow":["GET"]}}],"collection":[{"href":"https:\/\/www.lcdh-bonn.de\/en\/wp-json\/wp\/v2\/product"}],"about":[{"href":"https:\/\/www.lcdh-bonn.de\/en\/wp-json\/wp\/v2\/types\/product"}],"replies":[{"embeddable":true,"href":"https:\/\/www.lcdh-bonn.de\/en\/wp-json\/wp\/v2\/comments?post=26224"}],"wp:featuredmedia":[{"embeddable":true,"href":"https:\/\/www.lcdh-bonn.de\/en\/wp-json\/wp\/v2\/media\/16178"}],"wp:attachment":[{"href":"https:\/\/www.lcdh-bonn.de\/en\/wp-json\/wp\/v2\/media?parent=26224"}],"wp:term":[{"taxonomy":"brand","embeddable":true,"href":"https:\/\/www.lcdh-bonn.de\/en\/wp-json\/wp\/v2\/etheme_brands?post=26224"},{"taxonomy":"product_cat","embeddable":true,"href":"https:\/\/www.lcdh-bonn.de\/en\/wp-json\/wp\/v2\/product_cat?post=26224"},{"taxonomy":"product_tag","embeddable":true,"href":"https:\/\/www.lcdh-bonn.de\/en\/wp-json\/wp\/v2\/product_tag?post=26224"}],"curies":[{"name":"wp","href":"https:\/\/api.w.org\/{rel}","templated":true}]}}