{"id":26228,"date":"2022-08-02T20:00:04","date_gmt":"2022-08-02T18:00:04","guid":{"rendered":"https:\/\/torbru.athene.wpspace.me\/product\/romeo-y-julieta-mini\/"},"modified":"2026-02-04T17:09:13","modified_gmt":"2026-02-04T15:09:13","slug":"romeo-y-julieta-mini","status":"publish","type":"product","link":"https:\/\/www.lcdh-bonn.de\/en\/product\/romeo-y-julieta-mini\/","title":{"rendered":"Romeo y Julieta Mini"},"content":{"rendered":"<p>Die Romeo y Julieta Mini verk\u00f6rpert die Essenz kubanischer Zigarrenkunst in kompakter Form. Diese handgefertigte Miniatur aus 100% kubanischem Tabak tr\u00e4gt das legend\u00e4re Erbe einer Marke, die seit 1875 f\u00fcr h\u00f6chste Qualit\u00e4t steht.<\/p>\n<div style=\"text-align: center;\">\n\u2022 Format: Mini (L\u00e4nge: 82 mm, Ringma\u00df: 20)<br \/>\n\u2022 Herkunft: Cuba<br \/>\n\u2022 St\u00e4rke: Mild bis Medium<br \/>\n\u2022 Rauchdauer: ca. 10-15 Minuten<br \/>\n\u2022 Verpackungseinheiten: 20er und 50er Schachtel\n<\/div>\n<p>Kenner sch\u00e4tzen das ausgewogene Aromenprofil mit dezenten Noten von Zedernholz, leichter W\u00fcrze und einem Hauch von s\u00fc\u00dfem Kakao. Der Rauchverlauf pr\u00e4sentiert sich harmonisch und gleichm\u00e4\u00dfig, ideal f\u00fcr eine kurze Genussauszeit.<\/p>\n<p>Die Geschichte von Romeo y Julieta begann im kolonialen Havanna, wo die Marke schnell zum Favoriten europ\u00e4ischer Connaisseure aufstieg. Heute steht sie f\u00fcr die perfekte Verbindung zwischen Tradition und modernem Zigarrengenuss.<\/p>\n<p>Perfekt geeignet f\u00fcr die kleine Pause zwischendurch, als Einsteigerzigarre oder als eleganter Begleiter zum Espresso. Die Mini-Format vereint Convenience mit dem authentischen Geschmack Kubas.<\/p>\n<p>Hersteller-\/Inverkehrbringerinformation:<br \/>\n5THAVENUE Products Trading-GmbH<br \/>\nSchwarzenbergstra\u00dfe 3-7<br \/>\nD-79761 Waldshut-Tiengen<br \/>\ninfo@5thAvenue.de<\/p>","protected":false},"excerpt":{"rendered":"<p>Die Romeo y Julieta Mini verk\u00f6rpert die Essenz kubanischer Zigarrenkunst in kompakter Form. Diese handgefertigte Miniatur aus 100% kubanischem Tabak tr\u00e4gt das legend\u00e4re Erbe einer Marke, die seit 1875 f\u00fcr h\u00f6chste Qualit\u00e4t steht. \u2022 Format: Mini (L\u00e4nge: 82 mm, Ringma\u00df: 20) \u2022 Herkunft: Cuba \u2022 St\u00e4rke: Mild bis Medium \u2022 Rauchdauer: ca. 10-15 Minuten \u2022 Verpackungseinheiten: 20er und 50er Schachtel Kenner sch\u00e4tzen das ausgewogene Aromenprofil mit dezenten Noten von Zedernholz, leichter W\u00fcrze und einem Hauch von s\u00fc\u00dfem Kakao. Der Rauchverlauf&#8230;<\/p>","protected":false},"featured_media":0,"comment_status":"closed","ping_status":"open","template":"","meta":{"_acf_changed":false},"etheme_brands":[{"term_id":206,"name":"Romeo y Julieta","slug":"romeo-y-julieta","term_group":0,"term_taxonomy_id":206,"taxonomy":"brand","description":"[elementor-template id=\"15563\"]","parent":0,"count":44,"filter":"raw"}],"product_cat":[168,169,160],"product_tag":[],"class_list":{"0":"post-26228","1":"product","2":"type-product","3":"status-publish","5":"brand-romeo-y-julieta","6":"product_cat-zigarren","7":"product_cat-cuba","8":"product_cat-romeo-y-julieta","9":"pa_laenge-1214","10":"pa_orderable-yes","11":"pa_ringmass-1239","12":"pa_verpackungseinheit-20er-schachtel","13":"pa_verpackungseinheit-50er-schachtel","15":"first","16":"instock","17":"taxable","18":"shipping-taxable","19":"purchasable","20":"product-type-variable"},"acf":[],"_links":{"self":[{"href":"https:\/\/www.lcdh-bonn.de\/en\/wp-json\/wp\/v2\/product\/26228","targetHints":{"allow":["GET"]}}],"collection":[{"href":"https:\/\/www.lcdh-bonn.de\/en\/wp-json\/wp\/v2\/product"}],"about":[{"href":"https:\/\/www.lcdh-bonn.de\/en\/wp-json\/wp\/v2\/types\/product"}],"replies":[{"embeddable":true,"href":"https:\/\/www.lcdh-bonn.de\/en\/wp-json\/wp\/v2\/comments?post=26228"}],"wp:attachment":[{"href":"https:\/\/www.lcdh-bonn.de\/en\/wp-json\/wp\/v2\/media?parent=26228"}],"wp:term":[{"taxonomy":"brand","embeddable":true,"href":"https:\/\/www.lcdh-bonn.de\/en\/wp-json\/wp\/v2\/etheme_brands?post=26228"},{"taxonomy":"product_cat","embeddable":true,"href":"https:\/\/www.lcdh-bonn.de\/en\/wp-json\/wp\/v2\/product_cat?post=26228"},{"taxonomy":"product_tag","embeddable":true,"href":"https:\/\/www.lcdh-bonn.de\/en\/wp-json\/wp\/v2\/product_tag?post=26228"}],"curies":[{"name":"wp","href":"https:\/\/api.w.org\/{rel}","templated":true}]}}