{"id":26241,"date":"2022-08-02T20:00:04","date_gmt":"2022-08-02T18:00:04","guid":{"rendered":"https:\/\/torbru.athene.wpspace.me\/product\/romeo-y-julieta-no-3-a-t\/"},"modified":"2026-03-03T15:54:24","modified_gmt":"2026-03-03T13:54:24","slug":"romeo-y-julieta-linea-clasica-no-3-a-t","status":"publish","type":"product","link":"https:\/\/www.lcdh-bonn.de\/en\/product\/romeo-y-julieta-linea-clasica-no-3-a-t\/","title":{"rendered":"Romeo y Julieta Linea Clasica No.3 A\/T"},"content":{"rendered":"<p>Die Romeo y Julieta No.3 A\/T verk\u00f6rpert die zeitlose Eleganz kubanischer Zigarrenkunst im beliebten Coronitas-Format. Diese handgefertigte Habano aus den erlesenen Tabaken der Vuelta Abajo Region pr\u00e4sentiert sich in klassischer kubanischer Perfektion.<\/p>\n<div style=\"text-align: center\">\u2022 Format: Coronitas (L\u00e4nge: 117 mm, Ringma\u00df: 40)<br \/>\n\u2022 Herkunft: Kuba, Vuelta Abajo<br \/>\n\u2022 St\u00e4rke: mild bis medium<br \/>\n\u2022 Rauchdauer: ca. 30-40 Minuten<br \/>\n\u2022 Verpackung: 3er Schachtel, 10er Kiste, 25er Kiste, Einzeln<\/div>\n<p>Kenner sch\u00e4tzen das ausgewogene Aromenprofil mit seinen feinen Noten von ger\u00f6steten N\u00fcssen, Zedernholz und einem Hauch von s\u00fc\u00dfem Karamell. Im Rauchverlauf entwickelt sich eine angenehme Komplexit\u00e4t, die besonders im zweiten Drittel ihre volle Entfaltung findet.<\/p>\n<p>Die 1875 gegr\u00fcndete Marke Romeo y Julieta, benannt nach Shakespeares unsterblichem Liebesdrama, wurde besonders durch Winston Churchill ber\u00fchmt, der ihr begeisterter Anh\u00e4nger war.<\/p>\n<p>Die No.3 eignet sich hervorragend als Einsteigerzigarre oder f\u00fcr den genussvollen Moment am fr\u00fchen Abend. Das Aluminium-Tubos garantiert optimalen Schutz und macht sie zum idealen Begleiter f\u00fcr unterwegs.<\/p>\n<p>Hersteller-\/Inverkehrbringerinformation:<br \/>\n5THAVENUE Products Trading-GmbH<br \/>\nSchwarzenbergstra\u00dfe 3-7<br \/>\nD-79761 Waldshut-Tiengen<br \/>\ninfo@5thAvenue.de<\/p>","protected":false},"excerpt":{"rendered":"<p>Die Romeo y Julieta No.3 A\/T verk\u00f6rpert die zeitlose Eleganz kubanischer Zigarrenkunst im beliebten Coronitas-Format. Diese handgefertigte Habano aus den erlesenen Tabaken der Vuelta Abajo Region pr\u00e4sentiert sich in klassischer kubanischer Perfektion. \u2022 Format: Coronitas (L\u00e4nge: 117 mm, Ringma\u00df: 40) \u2022 Herkunft: Kuba, Vuelta Abajo \u2022 St\u00e4rke: mild bis medium \u2022 Rauchdauer: ca. 30-40 Minuten \u2022 Verpackung: 3er Schachtel, 10er Kiste, 25er Kiste, Einzeln Kenner sch\u00e4tzen das ausgewogene Aromenprofil mit seinen feinen Noten von ger\u00f6steten N\u00fcssen, Zedernholz und einem Hauch&#8230;<\/p>","protected":false},"featured_media":0,"comment_status":"closed","ping_status":"closed","template":"","meta":{"_acf_changed":false},"etheme_brands":[{"term_id":206,"name":"Romeo y Julieta","slug":"romeo-y-julieta","term_group":0,"term_taxonomy_id":206,"taxonomy":"brand","description":"[elementor-template id=\"15563\"]","parent":0,"count":44,"filter":"raw"}],"product_cat":[168,169,160,589],"product_tag":[],"class_list":{"0":"post-26241","1":"product","2":"type-product","3":"status-publish","5":"brand-romeo-y-julieta","6":"product_cat-zigarren","7":"product_cat-cuba","8":"product_cat-romeo-y-julieta","9":"product_cat-linea-clasica-romeo-y-julieta","10":"pa_laenge-1177","11":"pa_orderable-no","12":"pa_ringmass-1215","13":"pa_verpackungseinheit-10er-kiste","14":"pa_verpackungseinheit-25er-kiste","15":"pa_verpackungseinheit-3er-schachtel","16":"pa_verpackungseinheit-einzeln","18":"first","19":"instock","20":"taxable","21":"shipping-taxable","22":"product-type-variable"},"acf":[],"_links":{"self":[{"href":"https:\/\/www.lcdh-bonn.de\/en\/wp-json\/wp\/v2\/product\/26241","targetHints":{"allow":["GET"]}}],"collection":[{"href":"https:\/\/www.lcdh-bonn.de\/en\/wp-json\/wp\/v2\/product"}],"about":[{"href":"https:\/\/www.lcdh-bonn.de\/en\/wp-json\/wp\/v2\/types\/product"}],"replies":[{"embeddable":true,"href":"https:\/\/www.lcdh-bonn.de\/en\/wp-json\/wp\/v2\/comments?post=26241"}],"wp:attachment":[{"href":"https:\/\/www.lcdh-bonn.de\/en\/wp-json\/wp\/v2\/media?parent=26241"}],"wp:term":[{"taxonomy":"brand","embeddable":true,"href":"https:\/\/www.lcdh-bonn.de\/en\/wp-json\/wp\/v2\/etheme_brands?post=26241"},{"taxonomy":"product_cat","embeddable":true,"href":"https:\/\/www.lcdh-bonn.de\/en\/wp-json\/wp\/v2\/product_cat?post=26241"},{"taxonomy":"product_tag","embeddable":true,"href":"https:\/\/www.lcdh-bonn.de\/en\/wp-json\/wp\/v2\/product_tag?post=26241"}],"curies":[{"name":"wp","href":"https:\/\/api.w.org\/{rel}","templated":true}]}}