{"id":26247,"date":"2022-08-02T20:00:04","date_gmt":"2022-08-02T18:00:04","guid":{"rendered":"https:\/\/torbru.athene.wpspace.me\/product\/romeo-y-julieta-petit-churchills\/"},"modified":"2026-01-31T12:37:26","modified_gmt":"2026-01-31T10:37:26","slug":"romeo-y-julieta-linea-churchill-petit-churchills","status":"publish","type":"product","link":"https:\/\/www.lcdh-bonn.de\/en\/product\/romeo-y-julieta-linea-churchill-petit-churchills\/","title":{"rendered":"Romeo y Julieta Linea Churchill Petit Churchills"},"content":{"rendered":"<p>Die Romeo y Julieta Petit Churchills verk\u00f6rpert die zeitlose Eleganz der traditionsreichen Churchill-Linie in einem kompakteren Format. Diese kubanische Petit Robusto besticht durch ihre perfekte Balance zwischen Format und Aromenentfaltung.<\/p>\n<div style=\"text-align: center\">\u2022 Format: Petit Robusto<br \/>\n\u2022 L\u00e4nge: 102 mm<br \/>\n\u2022 Ringma\u00df: 50<br \/>\n\u2022 St\u00e4rke: Medium<br \/>\n\u2022 Rauchdauer: ca. 45 Minuten<br \/>\n\u2022 Herkunft: Kuba, Pinar del R\u00edo<br \/>\n\u2022 Verpackung: 25er Kiste, Einzeln erh\u00e4ltlich<\/div>\n<p>Kenner sch\u00e4tzen die harmonische Tabakmischung aus ausgew\u00e4hlten Vuelta Abajo Tabaken. Erfahrene Aficionados berichten von einem ausgewogenen Aromenprofil mit Noten von ger\u00f6steten N\u00fcssen, feiner W\u00fcrze und subtilen Ankl\u00e4ngen von Zedernholz. Im Rauchverlauf entwickelt sich eine angenehme Cremigkeit, begleitet von dezenten Kakao- und Ledernuancen.<\/p>\n<p>Die 1875 gegr\u00fcndete Marke Romeo y Julieta, benannt nach Shakespeares unsterblichem Liebesdrama, gewann besonders durch ihren ber\u00fchmtesten Anh\u00e4nger Sir Winston Churchill an Prestige. Die Petit Churchills eignet sich hervorragend f\u00fcr den genussvollen Nachmittagsmoment oder als eleganter Begleiter zu einem entspannten Digestif.<\/p>\n<p>Hersteller-\/Inverkehrbringerinformation:<br \/>\n5THAVENUE Products Trading-GmbH<br \/>\nSchwarzenbergstra\u00dfe 3-7<br \/>\nD-79761 Waldshut-Tiengen<br \/>\ninfo@5thAvenue.de<\/p>","protected":false},"excerpt":{"rendered":"<p>Die Romeo y Julieta Petit Churchills verk\u00f6rpert die zeitlose Eleganz der traditionsreichen Churchill-Linie in einem kompakteren Format. Diese kubanische Petit Robusto besticht durch ihre perfekte Balance zwischen Format und Aromenentfaltung. \u2022 Format: Petit Robusto \u2022 L\u00e4nge: 102 mm \u2022 Ringma\u00df: 50 \u2022 St\u00e4rke: Medium \u2022 Rauchdauer: ca. 45 Minuten \u2022 Herkunft: Kuba, Pinar del R\u00edo \u2022 Verpackung: 25er Kiste, Einzeln erh\u00e4ltlich Kenner sch\u00e4tzen die harmonische Tabakmischung aus ausgew\u00e4hlten Vuelta Abajo Tabaken. Erfahrene Aficionados berichten von einem ausgewogenen Aromenprofil mit Noten&#8230;<\/p>","protected":false},"featured_media":16198,"comment_status":"closed","ping_status":"closed","template":"","meta":{"_acf_changed":false},"etheme_brands":[{"term_id":206,"name":"Romeo y Julieta","slug":"romeo-y-julieta","term_group":0,"term_taxonomy_id":206,"taxonomy":"brand","description":"[elementor-template id=\"15563\"]","parent":0,"count":44,"filter":"raw"}],"product_cat":[168,169,160,634],"product_tag":[],"class_list":{"0":"post-26247","1":"product","2":"type-product","3":"status-publish","4":"has-post-thumbnail","6":"brand-romeo-y-julieta","7":"product_cat-zigarren","8":"product_cat-cuba","9":"product_cat-romeo-y-julieta","10":"product_cat-linea-churchill-romeo-y-julieta","11":"pa_laenge-778","12":"pa_orderable-no","13":"pa_ringmass-1174","14":"pa_verpackungseinheit-25er-kiste","15":"pa_verpackungseinheit-einzeln","17":"first","18":"instock","19":"taxable","20":"shipping-taxable","21":"purchasable","22":"product-type-variable"},"acf":[],"_links":{"self":[{"href":"https:\/\/www.lcdh-bonn.de\/en\/wp-json\/wp\/v2\/product\/26247","targetHints":{"allow":["GET"]}}],"collection":[{"href":"https:\/\/www.lcdh-bonn.de\/en\/wp-json\/wp\/v2\/product"}],"about":[{"href":"https:\/\/www.lcdh-bonn.de\/en\/wp-json\/wp\/v2\/types\/product"}],"replies":[{"embeddable":true,"href":"https:\/\/www.lcdh-bonn.de\/en\/wp-json\/wp\/v2\/comments?post=26247"}],"wp:featuredmedia":[{"embeddable":true,"href":"https:\/\/www.lcdh-bonn.de\/en\/wp-json\/wp\/v2\/media\/16198"}],"wp:attachment":[{"href":"https:\/\/www.lcdh-bonn.de\/en\/wp-json\/wp\/v2\/media?parent=26247"}],"wp:term":[{"taxonomy":"brand","embeddable":true,"href":"https:\/\/www.lcdh-bonn.de\/en\/wp-json\/wp\/v2\/etheme_brands?post=26247"},{"taxonomy":"product_cat","embeddable":true,"href":"https:\/\/www.lcdh-bonn.de\/en\/wp-json\/wp\/v2\/product_cat?post=26247"},{"taxonomy":"product_tag","embeddable":true,"href":"https:\/\/www.lcdh-bonn.de\/en\/wp-json\/wp\/v2\/product_tag?post=26247"}],"curies":[{"name":"wp","href":"https:\/\/api.w.org\/{rel}","templated":true}]}}