{"id":26274,"date":"2022-08-02T20:00:04","date_gmt":"2022-08-02T18:00:04","guid":{"rendered":"https:\/\/torbru.athene.wpspace.me\/product\/romeo-y-julieta-short-churchills-a-t\/"},"modified":"2026-01-14T19:06:53","modified_gmt":"2026-01-14T17:06:53","slug":"romeo-y-julieta-linea-churchill-short-churchills-a-t","status":"publish","type":"product","link":"https:\/\/www.lcdh-bonn.de\/en\/product\/romeo-y-julieta-linea-churchill-short-churchills-a-t\/","title":{"rendered":"Romeo y Julieta Linea Churchill Short Churchills A\/T"},"content":{"rendered":"<p>Die Short Churchill aus der renommierten Churchill-Linie von Romeo y Julieta verk\u00f6rpert kubanische Zigarrenkunst in ihrer elegantesten Form. Im klassischen Robusto-Format gefertigt, pr\u00e4sentiert sich diese Habano mit einer perfekt ausbalancierten Kombination aus Kraft und Finesse.<\/p>\n<p>Kenner sch\u00e4tzen die harmonische Tabakmischung aus erlesenen Vuelta Abajo Tabaken, die sich in einem mittelkr\u00e4ftigen Charakter manifestiert. Erfahrene Aficionados berichten von einem facettenreichen Aromenprofil mit Noten von ger\u00f6steten N\u00fcssen, feiner W\u00fcrze, Zedernholz und einem Hauch von Kakao. Die etwa 45-min\u00fctige Rauchdauer offenbart einen spannenden Verlauf mit stetig wechselnden Nuancen.<\/p>\n<div style=\"text-align: center;\">\n<strong>Technische Details:<\/strong><br \/>\n\u2022 Format: Robusto<br \/>\n\u2022 L\u00e4nge: 124 mm<br \/>\n\u2022 Ringma\u00df: 50<br \/>\n\u2022 St\u00e4rke: mittelkr\u00e4ftig<br \/>\n\u2022 Herkunft: Kuba, Pinar del R\u00edo<br \/>\n\u2022 Rauchdauer: ca. 45 Minuten<br \/>\n\u2022 Verpackung: 3er Aluminium-Tube\n<\/div>\n<p>Die 1875 gegr\u00fcndete Marke Romeo y Julieta, benannt nach Shakespeares unsterblichem Liebesdrama, z\u00e4hlte Winston Churchill zu ihren prominentesten Anh\u00e4ngern. Die Short Churchill eignet sich hervorragend f\u00fcr den entspannten Abend auf der Terrasse oder als geschmackvoller Begleiter zu einem guten Cognac.<\/p>\n<p>Hersteller-\/Inverkehrbringerinformation:<br \/>\n5THAVENUE Products Trading-GmbH<br \/>\nSchwarzenbergstra\u00dfe 3-7<br \/>\nD-79761 Waldshut-Tiengen<br \/>\ninfo@5thAvenue.de<\/p>","protected":false},"excerpt":{"rendered":"<p><span data-sheets-root=\"1\">Kubanische Short Churchill: Elegante Zigarre mit Zedernholz und Kakaonoten.<\/span><\/p>","protected":false},"featured_media":35633,"comment_status":"closed","ping_status":"closed","template":"","meta":{"_acf_changed":false},"etheme_brands":[{"term_id":206,"name":"Romeo y Julieta","slug":"romeo-y-julieta","term_group":0,"term_taxonomy_id":206,"taxonomy":"brand","description":"[elementor-template id=\"15563\"]","parent":0,"count":44,"filter":"raw"}],"product_cat":[168,169,160,634],"product_tag":[],"class_list":{"0":"post-26274","1":"product","2":"type-product","3":"status-publish","4":"has-post-thumbnail","6":"brand-romeo-y-julieta","7":"product_cat-zigarren","8":"product_cat-cuba","9":"product_cat-romeo-y-julieta","10":"product_cat-linea-churchill-romeo-y-julieta","11":"pa_laenge-778","12":"pa_orderable-no","13":"pa_ringmass-1180","14":"pa_verpackungseinheit-3er-schachtel","15":"pa_verpackungseinheit-einzeln","17":"first","18":"outofstock","19":"taxable","20":"shipping-taxable","21":"product-type-variable"},"acf":[],"_links":{"self":[{"href":"https:\/\/www.lcdh-bonn.de\/en\/wp-json\/wp\/v2\/product\/26274","targetHints":{"allow":["GET"]}}],"collection":[{"href":"https:\/\/www.lcdh-bonn.de\/en\/wp-json\/wp\/v2\/product"}],"about":[{"href":"https:\/\/www.lcdh-bonn.de\/en\/wp-json\/wp\/v2\/types\/product"}],"replies":[{"embeddable":true,"href":"https:\/\/www.lcdh-bonn.de\/en\/wp-json\/wp\/v2\/comments?post=26274"}],"wp:featuredmedia":[{"embeddable":true,"href":"https:\/\/www.lcdh-bonn.de\/en\/wp-json\/wp\/v2\/media\/35633"}],"wp:attachment":[{"href":"https:\/\/www.lcdh-bonn.de\/en\/wp-json\/wp\/v2\/media?parent=26274"}],"wp:term":[{"taxonomy":"brand","embeddable":true,"href":"https:\/\/www.lcdh-bonn.de\/en\/wp-json\/wp\/v2\/etheme_brands?post=26274"},{"taxonomy":"product_cat","embeddable":true,"href":"https:\/\/www.lcdh-bonn.de\/en\/wp-json\/wp\/v2\/product_cat?post=26274"},{"taxonomy":"product_tag","embeddable":true,"href":"https:\/\/www.lcdh-bonn.de\/en\/wp-json\/wp\/v2\/product_tag?post=26274"}],"curies":[{"name":"wp","href":"https:\/\/api.w.org\/{rel}","templated":true}]}}