{"id":26277,"date":"2022-08-02T20:00:04","date_gmt":"2022-08-02T18:00:04","guid":{"rendered":"https:\/\/torbru.athene.wpspace.me\/product\/romeo-y-julieta-sport-largos\/"},"modified":"2026-04-13T15:35:58","modified_gmt":"2026-04-13T13:35:58","slug":"romeo-y-julieta-linea-clasica-sport-largos","status":"publish","type":"product","link":"https:\/\/www.lcdh-bonn.de\/en\/product\/romeo-y-julieta-linea-clasica-sport-largos\/","title":{"rendered":"Romeo y Julieta Linea Clasica Sport Largos"},"content":{"rendered":"<p>Die Romeo y Julieta Sport Largos verk\u00f6rpert die zeitlose Eleganz der traditionsreichen kubanischen Marke in einem kompakten Format. Diese handgefertigte Zigarre aus der Linea Clasica Serie wird ausschlie\u00dflich aus erlesenen Tabaken der Vuelta Abajo Region gefertigt.<\/p>\n<p>Kenner sch\u00e4tzen die ausgewogene Tabakmischung dieser Sport Largos (35 x 117 mm), die in etwa 20-25 Minuten einen genussvollen Smoke verspricht. Erfahrene Aficionados berichten von einem cremig-w\u00fcrzigen Charakter mit dezenten Noten von Zedernholz, ger\u00f6steten N\u00fcssen und einem Hauch von Kakao.<\/p>\n<ul style=\"margin-left: 20px\">\n<li style=\"list-style-type: none\">\n<ul style=\"margin-left: 20px\">\u2022 Format: Sports<\/ul>\n<\/li>\n<\/ul>\n<p>&nbsp;<\/p>\n<ul style=\"margin-left: 20px\">\n<li style=\"list-style-type: none\">\n<ul style=\"margin-left: 20px\">\u2022 L\u00e4nge: 35 mm<\/ul>\n<\/li>\n<\/ul>\n<p>&nbsp;<\/p>\n<ul style=\"margin-left: 20px\">\n<li style=\"list-style-type: none\">\n<ul style=\"margin-left: 20px\">\u2022 Ringma\u00df: 117<\/ul>\n<\/li>\n<\/ul>\n<p>&nbsp;<\/p>\n<ul style=\"margin-left: 20px\">\n<li style=\"list-style-type: none\">\n<ul style=\"margin-left: 20px\">\u2022 St\u00e4rke: leicht bis medium<\/ul>\n<\/li>\n<\/ul>\n<p>&nbsp;<\/p>\n<ul style=\"margin-left: 20px\">\n<li style=\"list-style-type: none\">\n<ul style=\"margin-left: 20px\">\u2022 Herkunft: Kuba, Vuelta Abajo<\/ul>\n<\/li>\n<\/ul>\n<p>&nbsp;<\/p>\n<ul style=\"margin-left: 20px\">\n<li style=\"list-style-type: none\">\n<ul style=\"margin-left: 20px\">\u2022 Rauchdauer: ca. 20-25 Minuten<\/ul>\n<\/li>\n<\/ul>\n<p>&nbsp;<\/p>\n<ul style=\"margin-left: 20px\">\u2022 Verpackung: 25er Kiste, Einzeln erh\u00e4ltlich<\/ul>\n<p>Die Geschichte von Romeo y Julieta reicht bis ins Jahr 1875 zur\u00fcck. Die Marke wurde nach Shakespeares gleichnamiger Trag\u00f6die benannt und erlangte besonders durch Winston Churchill, einen ihrer ber\u00fchmtesten Anh\u00e4nger, weltweite Bekanntheit.<\/p>\n<p>Die Sport Largos eignet sich hervorragend als Einsteigerzigarre oder f\u00fcr den kurzen Genussmoment zwischendurch. Ob in der Mittagspause oder als aperitivo &#8211; diese Vitola bietet einen authentischen kubanischen Zigarrengenuss in kompakter Form.<\/p>\n<p>Hersteller-\/Inverkehrbringerinformation:<br \/>\n5THAVENUE Products Trading-GmbH<br \/>\nSchwarzenbergstra\u00dfe 3-7<br \/>\nD-79761 Waldshut-Tiengen<br \/>\ninfo@5thAvenue.de<\/p>","protected":false},"excerpt":{"rendered":"<p>Die Romeo y Julieta Sport Largos verk\u00f6rpert die zeitlose Eleganz der traditionsreichen kubanischen Marke in einem kompakten Format. Diese handgefertigte Zigarre aus der Linea Clasica Serie wird ausschlie\u00dflich aus erlesenen Tabaken der Vuelta Abajo Region gefertigt. Kenner sch\u00e4tzen die ausgewogene Tabakmischung dieser Sport Largos (35 x 117 mm), die in etwa 20-25 Minuten einen genussvollen Smoke verspricht. Erfahrene Aficionados berichten von einem cremig-w\u00fcrzigen Charakter mit dezenten Noten von Zedernholz, ger\u00f6steten N\u00fcssen und einem Hauch von Kakao. \u2022 Format: Sports &nbsp;&#8230;<\/p>","protected":false},"featured_media":35634,"comment_status":"closed","ping_status":"closed","template":"","meta":{"_acf_changed":false},"etheme_brands":[{"term_id":206,"name":"Romeo y Julieta","slug":"romeo-y-julieta","term_group":0,"term_taxonomy_id":206,"taxonomy":"brand","description":"[elementor-template id=\"15563\"]","parent":0,"count":44,"filter":"raw"}],"product_cat":[168,169,160,589],"product_tag":[],"class_list":{"0":"post-26277","1":"product","2":"type-product","3":"status-publish","4":"has-post-thumbnail","6":"brand-romeo-y-julieta","7":"product_cat-zigarren","8":"product_cat-cuba","9":"product_cat-romeo-y-julieta","10":"product_cat-linea-clasica-romeo-y-julieta","11":"pa_laenge-1263","12":"pa_orderable-no","13":"pa_ringmass-1215","14":"pa_verpackungseinheit-25er-kiste","15":"pa_verpackungseinheit-einzeln","17":"first","18":"instock","19":"taxable","20":"shipping-taxable","21":"product-type-variable"},"acf":[],"_links":{"self":[{"href":"https:\/\/www.lcdh-bonn.de\/en\/wp-json\/wp\/v2\/product\/26277","targetHints":{"allow":["GET"]}}],"collection":[{"href":"https:\/\/www.lcdh-bonn.de\/en\/wp-json\/wp\/v2\/product"}],"about":[{"href":"https:\/\/www.lcdh-bonn.de\/en\/wp-json\/wp\/v2\/types\/product"}],"replies":[{"embeddable":true,"href":"https:\/\/www.lcdh-bonn.de\/en\/wp-json\/wp\/v2\/comments?post=26277"}],"wp:featuredmedia":[{"embeddable":true,"href":"https:\/\/www.lcdh-bonn.de\/en\/wp-json\/wp\/v2\/media\/35634"}],"wp:attachment":[{"href":"https:\/\/www.lcdh-bonn.de\/en\/wp-json\/wp\/v2\/media?parent=26277"}],"wp:term":[{"taxonomy":"brand","embeddable":true,"href":"https:\/\/www.lcdh-bonn.de\/en\/wp-json\/wp\/v2\/etheme_brands?post=26277"},{"taxonomy":"product_cat","embeddable":true,"href":"https:\/\/www.lcdh-bonn.de\/en\/wp-json\/wp\/v2\/product_cat?post=26277"},{"taxonomy":"product_tag","embeddable":true,"href":"https:\/\/www.lcdh-bonn.de\/en\/wp-json\/wp\/v2\/product_tag?post=26277"}],"curies":[{"name":"wp","href":"https:\/\/api.w.org\/{rel}","templated":true}]}}