{"id":26323,"date":"2022-08-02T20:00:42","date_gmt":"2022-08-02T18:00:42","guid":{"rendered":"https:\/\/torbru.athene.wpspace.me\/product\/trinidad-coloniales\/"},"modified":"2026-03-03T18:52:15","modified_gmt":"2026-03-03T16:52:15","slug":"trinidad-coloniales","status":"publish","type":"product","link":"https:\/\/www.lcdh-bonn.de\/en\/product\/trinidad-coloniales\/","title":{"rendered":"Trinidad Coloniales"},"content":{"rendered":"<p>Die Trinidad Coloniales verk\u00f6rpert die Essenz kubanischer Zigarrenkunst in einem eleganten Coloniales Format. Diese handgefertigte Premiumzigarre aus der renommierten Region Pinar del R\u00edo pr\u00e4sentiert sich in klassischen Ma\u00dfen von 132 mm L\u00e4nge bei einem Ringma\u00df von 44.<\/p>\n<p>Gefertigt aus erlesenen Tabaken der Vuelta Abajo Region, entfaltet diese mittelkr\u00e4ftige Havanna einen komplexen Charakter. Kenner sch\u00e4tzen besonders die ausgewogene Tabakmischung aus sorgf\u00e4ltig ausgew\u00e4hlten Deck-, Umblatt- und Einlagetabaken.<\/p>\n<ul style=\"margin-left: 20px\">\n<li style=\"list-style-type: none\">\n<ul style=\"margin-left: 20px\">\u2022 Format: Coloniales (132 mm x 44)<\/ul>\n<\/li>\n<li style=\"list-style-type: none\">\n<ul style=\"margin-left: 20px\">\u2022 Herkunft: Kuba, Pinar del R\u00edo<\/ul>\n<\/li>\n<li style=\"list-style-type: none\">\n<ul style=\"margin-left: 20px\">\u2022 St\u00e4rke: mittelkr\u00e4ftig<\/ul>\n<\/li>\n<li style=\"list-style-type: none\">\n<ul style=\"margin-left: 20px\">\u2022 Rauchdauer: ca. 45-60 Minuten<\/ul>\n<\/li>\n<li style=\"list-style-type: none\">\n<ul style=\"margin-left: 20px\">\u2022 Verpackung: 24er Kiste, auch einzeln erh\u00e4ltlich<\/ul>\n<\/li>\n<\/ul>\n<p>Erfahrene Aficionados berichten von einem facettenreichen Aromenprofil mit Noten von ger\u00f6steten N\u00fcssen, feiner W\u00fcrze und subtilen Ankl\u00e4ngen von Zedernholz. Im Rauchverlauf entwickelt sich eine cremige Textur mit harmonischen \u00dcberg\u00e4ngen.<\/p>\n<p>Die Marke Trinidad, benannt nach der historischen Stadt Trinidad, wurde urspr\u00fcnglich exklusiv f\u00fcr diplomatische Geschenke produziert, bevor sie 1998 f\u00fcr den freien Markt zug\u00e4nglich wurde. Die Coloniales eignet sich hervorragend f\u00fcr entspannte Abendstunden oder gehobene gesellschaftliche Anl\u00e4sse.<\/p>\n<p><small>Hersteller-\/Inverkehrbringerinformation:<br \/>\n5THAVENUE Products Trading-GmbH<br \/>\nSchwarzenbergstra\u00dfe 3-7<br \/>\nD-79761 Waldshut-Tiengen<br \/>\ninfo@5thAvenue.de<\/small><\/p>","protected":false},"excerpt":{"rendered":"<p class=\"\" data-start=\"1779\" data-end=\"2034\">Die Trinidad Coloniales vereinen kubanische Handwerkskunst mit historischem Flair. Urspr\u00fcnglich Diplomaten vorbehalten, bietet dieses elegante Marevas-Format ein harmonisches Spiel aus floralen, s\u00fc\u00dfen und w\u00fcrzigen Noten \u2013 ein stilvoller Genuss f\u00fcr Kenner.<\/p>","protected":false},"featured_media":35645,"comment_status":"closed","ping_status":"closed","template":"","meta":{"_acf_changed":false},"etheme_brands":[{"term_id":211,"name":"Trinidad","slug":"trinidad","term_group":0,"term_taxonomy_id":211,"taxonomy":"brand","description":"[elementor-template id=\"15563\"]","parent":0,"count":18,"filter":"raw"}],"product_cat":[168,169,165],"product_tag":[],"class_list":{"0":"post-26323","1":"product","2":"type-product","3":"status-publish","4":"has-post-thumbnail","6":"brand-trinidad","7":"product_cat-zigarren","8":"product_cat-cuba","9":"product_cat-trinidad","10":"pa_laenge-1196","11":"pa_orderable-yes","12":"pa_ringmass-1260","13":"pa_verpackungseinheit-24er-kiste","14":"pa_verpackungseinheit-einzeln","16":"first","17":"instock","18":"taxable","19":"shipping-taxable","20":"purchasable","21":"product-type-variable"},"acf":[],"_links":{"self":[{"href":"https:\/\/www.lcdh-bonn.de\/en\/wp-json\/wp\/v2\/product\/26323","targetHints":{"allow":["GET"]}}],"collection":[{"href":"https:\/\/www.lcdh-bonn.de\/en\/wp-json\/wp\/v2\/product"}],"about":[{"href":"https:\/\/www.lcdh-bonn.de\/en\/wp-json\/wp\/v2\/types\/product"}],"replies":[{"embeddable":true,"href":"https:\/\/www.lcdh-bonn.de\/en\/wp-json\/wp\/v2\/comments?post=26323"}],"wp:featuredmedia":[{"embeddable":true,"href":"https:\/\/www.lcdh-bonn.de\/en\/wp-json\/wp\/v2\/media\/35645"}],"wp:attachment":[{"href":"https:\/\/www.lcdh-bonn.de\/en\/wp-json\/wp\/v2\/media?parent=26323"}],"wp:term":[{"taxonomy":"brand","embeddable":true,"href":"https:\/\/www.lcdh-bonn.de\/en\/wp-json\/wp\/v2\/etheme_brands?post=26323"},{"taxonomy":"product_cat","embeddable":true,"href":"https:\/\/www.lcdh-bonn.de\/en\/wp-json\/wp\/v2\/product_cat?post=26323"},{"taxonomy":"product_tag","embeddable":true,"href":"https:\/\/www.lcdh-bonn.de\/en\/wp-json\/wp\/v2\/product_tag?post=26323"}],"curies":[{"name":"wp","href":"https:\/\/api.w.org\/{rel}","templated":true}]}}