{"id":26362,"date":"2022-08-02T20:00:42","date_gmt":"2022-08-02T18:00:42","guid":{"rendered":"https:\/\/torbru.athene.wpspace.me\/product\/vegueros-tapados\/"},"modified":"2026-03-04T14:45:34","modified_gmt":"2026-03-04T12:45:34","slug":"vegueros-tapados","status":"publish","type":"product","link":"https:\/\/www.lcdh-bonn.de\/en\/product\/vegueros-tapados\/","title":{"rendered":"Vegueros Tapados"},"content":{"rendered":"<p>Die Vegueros Tapados verk\u00f6rpert die authentische Tradition der kubanischen Tabakregion Pinar del R\u00edo. Im Format Mareva Gruesa pr\u00e4sentiert sich diese Zigarre mit einer L\u00e4nge von 120 mm und einem Ringma\u00df von 46.<\/p>\n<p>Kenner sch\u00e4tzen die mittelkr\u00e4ftige Tabakmischung aus ausgew\u00e4hlten Bl\u00e4ttern der Vuelta Abajo Region. Erfahrene Aficionados berichten von einem ausgewogenen Aromenprofil mit erdigen Noten, dezenter W\u00fcrze und feinen Ankl\u00e4ngen von ger\u00f6steten N\u00fcssen. Die gesch\u00e4tzte Rauchdauer betr\u00e4gt etwa 45-55 Minuten.<\/p>\n<div style=\"text-align: center;\">\n<strong>Produktdetails:<\/strong><br \/>\n\u2022 Format: Mareva Gruesa<br \/>\n\u2022 L\u00e4nge: 120 mm<br \/>\n\u2022 Ringma\u00df: 46<br \/>\n\u2022 St\u00e4rke: Medium<br \/>\n\u2022 Herkunft: Kuba, Pinar del R\u00edo<br \/>\n\u2022 Rauchdauer: 45-55 Minuten\n<\/div>\n<p>Die Marke Vegueros, benannt nach den traditionellen Tabakbauern Kubas, wurde 1996 als Hommage an die Region Pinar del R\u00edo eingef\u00fchrt. Die Tapados \u00fcberzeugt durch einen gleichm\u00e4\u00dfigen Abbrand und entwickelt im letzten Drittel zus\u00e4tzliche Komplexit\u00e4t.<\/p>\n<p>Erh\u00e4ltlich als:<br \/>\n&#8211; 16er Kiste<br \/>\n&#8211; 4er Schachtel<br \/>\n&#8211; Einzeln<\/p>\n<p>Ideal f\u00fcr entspannte Nachmittage oder als Begleitung zu einem guten Rum.<\/p>\n<p>Hersteller-\/Inverkehrbringerinformation:<br \/>\n5THAVENUE Products Trading-GmbH<br \/>\nSchwarzenbergstra\u00dfe 3-7<br \/>\nD-79761 Waldshut-Tiengen<br \/>\ninfo@5thAvenue.de<\/p>","protected":false},"excerpt":{"rendered":"<p>Die Vegueros Tapados verk\u00f6rpert die authentische Tradition der kubanischen Tabakregion Pinar del R\u00edo. Im Format Mareva Gruesa pr\u00e4sentiert sich diese Zigarre mit einer L\u00e4nge von 120 mm und einem Ringma\u00df von 46. Kenner sch\u00e4tzen die mittelkr\u00e4ftige Tabakmischung aus ausgew\u00e4hlten Bl\u00e4ttern der Vuelta Abajo Region. Erfahrene Aficionados berichten von einem ausgewogenen Aromenprofil mit erdigen Noten, dezenter W\u00fcrze und feinen Ankl\u00e4ngen von ger\u00f6steten N\u00fcssen. Die gesch\u00e4tzte Rauchdauer betr\u00e4gt etwa 45-55 Minuten. Produktdetails: \u2022 Format: Mareva Gruesa \u2022 L\u00e4nge: 120 mm \u2022 Ringma\u00df:&#8230;<\/p>","protected":false},"featured_media":0,"comment_status":"closed","ping_status":"closed","template":"","meta":{"_acf_changed":false},"etheme_brands":[{"term_id":212,"name":"Vegueros","slug":"vegueros","term_group":0,"term_taxonomy_id":212,"taxonomy":"brand","description":"[elementor-template id=\"15563\"]","parent":0,"count":4,"filter":"raw"}],"product_cat":[168,169,166],"product_tag":[],"class_list":{"0":"post-26362","1":"product","2":"type-product","3":"status-publish","5":"brand-vegueros","6":"product_cat-zigarren","7":"product_cat-cuba","8":"product_cat-vegueros","9":"pa_laenge-1185","10":"pa_orderable-no","11":"pa_ringmass-1249","12":"pa_verpackungseinheit-16er-kiste","13":"pa_verpackungseinheit-4er-schachtel","14":"pa_verpackungseinheit-einzeln","16":"first","17":"instock","18":"taxable","19":"shipping-taxable","20":"product-type-variable"},"acf":[],"_links":{"self":[{"href":"https:\/\/www.lcdh-bonn.de\/en\/wp-json\/wp\/v2\/product\/26362","targetHints":{"allow":["GET"]}}],"collection":[{"href":"https:\/\/www.lcdh-bonn.de\/en\/wp-json\/wp\/v2\/product"}],"about":[{"href":"https:\/\/www.lcdh-bonn.de\/en\/wp-json\/wp\/v2\/types\/product"}],"replies":[{"embeddable":true,"href":"https:\/\/www.lcdh-bonn.de\/en\/wp-json\/wp\/v2\/comments?post=26362"}],"wp:attachment":[{"href":"https:\/\/www.lcdh-bonn.de\/en\/wp-json\/wp\/v2\/media?parent=26362"}],"wp:term":[{"taxonomy":"brand","embeddable":true,"href":"https:\/\/www.lcdh-bonn.de\/en\/wp-json\/wp\/v2\/etheme_brands?post=26362"},{"taxonomy":"product_cat","embeddable":true,"href":"https:\/\/www.lcdh-bonn.de\/en\/wp-json\/wp\/v2\/product_cat?post=26362"},{"taxonomy":"product_tag","embeddable":true,"href":"https:\/\/www.lcdh-bonn.de\/en\/wp-json\/wp\/v2\/product_tag?post=26362"}],"curies":[{"name":"wp","href":"https:\/\/api.w.org\/{rel}","templated":true}]}}