{"id":27088,"date":"2021-12-23T09:14:52","date_gmt":"2021-12-23T09:14:52","guid":{"rendered":"https:\/\/torbru.athene.wpspace.me\/?post_type=product&#038;p=27088"},"modified":"2026-01-14T19:02:21","modified_gmt":"2026-01-14T17:02:21","slug":"cohiba-reisehumidor","status":"publish","type":"product","link":"https:\/\/www.lcdh-bonn.de\/en\/product\/cohiba-reisehumidor\/","title":{"rendered":"Cohiba Travel Humidor"},"content":{"rendered":"<p>Der exklusive Cohiba Reisehumidor verk\u00f6rpert kubanische Zigarrenkultur in ihrer elegantesten Form. Dieser handgefertigte Begleiter aus edlem Zedernholz bietet Platz f\u00fcr 6 erlesene Cohiba Zigarren und gew\u00e4hrleistet dank seiner pr\u00e4zisen Verarbeitung optimale Lagerbedingungen auch unterwegs.<\/p>\n<ul style=\"margin-left: 20px;\">\n\u2022 Kapazit\u00e4t: 6 Zigarren<br \/>\n\u2022 Material: Spanisches Zedernholz<br \/>\n\u2022 Humidor-Innenma\u00dfe: 205 x 130 x 35 mm<br \/>\n\u2022 Integrierter Humidifier<br \/>\n\u2022 Magnetverschluss<br \/>\n\u2022 Hochglanzlackierung\n<\/ul>\n<p>Die Geschichte der Marke Cohiba beginnt 1966 als private Selektion f\u00fcr Fidel Castro. Heute steht sie f\u00fcr die Spitze kubanischer Zigarrenkunst. Jede Cohiba durchl\u00e4uft eine zus\u00e4tzliche Fermentation in Holzf\u00e4ssern, was ihr charakteristisches Aromenprofil pr\u00e4gt.<\/p>\n<p>Kenner sch\u00e4tzen die samtigen Noten von ger\u00f6steten Kaffeebohnen, dunkler Schokolade und Vanille, die sich mit erdigen Nuancen und einem Hauch von Zedernholz verbinden. Der Reisehumidor ist der perfekte Begleiter f\u00fcr Gesch\u00e4ftsreisen, Urlaubsaufenthalte oder besondere Anl\u00e4sse, bei denen Sie nicht auf erstklassigen Zigarrengenuss verzichten m\u00f6chten.<\/p>\n<p>Hersteller-\/Inverkehrbringerinformation:<br \/>\n5THAVENUE Products Trading-GmbH<br \/>\nSchwarzenbergstra\u00dfe 3-7<br \/>\nD-79761 Waldshut-Tiengen<br \/>\ninfo@5thAvenue.de<\/p>","protected":false},"excerpt":{"rendered":"<p>Luxurious humidor for discerning aficionados<\/p>","protected":false},"featured_media":27090,"comment_status":"open","ping_status":"closed","template":"","meta":{"_acf_changed":false},"etheme_brands":[{"term_id":186,"name":"Cohiba","slug":"cohiba","term_group":0,"term_taxonomy_id":186,"taxonomy":"brand","description":"[elementor-template id=\"15563\"]","parent":0,"count":60,"filter":"raw"}],"product_cat":[140,183,409],"product_tag":[],"class_list":{"0":"post-27088","1":"product","2":"type-product","3":"status-publish","4":"has-post-thumbnail","6":"brand-cohiba","7":"product_cat-cohiba","8":"product_cat-zigarrenzubehor","9":"product_cat-humidore","10":"pa_orderable-no","12":"first","13":"outofstock","14":"taxable","15":"shipping-taxable","16":"purchasable","17":"product-type-simple"},"acf":[],"_links":{"self":[{"href":"https:\/\/www.lcdh-bonn.de\/en\/wp-json\/wp\/v2\/product\/27088","targetHints":{"allow":["GET"]}}],"collection":[{"href":"https:\/\/www.lcdh-bonn.de\/en\/wp-json\/wp\/v2\/product"}],"about":[{"href":"https:\/\/www.lcdh-bonn.de\/en\/wp-json\/wp\/v2\/types\/product"}],"replies":[{"embeddable":true,"href":"https:\/\/www.lcdh-bonn.de\/en\/wp-json\/wp\/v2\/comments?post=27088"}],"wp:featuredmedia":[{"embeddable":true,"href":"https:\/\/www.lcdh-bonn.de\/en\/wp-json\/wp\/v2\/media\/27090"}],"wp:attachment":[{"href":"https:\/\/www.lcdh-bonn.de\/en\/wp-json\/wp\/v2\/media?parent=27088"}],"wp:term":[{"taxonomy":"brand","embeddable":true,"href":"https:\/\/www.lcdh-bonn.de\/en\/wp-json\/wp\/v2\/etheme_brands?post=27088"},{"taxonomy":"product_cat","embeddable":true,"href":"https:\/\/www.lcdh-bonn.de\/en\/wp-json\/wp\/v2\/product_cat?post=27088"},{"taxonomy":"product_tag","embeddable":true,"href":"https:\/\/www.lcdh-bonn.de\/en\/wp-json\/wp\/v2\/product_tag?post=27088"}],"curies":[{"name":"wp","href":"https:\/\/api.w.org\/{rel}","templated":true}]}}