{"id":27091,"date":"2021-12-23T10:01:32","date_gmt":"2021-12-23T10:01:32","guid":{"rendered":"https:\/\/torbru.athene.wpspace.me\/?post_type=product&#038;p=27091"},"modified":"2025-06-05T21:00:16","modified_gmt":"2025-06-05T19:00:16","slug":"cohiba-lederetui-fuer-3-zigarren","status":"publish","type":"product","link":"https:\/\/www.lcdh-bonn.de\/en\/product\/cohiba-lederetui-fuer-3-zigarren\/","title":{"rendered":"Cohiba Leather Case for 3 Cigars"},"content":{"rendered":"<p>Dieses exquisite Lederetui von Cohiba bietet sicheren Schutz f\u00fcr drei Ihrer wertvollen Habanos. Gefertigt aus feinstem Leder in der charakteristischen Cohiba-Farbgebung, vereint es kubanische Handwerkskunst mit zeitloser Eleganz.<\/p>\n<ul style=\"text-align: center;\">\n\u2022 Premium-Lederetui f\u00fcr 3 Zigarren<br \/>\n\u2022 Hochwertige Verarbeitung<br \/>\n\u2022 Klassisches Cohiba-Design<br \/>\n\u2022 Optimaler Schutz f\u00fcr unterwegs<br \/>\n\u2022 Mit dem original Cohiba-Logo\n<\/ul>\n<p>Das Etui pr\u00e4sentiert sich in der markentypischen Farbkombination und tr\u00e4gt stolz das ikonische Cohiba-Logo. Die sorgf\u00e4ltige Verarbeitung garantiert nicht nur optimalen Schutz f\u00fcr Ihre kostbaren Zigarren, sondern ist auch ein stilvolles Statement f\u00fcr den anspruchsvollen Aficionado.<\/p>\n<p>Ideal f\u00fcr Business-Meetings, entspannte Abende mit Gleichgesinnten oder als besonderes Geschenk f\u00fcr Zigarrenliebhaber. Ein Must-have Accessoire, das die Tradition und Exzellenz der Marke Cohiba perfekt widerspiegelt.<\/p>\n<p><small>Hersteller-\/Inverkehrbringerinformation:<br \/>\n5THAVENUE Products Trading-GmbH<br \/>\nSchwarzenbergstra\u00dfe 3-7<br \/>\nD-79761 Waldshut-Tiengen<br \/>\ninfo@5thAvenue.de<\/small><\/p>","protected":false},"excerpt":{"rendered":"<p>High quality leather case from premium cigar brand Cohiba<\/p>","protected":false},"featured_media":27092,"comment_status":"open","ping_status":"closed","template":"","meta":{"_acf_changed":false},"etheme_brands":[{"term_id":186,"name":"Cohiba","slug":"cohiba","term_group":0,"term_taxonomy_id":186,"taxonomy":"brand","description":"[elementor-template id=\"15563\"]","parent":0,"count":60,"filter":"raw"}],"product_cat":[183,412],"product_tag":[],"class_list":{"0":"post-27091","1":"product","2":"type-product","3":"status-publish","4":"has-post-thumbnail","6":"brand-cohiba","7":"product_cat-zigarrenzubehor","8":"product_cat-zigarrenetuis","9":"pa_orderable-no","11":"first","12":"outofstock","13":"taxable","14":"shipping-taxable","15":"purchasable","16":"product-type-simple"},"acf":[],"_links":{"self":[{"href":"https:\/\/www.lcdh-bonn.de\/en\/wp-json\/wp\/v2\/product\/27091","targetHints":{"allow":["GET"]}}],"collection":[{"href":"https:\/\/www.lcdh-bonn.de\/en\/wp-json\/wp\/v2\/product"}],"about":[{"href":"https:\/\/www.lcdh-bonn.de\/en\/wp-json\/wp\/v2\/types\/product"}],"replies":[{"embeddable":true,"href":"https:\/\/www.lcdh-bonn.de\/en\/wp-json\/wp\/v2\/comments?post=27091"}],"wp:featuredmedia":[{"embeddable":true,"href":"https:\/\/www.lcdh-bonn.de\/en\/wp-json\/wp\/v2\/media\/27092"}],"wp:attachment":[{"href":"https:\/\/www.lcdh-bonn.de\/en\/wp-json\/wp\/v2\/media?parent=27091"}],"wp:term":[{"taxonomy":"brand","embeddable":true,"href":"https:\/\/www.lcdh-bonn.de\/en\/wp-json\/wp\/v2\/etheme_brands?post=27091"},{"taxonomy":"product_cat","embeddable":true,"href":"https:\/\/www.lcdh-bonn.de\/en\/wp-json\/wp\/v2\/product_cat?post=27091"},{"taxonomy":"product_tag","embeddable":true,"href":"https:\/\/www.lcdh-bonn.de\/en\/wp-json\/wp\/v2\/product_tag?post=27091"}],"curies":[{"name":"wp","href":"https:\/\/api.w.org\/{rel}","templated":true}]}}