{"id":29486,"date":"2022-03-20T02:06:39","date_gmt":"2022-03-20T02:06:39","guid":{"rendered":"https:\/\/torbru.athene.wpspace.me\/product\/xikar-xikar-reisehumidor-fuer-15-zigarren-1215xi\/"},"modified":"2026-02-27T14:28:31","modified_gmt":"2026-02-27T12:28:31","slug":"xikar-xikar-reisehumidor-fuer-15-zigarren-1215xi","status":"publish","type":"product","link":"https:\/\/www.lcdh-bonn.de\/en\/product\/xikar-xikar-reisehumidor-fuer-15-zigarren-1215xi\/","title":{"rendered":"Xikar Xikar Travel Humidor for 15 Cigars - 1215xi"},"content":{"rendered":"<p>Der Xikar Reisehumidor 1215xi ist die perfekte L\u00f6sung f\u00fcr den anspruchsvollen Aficionado unterwegs. Dieser robuste Humidor aus hochwertigem Kunststoff bietet sicheren Schutz f\u00fcr bis zu 15 Zigarren und garantiert dank seiner hervorragenden Dichtung eine konstante Luftfeuchtigkeit.<\/p>\n<ul style=\"margin: 20px 0;\">\n\u2022 Kapazit\u00e4t: 15 Zigarren<br \/>\n\u2022 Material: Sto\u00dffester Kunststoff<br \/>\n\u2022 Wasserdicht und luftdicht<br \/>\n\u2022 Integrierter Befeuchter<br \/>\n\u2022 Crashsicher durch verst\u00e4rkte Wandung<br \/>\n\u2022 Ma\u00dfe: 23 x 16 x 4 cm\n<\/ul>\n<p>Die patentierte Verschlusstechnik und der integrierte Befeuchter sorgen f\u00fcr optimale Lagerbedingungen selbst auf l\u00e4ngeren Reisen. Die verst\u00e4rkte Wandung sch\u00fctzt Ihre wertvollen Zigarren zuverl\u00e4ssig vor St\u00f6\u00dfen und Besch\u00e4digungen. Ein unverzichtbarer Begleiter f\u00fcr Gesch\u00e4ftsreisen, Urlaub oder den spontanen Zigarrengenuss unterwegs.<\/p>\n<p>Importeur gem\u00e4\u00df GPSR:<br \/>\nWoermann Cigars GmbH<\/p>\n<p>Hersteller-\/Inverkerhbringer:<br \/>\nWoermann Cigars GmbH (VCF Deutschland)<br \/>\nDaimlerring 5<br \/>\n32289 R\u00f6dinghausen<br \/>\n05223 650920<\/p>","protected":false},"excerpt":{"rendered":"<p>Der Xikar Reisehumidor 1215xi ist die perfekte L\u00f6sung f\u00fcr den anspruchsvollen Aficionado unterwegs. Dieser robuste Humidor aus hochwertigem Kunststoff bietet sicheren Schutz f\u00fcr bis zu 15 Zigarren und garantiert dank seiner hervorragenden Dichtung eine konstante Luftfeuchtigkeit. \u2022 Kapazit\u00e4t: 15 Zigarren \u2022 Material: Sto\u00dffester Kunststoff \u2022 Wasserdicht und luftdicht \u2022 Integrierter Befeuchter \u2022 Crashsicher durch verst\u00e4rkte Wandung \u2022 Ma\u00dfe: 23 x 16 x 4 cm Die patentierte Verschlusstechnik und der integrierte Befeuchter sorgen f\u00fcr optimale Lagerbedingungen selbst auf l\u00e4ngeren Reisen. Die&#8230;<\/p>","protected":false},"featured_media":31382,"comment_status":"closed","ping_status":"open","template":"","meta":{"_acf_changed":false},"etheme_brands":[{"term_id":981,"name":"Xikar","slug":"xikar","term_group":0,"term_taxonomy_id":981,"taxonomy":"brand","description":"","parent":0,"count":58,"filter":"raw"}],"product_cat":[183,409],"product_tag":[],"class_list":{"0":"post-29486","1":"product","2":"type-product","3":"status-publish","4":"has-post-thumbnail","6":"brand-xikar","7":"product_cat-zigarrenzubehor","8":"product_cat-humidore","9":"pa_orderable-no","11":"first","12":"instock","13":"taxable","14":"shipping-taxable","15":"purchasable","16":"product-type-simple"},"acf":[],"_links":{"self":[{"href":"https:\/\/www.lcdh-bonn.de\/en\/wp-json\/wp\/v2\/product\/29486","targetHints":{"allow":["GET"]}}],"collection":[{"href":"https:\/\/www.lcdh-bonn.de\/en\/wp-json\/wp\/v2\/product"}],"about":[{"href":"https:\/\/www.lcdh-bonn.de\/en\/wp-json\/wp\/v2\/types\/product"}],"replies":[{"embeddable":true,"href":"https:\/\/www.lcdh-bonn.de\/en\/wp-json\/wp\/v2\/comments?post=29486"}],"wp:featuredmedia":[{"embeddable":true,"href":"https:\/\/www.lcdh-bonn.de\/en\/wp-json\/wp\/v2\/media\/31382"}],"wp:attachment":[{"href":"https:\/\/www.lcdh-bonn.de\/en\/wp-json\/wp\/v2\/media?parent=29486"}],"wp:term":[{"taxonomy":"brand","embeddable":true,"href":"https:\/\/www.lcdh-bonn.de\/en\/wp-json\/wp\/v2\/etheme_brands?post=29486"},{"taxonomy":"product_cat","embeddable":true,"href":"https:\/\/www.lcdh-bonn.de\/en\/wp-json\/wp\/v2\/product_cat?post=29486"},{"taxonomy":"product_tag","embeddable":true,"href":"https:\/\/www.lcdh-bonn.de\/en\/wp-json\/wp\/v2\/product_tag?post=29486"}],"curies":[{"name":"wp","href":"https:\/\/api.w.org\/{rel}","templated":true}]}}