{"id":29525,"date":"2022-03-20T02:07:00","date_gmt":"2022-03-20T02:07:00","guid":{"rendered":"https:\/\/torbru.athene.wpspace.me\/product\/xikar-zigarrencutter-xikar-xi2-kunststoff-kuba-flagge-1201cub\/"},"modified":"2025-11-17T15:27:27","modified_gmt":"2025-11-17T13:27:27","slug":"xikar-zigarrencutter-xikar-xi2-kunststoff-kuba-flagge-1201cub","status":"publish","type":"product","link":"https:\/\/www.lcdh-bonn.de\/en\/product\/xikar-zigarrencutter-xikar-xi2-kunststoff-kuba-flagge-1201cub\/","title":{"rendered":"Xikar Xi2 Cigar Cutter Plastic - Cuba Flag - 1201cub"},"content":{"rendered":"<p>Der Xikar Xi2 Zigarrencutter in Kuba-Flaggen-Design vereint kubanisches Flair mit pr\u00e4ziser Funktionalit\u00e4t. Die robuste Kunststoffausf\u00fchrung macht ihn zum verl\u00e4sslichen Begleiter f\u00fcr jeden Aficionado.<\/p>\n<ul>\n\u2022 Doppelklingen-Guillotine-System<br \/>\n\u2022 Maximaler Schnittdurchmesser: 54 Ring Gauge<br \/>\n\u2022 Hochwertiges Kunststoffgeh\u00e4use<br \/>\n\u2022 Kubanisches Flaggendesign<br \/>\n\u2022 Patentierter Klingenmechanismus<br \/>\n\u2022 Lebenslange Herstellergarantie<br \/>\n\u2022 Ergonomisches Design f\u00fcr Links- und Rechtsh\u00e4nder\n<\/ul>\n<p>Der Xi2 \u00fcberzeugt durch seinen pr\u00e4zisen Schnitt und die leichtg\u00e4ngige Mechanik. Das kubanische Flaggenmotiv macht ihn zu einem stilvollen Statement f\u00fcr Liebhaber karibischer Zigarrenkultur. Dank der robusten Konstruktion und der lebenslangen Garantie ist dieser Cutter eine verl\u00e4ssliche Investition in perfekten Zigarrengenuss.<\/p>\n<p>Importeur gem\u00e4\u00df GPSR: Woermann Cigars GmbHHersteller-\/Inverkerhbringer:<br \/>\nWoermann Cigars GmbH (VCF Deutschland)<br \/>\nDaimlerring 5<br \/>\n32289 R\u00f6dinghausen<br \/>\n05223 650920<\/p>","protected":false},"excerpt":{"rendered":"<p>Der Xikar Xi2 Zigarrencutter in Kuba-Flaggen-Design vereint kubanisches Flair mit pr\u00e4ziser Funktionalit\u00e4t. Die robuste Kunststoffausf\u00fchrung macht ihn zum verl\u00e4sslichen Begleiter f\u00fcr jeden Aficionado. \u2022 Doppelklingen-Guillotine-System \u2022 Maximaler Schnittdurchmesser: 54 Ring Gauge \u2022 Hochwertiges Kunststoffgeh\u00e4use \u2022 Kubanisches Flaggendesign \u2022 Patentierter Klingenmechanismus \u2022 Lebenslange Herstellergarantie \u2022 Ergonomisches Design f\u00fcr Links- und Rechtsh\u00e4nder Der Xi2 \u00fcberzeugt durch seinen pr\u00e4zisen Schnitt und die leichtg\u00e4ngige Mechanik. Das kubanische Flaggenmotiv macht ihn zu einem stilvollen Statement f\u00fcr Liebhaber karibischer Zigarrenkultur. Dank der robusten Konstruktion und der&#8230;<\/p>","protected":false},"featured_media":30664,"comment_status":"closed","ping_status":"open","template":"","meta":{"_acf_changed":false},"etheme_brands":[{"term_id":981,"name":"Xikar","slug":"xikar","term_group":0,"term_taxonomy_id":981,"taxonomy":"brand","description":"","parent":0,"count":58,"filter":"raw"}],"product_cat":[183,410],"product_tag":[],"class_list":{"0":"post-29525","1":"product","2":"type-product","3":"status-publish","4":"has-post-thumbnail","6":"brand-xikar","7":"product_cat-zigarrenzubehor","8":"product_cat-zigarrenanschneider","9":"pa_orderable-no","11":"first","12":"outofstock","13":"taxable","14":"shipping-taxable","15":"purchasable","16":"product-type-simple"},"acf":[],"_links":{"self":[{"href":"https:\/\/www.lcdh-bonn.de\/en\/wp-json\/wp\/v2\/product\/29525","targetHints":{"allow":["GET"]}}],"collection":[{"href":"https:\/\/www.lcdh-bonn.de\/en\/wp-json\/wp\/v2\/product"}],"about":[{"href":"https:\/\/www.lcdh-bonn.de\/en\/wp-json\/wp\/v2\/types\/product"}],"replies":[{"embeddable":true,"href":"https:\/\/www.lcdh-bonn.de\/en\/wp-json\/wp\/v2\/comments?post=29525"}],"wp:featuredmedia":[{"embeddable":true,"href":"https:\/\/www.lcdh-bonn.de\/en\/wp-json\/wp\/v2\/media\/30664"}],"wp:attachment":[{"href":"https:\/\/www.lcdh-bonn.de\/en\/wp-json\/wp\/v2\/media?parent=29525"}],"wp:term":[{"taxonomy":"brand","embeddable":true,"href":"https:\/\/www.lcdh-bonn.de\/en\/wp-json\/wp\/v2\/etheme_brands?post=29525"},{"taxonomy":"product_cat","embeddable":true,"href":"https:\/\/www.lcdh-bonn.de\/en\/wp-json\/wp\/v2\/product_cat?post=29525"},{"taxonomy":"product_tag","embeddable":true,"href":"https:\/\/www.lcdh-bonn.de\/en\/wp-json\/wp\/v2\/product_tag?post=29525"}],"curies":[{"name":"wp","href":"https:\/\/api.w.org\/{rel}","templated":true}]}}