{"id":31247,"date":"2022-03-03T16:53:07","date_gmt":"2022-03-03T16:53:07","guid":{"rendered":"https:\/\/torbru.athene.wpspace.me\/?post_type=product&#038;p=31247"},"modified":"2026-02-25T18:56:10","modified_gmt":"2026-02-25T16:56:10","slug":"boveda-60g-beutel-72","status":"publish","type":"product","link":"https:\/\/www.lcdh-bonn.de\/en\/product\/boveda-60g-beutel-72\/","title":{"rendered":"Boveda 60g bag - 72%"},"content":{"rendered":"<p data-start=\"80\" data-end=\"152\"><strong data-start=\"80\" data-end=\"150\">Boveda 72% 60g \u2013 Perfekte Feuchtigkeitskontrolle f\u00fcr Ihre Zigarren<\/strong><\/p>\n<p data-start=\"154\" data-end=\"464\">Boveda \u2013 abgeleitet vom spanischen Wort f\u00fcr \u201eGew\u00f6lbekeller\u201c \u2013 steht f\u00fcr eine patentierte und einzigartige L\u00f6sung zur Feuchtigkeitskontrolle. Das 72% 60g Pack wurde speziell f\u00fcr den Einsatz in Thekenhumidoren, Reisehumidoren und Etuis entwickelt, um Zigarren zuverl\u00e4ssig unter optimalen Bedingungen zu lagern.<\/p>\n<p data-start=\"466\" data-end=\"856\">Im Inneren jedes Beutels befindet sich eine ges\u00e4ttigte L\u00f6sung aus nat\u00fcrlichen Salzen und reinem Wasser. Eine semipermeable Membran sorgt daf\u00fcr, dass die Feuchtigkeit stets in beide Richtungen reguliert wird \u2013 je nach Bedarf gibt Boveda Feuchtigkeit ab oder nimmt \u00fcbersch\u00fcssige auf. Damit bleibt die relative Luftfeuchtigkeit konstant bei 72%, ganz ohne Nachf\u00fcllen oder zus\u00e4tzliche Pflege.<\/p>\n<p data-start=\"858\" data-end=\"894\"><strong data-start=\"858\" data-end=\"892\">Ihre Vorteile auf einen Blick:<\/strong><\/p>\n<ul data-start=\"895\" data-end=\"1386\">\n<li data-start=\"895\" data-end=\"963\">\n<p data-start=\"897\" data-end=\"963\">Konstante Luftfeuchtigkeit von 72% f\u00fcr perfekte Zigarrenlagerung<\/p>\n<\/li>\n<li data-start=\"964\" data-end=\"1050\">\n<p data-start=\"966\" data-end=\"1050\">Funktioniert in beide Richtungen: gibt Feuchtigkeit ab und nimmt \u00fcbersch\u00fcssige auf<\/p>\n<\/li>\n<li data-start=\"1051\" data-end=\"1118\">\n<p data-start=\"1053\" data-end=\"1118\">Kein Nachf\u00fcllen oder Befeuchten n\u00f6tig \u2013 wartungsfreie Anwendung<\/p>\n<\/li>\n<li data-start=\"1119\" data-end=\"1191\">\n<p data-start=\"1121\" data-end=\"1191\">Hygienisch: minimiert das Risiko von Schimmel, Pilzen oder Bakterien<\/p>\n<\/li>\n<li data-start=\"1192\" data-end=\"1244\">\n<p data-start=\"1194\" data-end=\"1244\">Lange Wirkdauer: nur alle 2\u20133 Monate austauschen<\/p>\n<\/li>\n<li data-start=\"1245\" data-end=\"1326\">\n<p data-start=\"1247\" data-end=\"1326\">Erh\u00e4lt die nat\u00fcrlichen \u00d6le und Zuckerstoffe der Zigarren f\u00fcr optimale Reifung<\/p>\n<\/li>\n<li data-start=\"1327\" data-end=\"1386\">\n<p data-start=\"1329\" data-end=\"1386\">Ideal f\u00fcr Theken- und Reisehumidore sowie Zigarrenetuis<\/p>\n<\/li>\n<\/ul>\n<p data-start=\"1388\" data-end=\"1523\"><strong data-start=\"1388\" data-end=\"1398\">Fazit:<\/strong> Mit Boveda 72% 60g genie\u00dfen Sie sorgenfreie Befeuchtung auf h\u00f6chstem Niveau \u2013 pr\u00e4zise, hygienisch und absolut zuverl\u00e4ssig.<\/p>\n<hr data-start=\"1525\" data-end=\"1528\" \/>\n<p data-start=\"1530\" data-end=\"1622\"><strong data-start=\"1530\" data-end=\"1551\">Inverkehrbringer:<\/strong><br data-start=\"1551\" data-end=\"1554\" \/>Kopp Tobaccos GmbH &amp; Co. KG<br data-start=\"1581\" data-end=\"1584\" \/>Adlerstrasse 50\u201356<br data-start=\"1602\" data-end=\"1605\" \/>25462 Rellingen<\/p>","protected":false},"excerpt":{"rendered":"<p>Boveda 72% 60g \u2013 Perfekte Feuchtigkeitskontrolle f\u00fcr Ihre Zigarren Boveda \u2013 abgeleitet vom spanischen Wort f\u00fcr \u201eGew\u00f6lbekeller\u201c \u2013 steht f\u00fcr eine patentierte und einzigartige L\u00f6sung zur Feuchtigkeitskontrolle. Das 72% 60g Pack wurde speziell f\u00fcr den Einsatz in Thekenhumidoren, Reisehumidoren und Etuis entwickelt, um Zigarren zuverl\u00e4ssig unter optimalen Bedingungen zu lagern. Im Inneren jedes Beutels befindet sich eine ges\u00e4ttigte L\u00f6sung aus nat\u00fcrlichen Salzen und reinem Wasser. Eine semipermeable Membran sorgt daf\u00fcr, dass die Feuchtigkeit stets in beide Richtungen reguliert wird \u2013&#8230;<\/p>","protected":false},"featured_media":40517,"comment_status":"closed","ping_status":"closed","template":"","meta":{"_acf_changed":false},"etheme_brands":[{"term_id":1102,"name":"Boveda","slug":"boveda","term_group":0,"term_taxonomy_id":1102,"taxonomy":"brand","description":"","parent":0,"count":5,"filter":"raw"}],"product_cat":[183,982],"product_tag":[],"class_list":{"0":"post-31247","1":"product","2":"type-product","3":"status-publish","4":"has-post-thumbnail","6":"brand-boveda","7":"product_cat-zigarrenzubehor","8":"product_cat-humidifier","9":"pa_orderable-yes","10":"pa_verpackungseinheit-12er-kiste","11":"pa_verpackungseinheit-einzeln","13":"first","14":"outofstock","15":"taxable","16":"shipping-taxable","17":"purchasable","18":"product-type-variable","19":"has-default-attributes"},"acf":[],"_links":{"self":[{"href":"https:\/\/www.lcdh-bonn.de\/en\/wp-json\/wp\/v2\/product\/31247","targetHints":{"allow":["GET"]}}],"collection":[{"href":"https:\/\/www.lcdh-bonn.de\/en\/wp-json\/wp\/v2\/product"}],"about":[{"href":"https:\/\/www.lcdh-bonn.de\/en\/wp-json\/wp\/v2\/types\/product"}],"replies":[{"embeddable":true,"href":"https:\/\/www.lcdh-bonn.de\/en\/wp-json\/wp\/v2\/comments?post=31247"}],"wp:featuredmedia":[{"embeddable":true,"href":"https:\/\/www.lcdh-bonn.de\/en\/wp-json\/wp\/v2\/media\/40517"}],"wp:attachment":[{"href":"https:\/\/www.lcdh-bonn.de\/en\/wp-json\/wp\/v2\/media?parent=31247"}],"wp:term":[{"taxonomy":"brand","embeddable":true,"href":"https:\/\/www.lcdh-bonn.de\/en\/wp-json\/wp\/v2\/etheme_brands?post=31247"},{"taxonomy":"product_cat","embeddable":true,"href":"https:\/\/www.lcdh-bonn.de\/en\/wp-json\/wp\/v2\/product_cat?post=31247"},{"taxonomy":"product_tag","embeddable":true,"href":"https:\/\/www.lcdh-bonn.de\/en\/wp-json\/wp\/v2\/product_tag?post=31247"}],"curies":[{"name":"wp","href":"https:\/\/api.w.org\/{rel}","templated":true}]}}