{"id":35139,"date":"2022-08-02T20:30:09","date_gmt":"2022-08-02T18:30:09","guid":{"rendered":"https:\/\/torbru.athene.wpspace.me\/?post_type=product&#038;p=35139"},"modified":"2026-01-14T18:11:44","modified_gmt":"2026-01-14T16:11:44","slug":"por-larrranaga-galanes","status":"publish","type":"product","link":"https:\/\/www.lcdh-bonn.de\/en\/product\/por-larrranaga-galanes\/","title":{"rendered":"Por Larrra\u00f1aga Galanes"},"content":{"rendered":"<p>Die Por Larra\u00f1aga Galanes verk\u00f6rpert die zeitlose Eleganz kubanischer Zigarrenkunst. Diese Galanes im klassischen Format 120 mm L\u00e4nge und Ringma\u00df 52 besticht durch ihre perfekte Balance.<\/p>\n<p>Kenner sch\u00e4tzen die vollmundige, dabei nie aufdringliche Komposition aus erlesenen Tabaken der Vuelta Abajo Region. Die St\u00e4rke bewegt sich im leichten bis mittleren Bereich, ideal f\u00fcr einen etwa 45-min\u00fctigen Genussmoment.<\/p>\n<div style=\"text-align: center;\">\n<ul style=\"list-style-type: none;\">\n\u2022 Format: Galanes (120 mm \u00d7 52)<br \/>\n\u2022 Herkunft: Kuba, Vuelta Abajo<br \/>\n\u2022 St\u00e4rke: Leicht bis mittel<br \/>\n\u2022 Rauchdauer: ca. 45 Minuten<br \/>\n\u2022 Verpackung: 10er Kiste, Einzeln erh\u00e4ltlich\n<\/ul>\n<\/div>\n<p>Erfahrene Aficionados berichten von einem ausgewogenen Aromenprofil mit Noten von ger\u00f6steten N\u00fcssen, feiner Holzs\u00fc\u00dfe und dezenten Gew\u00fcrznuancen. Der Rauchverlauf entwickelt sich harmonisch von cremig-sanften Anfangsnoten zu einer dezent w\u00fcrzigeren Komplexit\u00e4t im letzten Drittel.<\/p>\n<p>Die 1834 gegr\u00fcndete Marke Por Larra\u00f1aga z\u00e4hlt zu den \u00e4ltesten noch aktiven kubanischen Zigarrenmarken und steht f\u00fcr handwerkliche Pr\u00e4zision und konstante Qualit\u00e4t. Die Galanes eignet sich hervorragend f\u00fcr entspannte Nachmittagsstunden oder als eleganter Begleiter zu einem guten Gespr\u00e4ch.<\/p>\n<p><small>Hersteller-\/Inverkehrbringerinformation:<br \/>\n5THAVENUE Products Trading-GmbH<br \/>\nSchwarzenbergstra\u00dfe 3-7<br \/>\nD-79761 Waldshut-Tiengen<br \/>\ninfo@5thAvenue.de<\/small><\/p>","protected":false},"excerpt":{"rendered":"<p>Die Por Larra\u00f1aga Galanes verk\u00f6rpert die zeitlose Eleganz kubanischer Zigarrenkunst. Diese Galanes im klassischen Format 120 mm L\u00e4nge und Ringma\u00df 52 besticht durch ihre perfekte Balance. Kenner sch\u00e4tzen die vollmundige, dabei nie aufdringliche Komposition aus erlesenen Tabaken der Vuelta Abajo Region. Die St\u00e4rke bewegt sich im leichten bis mittleren Bereich, ideal f\u00fcr einen etwa 45-min\u00fctigen Genussmoment. \u2022 Format: Galanes (120 mm \u00d7 52) \u2022 Herkunft: Kuba, Vuelta Abajo \u2022 St\u00e4rke: Leicht bis mittel \u2022 Rauchdauer: ca. 45 Minuten \u2022 Verpackung:&#8230;<\/p>","protected":false},"featured_media":0,"comment_status":"closed","ping_status":"closed","template":"","meta":{"_acf_changed":false},"etheme_brands":[{"term_id":200,"name":"Por Larrra\u00f1aga","slug":"por-larrranaga","term_group":0,"term_taxonomy_id":200,"taxonomy":"brand","description":"[elementor-template id=\"15563\"]","parent":0,"count":4,"filter":"raw"}],"product_cat":[168,169,154],"product_tag":[],"class_list":{"0":"post-35139","1":"product","2":"type-product","3":"status-publish","5":"brand-por-larrranaga","6":"product_cat-zigarren","7":"product_cat-cuba","8":"product_cat-por-larrranaga","9":"pa_laenge-1166","10":"pa_orderable-no","11":"pa_ringmass-1249","12":"pa_verpackungseinheit-10er-kiste","13":"pa_verpackungseinheit-einzeln","15":"first","16":"outofstock","17":"taxable","18":"shipping-taxable","19":"purchasable","20":"product-type-variable"},"acf":[],"_links":{"self":[{"href":"https:\/\/www.lcdh-bonn.de\/en\/wp-json\/wp\/v2\/product\/35139","targetHints":{"allow":["GET"]}}],"collection":[{"href":"https:\/\/www.lcdh-bonn.de\/en\/wp-json\/wp\/v2\/product"}],"about":[{"href":"https:\/\/www.lcdh-bonn.de\/en\/wp-json\/wp\/v2\/types\/product"}],"replies":[{"embeddable":true,"href":"https:\/\/www.lcdh-bonn.de\/en\/wp-json\/wp\/v2\/comments?post=35139"}],"wp:attachment":[{"href":"https:\/\/www.lcdh-bonn.de\/en\/wp-json\/wp\/v2\/media?parent=35139"}],"wp:term":[{"taxonomy":"brand","embeddable":true,"href":"https:\/\/www.lcdh-bonn.de\/en\/wp-json\/wp\/v2\/etheme_brands?post=35139"},{"taxonomy":"product_cat","embeddable":true,"href":"https:\/\/www.lcdh-bonn.de\/en\/wp-json\/wp\/v2\/product_cat?post=35139"},{"taxonomy":"product_tag","embeddable":true,"href":"https:\/\/www.lcdh-bonn.de\/en\/wp-json\/wp\/v2\/product_tag?post=35139"}],"curies":[{"name":"wp","href":"https:\/\/api.w.org\/{rel}","templated":true}]}}