{"id":38299,"date":"2023-04-03T17:47:09","date_gmt":"2023-04-03T15:47:09","guid":{"rendered":"https:\/\/torbru.athene.wpspace.me\/produkt\/la-gloria-cubana-turquinos\/"},"modified":"2026-01-14T18:19:51","modified_gmt":"2026-01-14T16:19:51","slug":"la-gloria-cubana-turquinos","status":"publish","type":"product","link":"https:\/\/www.lcdh-bonn.de\/en\/product\/la-gloria-cubana-turquinos\/","title":{"rendered":"La Gloria Cubana Turquinos"},"content":{"rendered":"<p>Die La Gloria Cubana Turquinos verk\u00f6rpert die Essenz kubanischer Zigarrenkunst in einem eleganten Robusto-Format. Diese handgefertigte Premiumzigarre aus der renommierten Manufaktur in Santiago de Cuba pr\u00e4sentiert sich in klassischen Dimensionen von 141 mm L\u00e4nge bei einem Ringma\u00df von 50.<\/p>\n<ul style=\"margin: 20px 0; padding: 15px; background-color: #f9f9f9;\">\n\u2022 Format: Robusto<br \/>\n\u2022 L\u00e4nge: 141 mm<br \/>\n\u2022 Ringma\u00df: 50<br \/>\n\u2022 St\u00e4rke: Medium bis kr\u00e4ftig<br \/>\n\u2022 Rauchdauer: ca. 45-60 Minuten<br \/>\n\u2022 Herkunft: Kuba, Santiago de Cuba<br \/>\n\u2022 Verpackung: 10er Kiste, Einzeln erh\u00e4ltlich\n<\/ul>\n<p>Kenner sch\u00e4tzen das komplexe Aromenprofil dieser Vitola, das sich durch w\u00fcrzige Holznoten, subtile R\u00f6staromen und eine dezente S\u00fc\u00dfe auszeichnet. Im Rauchverlauf entwickelt sich ein harmonisches Zusammenspiel von Leder- und Erdnoten, untermalt von feinen Kakao- und Kaffeenuancen.<\/p>\n<p>Die Geschichte der Marke reicht bis ins Jahr 1885 zur\u00fcck, als sie von Jos\u00e9 Rocha gegr\u00fcndet und sp\u00e4ter von der Familie Cifuentes weitergef\u00fchrt wurde. Bis heute steht La Gloria Cubana f\u00fcr handwerkliche Perfektion und authentischen kubanischen Tabakgenuss.<\/p>\n<p>Eine ideale Begleitung f\u00fcr entspannte Abendstunden, gesch\u00e4ftliche Zusammenk\u00fcnfte oder besondere Anl\u00e4sse, die nach einer charaktervollen Zigarre verlangen.<\/p>\n<p><small>Hersteller-\/Inverkehrbringerinformation:<br \/>\n5THAVENUE Products Trading-GmbH<br \/>\nSchwarzenbergstra\u00dfe 3-7<br \/>\nD-79761 Waldshut-Tiengen<br \/>\ninfo@5thAvenue.de<\/small><\/p>","protected":false},"excerpt":{"rendered":"<p>New Gordito format - not yet available<\/p>","protected":false},"featured_media":38264,"comment_status":"closed","ping_status":"open","template":"","meta":{"_acf_changed":false},"etheme_brands":[{"term_id":197,"name":"La Gloria Cubana","slug":"la-gloria-cubana","term_group":0,"term_taxonomy_id":197,"taxonomy":"brand","description":"[elementor-template id=\"15563\"]","parent":0,"count":3,"filter":"raw"}],"product_cat":[168,169,151],"product_tag":[],"class_list":{"0":"post-38299","1":"product","2":"type-product","3":"status-publish","4":"has-post-thumbnail","6":"brand-la-gloria-cubana","7":"product_cat-zigarren","8":"product_cat-cuba","9":"product_cat-la-gloria-cubana","10":"pa_laenge-568","11":"pa_orderable-no","12":"pa_ringmass-433","13":"pa_verpackungseinheit-10er-kiste","14":"pa_verpackungseinheit-einzeln","16":"first","17":"outofstock","18":"taxable","19":"shipping-taxable","20":"purchasable","21":"product-type-variable"},"acf":[],"_links":{"self":[{"href":"https:\/\/www.lcdh-bonn.de\/en\/wp-json\/wp\/v2\/product\/38299","targetHints":{"allow":["GET"]}}],"collection":[{"href":"https:\/\/www.lcdh-bonn.de\/en\/wp-json\/wp\/v2\/product"}],"about":[{"href":"https:\/\/www.lcdh-bonn.de\/en\/wp-json\/wp\/v2\/types\/product"}],"replies":[{"embeddable":true,"href":"https:\/\/www.lcdh-bonn.de\/en\/wp-json\/wp\/v2\/comments?post=38299"}],"wp:featuredmedia":[{"embeddable":true,"href":"https:\/\/www.lcdh-bonn.de\/en\/wp-json\/wp\/v2\/media\/38264"}],"wp:attachment":[{"href":"https:\/\/www.lcdh-bonn.de\/en\/wp-json\/wp\/v2\/media?parent=38299"}],"wp:term":[{"taxonomy":"brand","embeddable":true,"href":"https:\/\/www.lcdh-bonn.de\/en\/wp-json\/wp\/v2\/etheme_brands?post=38299"},{"taxonomy":"product_cat","embeddable":true,"href":"https:\/\/www.lcdh-bonn.de\/en\/wp-json\/wp\/v2\/product_cat?post=38299"},{"taxonomy":"product_tag","embeddable":true,"href":"https:\/\/www.lcdh-bonn.de\/en\/wp-json\/wp\/v2\/product_tag?post=38299"}],"curies":[{"name":"wp","href":"https:\/\/api.w.org\/{rel}","templated":true}]}}