{"id":39610,"date":"2024-12-18T15:44:33","date_gmt":"2024-12-18T13:44:33","guid":{"rendered":"https:\/\/www.lcdh-bonn.de\/produkt\/havana-club-zigarrenascher-egoista-orange\/"},"modified":"2025-04-03T21:06:40","modified_gmt":"2025-04-03T19:06:40","slug":"havana-club-zigarrenascher-egoista-orange","status":"publish","type":"product","link":"https:\/\/www.lcdh-bonn.de\/en\/product\/havana-club-zigarrenascher-egoista-orange\/","title":{"rendered":"Havana Club cigar ashtray Egoista Orange"},"content":{"rendered":"<p>Der Havana Club Egoista in Orange ist ein hochwertiger Zigarrenascher aus der renommierten Havana Collection. Mit seiner charakteristischen Einzelablage eignet er sich ideal f\u00fcr den anspruchsvollen Aficionado, der seine Zigarre stilvoll genie\u00dfen m\u00f6chte. Die robuste Keramikkonstruktion gew\u00e4hrleistet eine ausgezeichnete Standfestigkeit und Langlebigkeit. Das leuchtende Orange verleiht dem klassischen Design eine moderne Note. Die gro\u00dfz\u00fcgig dimensionierte Ablagerinne erm\u00f6glicht ein sicheres Platzieren verschiedener Zigarrenformate, w\u00e4hrend die tiefe Aschekammer f\u00fcr lange Rauchgen\u00fcsse ausgelegt ist. Ein hochwertiges Accessoire, das sowohl funktional als auch optisch \u00fcberzeugt und sich harmonisch in jedes Ambiente einf\u00fcgt.<\/p>","protected":false},"excerpt":{"rendered":"<p>Hochwertiger orangefarbener Havana Club Zigarrenascher mit praktischer Einzelablage.<\/p>","protected":false},"featured_media":39459,"comment_status":"closed","ping_status":"open","template":"","meta":{"_acf_changed":false},"etheme_brands":[{"term_id":1075,"name":"Havana Club","slug":"havana-club","term_group":0,"term_taxonomy_id":1075,"taxonomy":"brand","description":"","parent":0,"count":24,"filter":"raw"}],"product_cat":[183,413],"product_tag":[],"class_list":{"0":"post-39610","1":"product","2":"type-product","3":"status-publish","4":"has-post-thumbnail","6":"brand-havana-club","7":"product_cat-zigarrenzubehor","8":"product_cat-aschenbecher-fuer-zigarren","9":"pa_orderable-no","11":"first","12":"outofstock","13":"sale","14":"taxable","15":"shipping-taxable","16":"purchasable","17":"product-type-simple"},"acf":[],"_links":{"self":[{"href":"https:\/\/www.lcdh-bonn.de\/en\/wp-json\/wp\/v2\/product\/39610","targetHints":{"allow":["GET"]}}],"collection":[{"href":"https:\/\/www.lcdh-bonn.de\/en\/wp-json\/wp\/v2\/product"}],"about":[{"href":"https:\/\/www.lcdh-bonn.de\/en\/wp-json\/wp\/v2\/types\/product"}],"replies":[{"embeddable":true,"href":"https:\/\/www.lcdh-bonn.de\/en\/wp-json\/wp\/v2\/comments?post=39610"}],"wp:featuredmedia":[{"embeddable":true,"href":"https:\/\/www.lcdh-bonn.de\/en\/wp-json\/wp\/v2\/media\/39459"}],"wp:attachment":[{"href":"https:\/\/www.lcdh-bonn.de\/en\/wp-json\/wp\/v2\/media?parent=39610"}],"wp:term":[{"taxonomy":"brand","embeddable":true,"href":"https:\/\/www.lcdh-bonn.de\/en\/wp-json\/wp\/v2\/etheme_brands?post=39610"},{"taxonomy":"product_cat","embeddable":true,"href":"https:\/\/www.lcdh-bonn.de\/en\/wp-json\/wp\/v2\/product_cat?post=39610"},{"taxonomy":"product_tag","embeddable":true,"href":"https:\/\/www.lcdh-bonn.de\/en\/wp-json\/wp\/v2\/product_tag?post=39610"}],"curies":[{"name":"wp","href":"https:\/\/api.w.org\/{rel}","templated":true}]}}