{"id":39611,"date":"2024-12-18T15:44:33","date_gmt":"2024-12-18T13:44:33","guid":{"rendered":"https:\/\/www.lcdh-bonn.de\/produkt\/havana-club-zigarrenascher-egoista-yellow\/"},"modified":"2026-01-29T13:00:35","modified_gmt":"2026-01-29T11:00:35","slug":"havana-club-zigarrenascher-egoista-yellow","status":"publish","type":"product","link":"https:\/\/www.lcdh-bonn.de\/en\/product\/havana-club-zigarrenascher-egoista-yellow\/","title":{"rendered":"Havana Club cigar ashtray Egoista Yellow"},"content":{"rendered":"<p>Der Havana Club Zigarrenascher Egoista Yellow ist ein hochwertiger Einzelableger aus Keramik, der speziell f\u00fcr den anspruchsvollen Zigarrengenie\u00dfer konzipiert wurde. Mit seiner charakteristischen gelben Farbgebung und dem authentischen Havana Club Branding verk\u00f6rpert er kubanische Zigarrenkultur. Die gro\u00dfz\u00fcgig dimensionierte Ablage bietet ausreichend Platz f\u00fcr eine Premium-Zigarre und gew\u00e4hrleistet durch ihre ergonomische Formgebung einen sicheren Stand. Das hitzebest\u00e4ndige Keramikmaterial sorgt f\u00fcr Langlebigkeit und verhindert effektiv das Umkippen der ruhenden Zigarre. Mit einer Breite von 21 cm eignet sich dieser Ascher ideal f\u00fcr den Hausgebrauch oder als stilvolles Accessoire in Zigarren-Lounges. Die pr\u00e4zise Verarbeitung und die tiefe Mulde f\u00fcr die Asche machen ihn zu einem verl\u00e4sslichen Begleiter f\u00fcr entspannte Rauchmomente.<\/p>","protected":false},"excerpt":{"rendered":"<p>Hochwertiger gelber Havana Club Keramik-Zigarrenascher f\u00fcr anspruchsvolle Genie\u00dfer.<\/p>","protected":false},"featured_media":39411,"comment_status":"closed","ping_status":"open","template":"","meta":{"_acf_changed":false},"etheme_brands":[{"term_id":1075,"name":"Havana Club","slug":"havana-club","term_group":0,"term_taxonomy_id":1075,"taxonomy":"brand","description":"","parent":0,"count":24,"filter":"raw"}],"product_cat":[183,413],"product_tag":[],"class_list":{"0":"post-39611","1":"product","2":"type-product","3":"status-publish","4":"has-post-thumbnail","6":"brand-havana-club","7":"product_cat-zigarrenzubehor","8":"product_cat-aschenbecher-fuer-zigarren","9":"pa_orderable-yes","11":"first","12":"outofstock","13":"sale","14":"taxable","15":"shipping-taxable","16":"purchasable","17":"product-type-simple"},"acf":[],"_links":{"self":[{"href":"https:\/\/www.lcdh-bonn.de\/en\/wp-json\/wp\/v2\/product\/39611","targetHints":{"allow":["GET"]}}],"collection":[{"href":"https:\/\/www.lcdh-bonn.de\/en\/wp-json\/wp\/v2\/product"}],"about":[{"href":"https:\/\/www.lcdh-bonn.de\/en\/wp-json\/wp\/v2\/types\/product"}],"replies":[{"embeddable":true,"href":"https:\/\/www.lcdh-bonn.de\/en\/wp-json\/wp\/v2\/comments?post=39611"}],"wp:featuredmedia":[{"embeddable":true,"href":"https:\/\/www.lcdh-bonn.de\/en\/wp-json\/wp\/v2\/media\/39411"}],"wp:attachment":[{"href":"https:\/\/www.lcdh-bonn.de\/en\/wp-json\/wp\/v2\/media?parent=39611"}],"wp:term":[{"taxonomy":"brand","embeddable":true,"href":"https:\/\/www.lcdh-bonn.de\/en\/wp-json\/wp\/v2\/etheme_brands?post=39611"},{"taxonomy":"product_cat","embeddable":true,"href":"https:\/\/www.lcdh-bonn.de\/en\/wp-json\/wp\/v2\/product_cat?post=39611"},{"taxonomy":"product_tag","embeddable":true,"href":"https:\/\/www.lcdh-bonn.de\/en\/wp-json\/wp\/v2\/product_tag?post=39611"}],"curies":[{"name":"wp","href":"https:\/\/api.w.org\/{rel}","templated":true}]}}