{"id":39616,"date":"2024-12-18T15:44:33","date_gmt":"2024-12-18T13:44:33","guid":{"rendered":"https:\/\/www.lcdh-bonn.de\/produkt\/havana-club-zigarrenascher-chico-light-blue\/"},"modified":"2025-08-11T15:38:45","modified_gmt":"2025-08-11T13:38:45","slug":"havana-club-zigarrenascher-chico-light-blue","status":"publish","type":"product","link":"https:\/\/www.lcdh-bonn.de\/en\/product\/havana-club-zigarrenascher-chico-light-blue\/","title":{"rendered":"Havana Club cigar ashtray Chico Light blue"},"content":{"rendered":"<p>Der Havana Club Zigarrenascher Chico Light Blue ist ein hochwertiges Accessoire f\u00fcr Zigarrenliebhaber, das durch sein elegantes Design in hellem Blau besticht. Gefertigt aus robustem Material bietet dieser Ascher zwei komfortable Ablagen f\u00fcr Zigarren und ein gro\u00dfz\u00fcgig dimensioniertes Aschebecken. Mit einem Durchmesser von 16 cm eignet er sich ideal f\u00fcr den Gebrauch zu Hause oder in der Lounge. Die rutschfeste Unterseite gew\u00e4hrleistet sicheren Stand auf verschiedenen Oberfl\u00e4chen. Besonders bemerkenswert ist die pr\u00e4zise Verarbeitung der Zigarrenauflagen, die ein sauberes Ablegen der Zigarre ohne Besch\u00e4digung des Deckblatts erm\u00f6glicht. Ein authentisches Havana Club Emblem unterstreicht die Exklusivit\u00e4t dieses funktionalen Klassikers der kubanischen Zigarrenkultur.<\/p>","protected":false},"excerpt":{"rendered":"<p>Hochwertiger Havana Club Zigarrenascher in Hellblau mit zwei Ablagen.<\/p>","protected":false},"featured_media":39437,"comment_status":"closed","ping_status":"open","template":"","meta":{"_acf_changed":false},"etheme_brands":[{"term_id":1075,"name":"Havana Club","slug":"havana-club","term_group":0,"term_taxonomy_id":1075,"taxonomy":"brand","description":"","parent":0,"count":24,"filter":"raw"}],"product_cat":[183,413],"product_tag":[],"class_list":{"0":"post-39616","1":"product","2":"type-product","3":"status-publish","4":"has-post-thumbnail","6":"brand-havana-club","7":"product_cat-zigarrenzubehor","8":"product_cat-aschenbecher-fuer-zigarren","9":"pa_orderable-no","11":"first","12":"outofstock","13":"sale","14":"taxable","15":"shipping-taxable","16":"purchasable","17":"product-type-simple"},"acf":[],"_links":{"self":[{"href":"https:\/\/www.lcdh-bonn.de\/en\/wp-json\/wp\/v2\/product\/39616","targetHints":{"allow":["GET"]}}],"collection":[{"href":"https:\/\/www.lcdh-bonn.de\/en\/wp-json\/wp\/v2\/product"}],"about":[{"href":"https:\/\/www.lcdh-bonn.de\/en\/wp-json\/wp\/v2\/types\/product"}],"replies":[{"embeddable":true,"href":"https:\/\/www.lcdh-bonn.de\/en\/wp-json\/wp\/v2\/comments?post=39616"}],"wp:featuredmedia":[{"embeddable":true,"href":"https:\/\/www.lcdh-bonn.de\/en\/wp-json\/wp\/v2\/media\/39437"}],"wp:attachment":[{"href":"https:\/\/www.lcdh-bonn.de\/en\/wp-json\/wp\/v2\/media?parent=39616"}],"wp:term":[{"taxonomy":"brand","embeddable":true,"href":"https:\/\/www.lcdh-bonn.de\/en\/wp-json\/wp\/v2\/etheme_brands?post=39616"},{"taxonomy":"product_cat","embeddable":true,"href":"https:\/\/www.lcdh-bonn.de\/en\/wp-json\/wp\/v2\/product_cat?post=39616"},{"taxonomy":"product_tag","embeddable":true,"href":"https:\/\/www.lcdh-bonn.de\/en\/wp-json\/wp\/v2\/product_tag?post=39616"}],"curies":[{"name":"wp","href":"https:\/\/api.w.org\/{rel}","templated":true}]}}