{"id":39629,"date":"2024-12-18T15:44:33","date_gmt":"2024-12-18T13:44:33","guid":{"rendered":"https:\/\/www.lcdh-bonn.de\/produkt\/havana-club-zigarrenascher-egoista-brown\/"},"modified":"2026-01-29T13:00:17","modified_gmt":"2026-01-29T11:00:17","slug":"havana-club-zigarrenascher-egoista-brown","status":"publish","type":"product","link":"https:\/\/www.lcdh-bonn.de\/en\/product\/havana-club-zigarrenascher-egoista-brown\/","title":{"rendered":"Havana Club cigar ashtray Egoista Brown"},"content":{"rendered":"<p>Der Havana Club Zigarrenascher Egoista Brown ist ein hochwertiger Aschenbecher aus handgefertigter Keramik, der speziell f\u00fcr den anspruchsvollen Zigarrengenie\u00dfer konzipiert wurde. Mit seiner eleganten braunen Farbgebung und der charakteristischen Formgebung f\u00fcgt er sich harmonisch in jedes Ambiente ein. Die durchdachte Konstruktion bietet eine gro\u00dfz\u00fcgige Ablage f\u00fcr eine Zigarre sowie eine optimale Tiefe f\u00fcr die Asche. Dank der robusten Verarbeitung und der glasierten Oberfl\u00e4che ist der Ascher besonders langlebig und pflegeleicht. Die Authentizit\u00e4t wird durch das eingearbeitete Havana Club Logo unterstrichen, welches die kubanische Tradition des Zigarrengenusses widerspiegelt. Mit einer Gr\u00f6\u00dfe von 21 x 21 cm eignet sich der Egoista ideal f\u00fcr den pers\u00f6nlichen Gebrauch oder als stilvolles Accessoire f\u00fcr die heimische Zigarrenlounge.<\/p>","protected":false},"excerpt":{"rendered":"<p>Hochwertiger Havana Club Keramik-Zigarrenascher mit braunem Design und Logo.<\/p>","protected":false},"featured_media":39444,"comment_status":"closed","ping_status":"open","template":"","meta":{"_acf_changed":false},"etheme_brands":[{"term_id":1075,"name":"Havana Club","slug":"havana-club","term_group":0,"term_taxonomy_id":1075,"taxonomy":"brand","description":"","parent":0,"count":24,"filter":"raw"}],"product_cat":[183,413],"product_tag":[],"class_list":{"0":"post-39629","1":"product","2":"type-product","3":"status-publish","4":"has-post-thumbnail","6":"brand-havana-club","7":"product_cat-zigarrenzubehor","8":"product_cat-aschenbecher-fuer-zigarren","9":"pa_orderable-yes","11":"first","12":"outofstock","13":"sale","14":"taxable","15":"shipping-taxable","16":"purchasable","17":"product-type-simple"},"acf":[],"_links":{"self":[{"href":"https:\/\/www.lcdh-bonn.de\/en\/wp-json\/wp\/v2\/product\/39629","targetHints":{"allow":["GET"]}}],"collection":[{"href":"https:\/\/www.lcdh-bonn.de\/en\/wp-json\/wp\/v2\/product"}],"about":[{"href":"https:\/\/www.lcdh-bonn.de\/en\/wp-json\/wp\/v2\/types\/product"}],"replies":[{"embeddable":true,"href":"https:\/\/www.lcdh-bonn.de\/en\/wp-json\/wp\/v2\/comments?post=39629"}],"wp:featuredmedia":[{"embeddable":true,"href":"https:\/\/www.lcdh-bonn.de\/en\/wp-json\/wp\/v2\/media\/39444"}],"wp:attachment":[{"href":"https:\/\/www.lcdh-bonn.de\/en\/wp-json\/wp\/v2\/media?parent=39629"}],"wp:term":[{"taxonomy":"brand","embeddable":true,"href":"https:\/\/www.lcdh-bonn.de\/en\/wp-json\/wp\/v2\/etheme_brands?post=39629"},{"taxonomy":"product_cat","embeddable":true,"href":"https:\/\/www.lcdh-bonn.de\/en\/wp-json\/wp\/v2\/product_cat?post=39629"},{"taxonomy":"product_tag","embeddable":true,"href":"https:\/\/www.lcdh-bonn.de\/en\/wp-json\/wp\/v2\/product_tag?post=39629"}],"curies":[{"name":"wp","href":"https:\/\/api.w.org\/{rel}","templated":true}]}}