{"id":40173,"date":"2025-04-07T23:17:25","date_gmt":"2025-04-07T21:17:25","guid":{"rendered":"https:\/\/www.lcdh-bonn.de\/produkt\/hoyo-de-monterrey-linea-le-hoyo-de-san-luis\/"},"modified":"2026-03-04T19:43:19","modified_gmt":"2026-03-04T17:43:19","slug":"hoyo-de-monterrey-linea-le-hoyo-de-san-luis","status":"publish","type":"product","link":"https:\/\/www.lcdh-bonn.de\/en\/product\/hoyo-de-monterrey-linea-le-hoyo-de-san-luis\/","title":{"rendered":"Hoyo de Monterrey Linea Le Hoyo De San Luis"},"content":{"rendered":"<p>Die Hoyo de Monterrey Le Hoyo De San Luis verk\u00f6rpert die Essenz kubanischer Zigarrenkunst in einem eleganten Double Robusto Format. Diese 2025 eingef\u00fchrte Vitola bereichert die renommierte Le Hoyo Serie mit ihrer imposanten Erscheinung.<\/p>\n<div style=\"text-align: center;\">\u2022 Format: Double Robusto<br \/>\n\u2022 L\u00e4nge: 160 mm<br \/>\n\u2022 Ringma\u00df: 52<br \/>\n\u2022 Herkunft: Cuba, Pinar del R\u00edo<br \/>\n\u2022 St\u00e4rke: Medium<br \/>\n\u2022 Rauchdauer: ca. 75-90 Minuten<br \/>\n\u2022 Verpackung: 25er Kiste, 10er Kiste<\/div>\n<p>Kenner sch\u00e4tzen den harmonischen Aufbau dieser vollst\u00e4ndig handgefertigten Premiumzigarre aus erlesenen Tabaken der Vuelta Abajo Region. Erfahrene Aficionados berichten von einem komplexen Aromenspektrum, das Noten von ger\u00f6steten N\u00fcssen, feinem Leder und s\u00fc\u00dflichen Karamell-Nuancen vereint.<\/p>\n<p>Der Rauchverlauf pr\u00e4sentiert sich ausgewogen und entwickelt sich von anf\u00e4nglich w\u00fcrzigen Noten zu einer cremigen Mittelphase, die im letzten Drittel von dezenter Pfeffersch\u00e4rfe gekr\u00f6nt wird.<\/p>\n<p>Das Besondere an dieser Zigarre: Es handelt sich um eine echte Lagenzigarre. W\u00e4hrend Zigarren \u00fcblicherweise aus einem Blend \u2013 einer Art Cuv\u00e9e aus verschiedenen Tabakregionen \u2013 komponiert werden, stammt bei diesem Format jeder verwendete Tabak ausschlie\u00dflich aus der Region San Luis. Eine absolute Seltenheit und ein echtes Highlight f\u00fcr Kenner.<\/p>\n<p>Die Geschichte von Hoyo de Monterrey reicht bis ins Jahr 1865 zur\u00fcck, als Jos\u00e9 Gener die Marke in der &#8220;Hoyo de Monterrey&#8221; Plantage gr\u00fcndete. Noch heute steht der Name f\u00fcr h\u00f6chste kubanische Zigarrenqualit\u00e4t.<\/p>\n<p>Diese Vitola eignet sich besonders f\u00fcr entspannte Abendstunden oder festliche Anl\u00e4sse, bei denen gen\u00fcgend Zeit f\u00fcr einen ausgiebigen Zigarrengenuss zur Verf\u00fcgung steht.<\/p>\n<p>Hersteller-\/Inverkehrbringerinformation:<br \/>\n5THAVENUE Products Trading-GmbH<br \/>\nSchwarzenbergstra\u00dfe 3-7<br \/>\nD-79761 Waldshut-Tiengen<br \/>\ninfo@5thAvenue.de<\/p>","protected":false},"excerpt":{"rendered":"<p>Exklusiver Welt-Release 2025 in Deutschland<\/p>","protected":false},"featured_media":0,"comment_status":"closed","ping_status":"closed","template":"","meta":{"_acf_changed":false},"etheme_brands":[{"term_id":192,"name":"Hoyo de Monterrey","slug":"hoyo-de-monterrey","term_group":0,"term_taxonomy_id":192,"taxonomy":"brand","description":"[elementor-template id=\"15563\"]","parent":0,"count":20,"filter":"raw"}],"product_cat":[168,169,146,531],"product_tag":[],"class_list":{"0":"post-40173","1":"product","2":"type-product","3":"status-publish","5":"brand-hoyo-de-monterrey","6":"product_cat-zigarren","7":"product_cat-cuba","8":"product_cat-hoyo-de-monterrey","9":"product_cat-linea-le-hoyo","10":"pa_laenge-548","11":"pa_orderable-no","12":"pa_ringmass-427","13":"pa_verpackungseinheit-10er-kiste","14":"pa_verpackungseinheit-25er-kiste","15":"pa_verpackungseinheit-einzeln","17":"first","18":"instock","19":"taxable","20":"shipping-taxable","21":"product-type-variable"},"acf":[],"_links":{"self":[{"href":"https:\/\/www.lcdh-bonn.de\/en\/wp-json\/wp\/v2\/product\/40173","targetHints":{"allow":["GET"]}}],"collection":[{"href":"https:\/\/www.lcdh-bonn.de\/en\/wp-json\/wp\/v2\/product"}],"about":[{"href":"https:\/\/www.lcdh-bonn.de\/en\/wp-json\/wp\/v2\/types\/product"}],"replies":[{"embeddable":true,"href":"https:\/\/www.lcdh-bonn.de\/en\/wp-json\/wp\/v2\/comments?post=40173"}],"wp:attachment":[{"href":"https:\/\/www.lcdh-bonn.de\/en\/wp-json\/wp\/v2\/media?parent=40173"}],"wp:term":[{"taxonomy":"brand","embeddable":true,"href":"https:\/\/www.lcdh-bonn.de\/en\/wp-json\/wp\/v2\/etheme_brands?post=40173"},{"taxonomy":"product_cat","embeddable":true,"href":"https:\/\/www.lcdh-bonn.de\/en\/wp-json\/wp\/v2\/product_cat?post=40173"},{"taxonomy":"product_tag","embeddable":true,"href":"https:\/\/www.lcdh-bonn.de\/en\/wp-json\/wp\/v2\/product_tag?post=40173"}],"curies":[{"name":"wp","href":"https:\/\/api.w.org\/{rel}","templated":true}]}}