{"id":40737,"date":"2025-12-15T15:20:26","date_gmt":"2025-12-15T13:20:26","guid":{"rendered":"https:\/\/www.lcdh-bonn.de\/produkt\/palio-lazio-lazio-zigarrenfeuerzeug-mit-einfachflamme-palio-lazio-single-jet-flame-silber-pallazsl\/"},"modified":"2026-02-27T13:59:45","modified_gmt":"2026-02-27T11:59:45","slug":"palio-lazio-lazio-zigarrenfeuerzeug-mit-einfachflamme-palio-lazio-single-jet-flame-silber-pallazsl","status":"publish","type":"product","link":"https:\/\/www.lcdh-bonn.de\/en\/product\/palio-lazio-lazio-zigarrenfeuerzeug-mit-einfachflamme-palio-lazio-single-jet-flame-silber-pallazsl\/","title":{"rendered":"Palio Lazio Lazio Zigarrenfeuerzeug mit Einfachflamme, PALIO LAZIO, Single Jet-Flame, silber (PALLAZSL)"},"content":{"rendered":"<p>Das Palio Lazio in Silber verbindet zeitlose Eleganz mit moderner Jet-Technik. Die pr\u00e4zise Single-Jet-Flamme erlaubt ein sauberes Toasten des Zigarrenfu\u00dfes, w\u00e4hrend das schlanke Metallgeh\u00e4use f\u00fcr eine hochwertige Haptik sorgt. Ein stilvolles Feuerzeug f\u00fcr Aficionados, die klassische Optik und Funktionalit\u00e4t sch\u00e4tzen.<\/p>\n<p>Inverkehrbringer:<br \/>\nWoermann Cigars GmbH (VCF Deutschland)<br \/>\nDaimlerring 5<br \/>\n32289 R\u00f6dinghausen<br \/>\nTelefon: 05223 650920<\/p>","protected":false},"excerpt":{"rendered":"<p>Elegantes Single-Jet-Feuerzeug \u2013 pr\u00e4zise Flamme im schlanken Metallgeh\u00e4use.<\/p>","protected":false},"featured_media":0,"comment_status":"closed","ping_status":"open","template":"","meta":{"_acf_changed":false},"etheme_brands":[{"term_id":1407,"name":"Palio","slug":"palio","term_group":0,"term_taxonomy_id":1407,"taxonomy":"brand","description":"","parent":0,"count":27,"filter":"raw"}],"product_cat":[183,414],"product_tag":[],"class_list":{"0":"post-40737","1":"product","2":"type-product","3":"status-publish","5":"brand-palio","6":"product_cat-zigarrenzubehor","7":"product_cat-feuerzeuge-fuer-zigarren","9":"first","10":"instock","11":"taxable","12":"shipping-taxable","13":"purchasable","14":"product-type-simple"},"acf":[],"_links":{"self":[{"href":"https:\/\/www.lcdh-bonn.de\/en\/wp-json\/wp\/v2\/product\/40737","targetHints":{"allow":["GET"]}}],"collection":[{"href":"https:\/\/www.lcdh-bonn.de\/en\/wp-json\/wp\/v2\/product"}],"about":[{"href":"https:\/\/www.lcdh-bonn.de\/en\/wp-json\/wp\/v2\/types\/product"}],"replies":[{"embeddable":true,"href":"https:\/\/www.lcdh-bonn.de\/en\/wp-json\/wp\/v2\/comments?post=40737"}],"wp:attachment":[{"href":"https:\/\/www.lcdh-bonn.de\/en\/wp-json\/wp\/v2\/media?parent=40737"}],"wp:term":[{"taxonomy":"brand","embeddable":true,"href":"https:\/\/www.lcdh-bonn.de\/en\/wp-json\/wp\/v2\/etheme_brands?post=40737"},{"taxonomy":"product_cat","embeddable":true,"href":"https:\/\/www.lcdh-bonn.de\/en\/wp-json\/wp\/v2\/product_cat?post=40737"},{"taxonomy":"product_tag","embeddable":true,"href":"https:\/\/www.lcdh-bonn.de\/en\/wp-json\/wp\/v2\/product_tag?post=40737"}],"curies":[{"name":"wp","href":"https:\/\/api.w.org\/{rel}","templated":true}]}}