{"id":40738,"date":"2025-12-15T15:20:26","date_gmt":"2025-12-15T13:20:26","guid":{"rendered":"https:\/\/www.lcdh-bonn.de\/produkt\/palio-lazio-lazio-zigarrenfeuerzeug-mit-einfachflamme-palio-lazio-single-jet-flame-gunmetal-pallazgm\/"},"modified":"2026-02-27T13:59:54","modified_gmt":"2026-02-27T11:59:54","slug":"palio-lazio-lazio-zigarrenfeuerzeug-mit-einfachflamme-palio-lazio-single-jet-flame-gunmetal-pallazgm","status":"publish","type":"product","link":"https:\/\/www.lcdh-bonn.de\/en\/product\/palio-lazio-lazio-zigarrenfeuerzeug-mit-einfachflamme-palio-lazio-single-jet-flame-gunmetal-pallazgm\/","title":{"rendered":"Palio Lazio Lazio Zigarrenfeuerzeug mit Einfachflamme, PALIO LAZIO, Single Jet-Flame, gunmetal (PALLAZGM)"},"content":{"rendered":"<p>Das Palio Lazio in Gunmetal steht f\u00fcr dezente Eleganz und zuverl\u00e4ssige Technik. Die angewinkelte Single-Jet-Flamme sorgt f\u00fcr kontrolliertes Anz\u00fcnden, w\u00e4hrend das widerstandsf\u00e4hige Metallgeh\u00e4use f\u00fcr Langlebigkeit ausgelegt ist. Perfekt f\u00fcr Genie\u00dfer, die Funktionalit\u00e4t mit markanter Optik kombinieren m\u00f6chten.<\/p>\n<p>Inverkehrbringer:<br \/>\nWoermann Cigars GmbH (VCF Deutschland)<br \/>\nDaimlerring 5<br \/>\n32289 R\u00f6dinghausen<br \/>\nTelefon: 05223 650920<\/p>","protected":false},"excerpt":{"rendered":"<p>Markantes Single-Jet-Feuerzeug \u2013 schlank, pr\u00e4zise und zuverl\u00e4ssig.<\/p>","protected":false},"featured_media":0,"comment_status":"closed","ping_status":"open","template":"","meta":{"_acf_changed":false},"etheme_brands":[{"term_id":1407,"name":"Palio","slug":"palio","term_group":0,"term_taxonomy_id":1407,"taxonomy":"brand","description":"","parent":0,"count":27,"filter":"raw"}],"product_cat":[183,414],"product_tag":[],"class_list":{"0":"post-40738","1":"product","2":"type-product","3":"status-publish","5":"brand-palio","6":"product_cat-zigarrenzubehor","7":"product_cat-feuerzeuge-fuer-zigarren","9":"first","10":"instock","11":"taxable","12":"shipping-taxable","13":"purchasable","14":"product-type-simple"},"acf":[],"_links":{"self":[{"href":"https:\/\/www.lcdh-bonn.de\/en\/wp-json\/wp\/v2\/product\/40738","targetHints":{"allow":["GET"]}}],"collection":[{"href":"https:\/\/www.lcdh-bonn.de\/en\/wp-json\/wp\/v2\/product"}],"about":[{"href":"https:\/\/www.lcdh-bonn.de\/en\/wp-json\/wp\/v2\/types\/product"}],"replies":[{"embeddable":true,"href":"https:\/\/www.lcdh-bonn.de\/en\/wp-json\/wp\/v2\/comments?post=40738"}],"wp:attachment":[{"href":"https:\/\/www.lcdh-bonn.de\/en\/wp-json\/wp\/v2\/media?parent=40738"}],"wp:term":[{"taxonomy":"brand","embeddable":true,"href":"https:\/\/www.lcdh-bonn.de\/en\/wp-json\/wp\/v2\/etheme_brands?post=40738"},{"taxonomy":"product_cat","embeddable":true,"href":"https:\/\/www.lcdh-bonn.de\/en\/wp-json\/wp\/v2\/product_cat?post=40738"},{"taxonomy":"product_tag","embeddable":true,"href":"https:\/\/www.lcdh-bonn.de\/en\/wp-json\/wp\/v2\/product_tag?post=40738"}],"curies":[{"name":"wp","href":"https:\/\/api.w.org\/{rel}","templated":true}]}}