{"id":40742,"date":"2025-12-15T15:20:26","date_gmt":"2025-12-15T13:20:26","guid":{"rendered":"https:\/\/www.lcdh-bonn.de\/produkt\/palio-pistola-pistola-zigarrenfeuerzeug-mit-doppelflamme-palio-pistola-double-jet-flame-transparent-palpistr\/"},"modified":"2026-02-27T14:09:53","modified_gmt":"2026-02-27T12:09:53","slug":"palio-pistola-pistola-zigarrenfeuerzeug-mit-doppelflamme-palio-pistola-double-jet-flame-transparent-palpistr","status":"publish","type":"product","link":"https:\/\/www.lcdh-bonn.de\/en\/product\/palio-pistola-pistola-zigarrenfeuerzeug-mit-doppelflamme-palio-pistola-double-jet-flame-transparent-palpistr\/","title":{"rendered":"Palio Pistola Pistola Zigarrenfeuerzeug mit Doppelflamme, PALIO PISTOLA, Double Jet-Flame, transparent (PALPISTR)"},"content":{"rendered":"<p>Das Palio Pistola in transparenter Ausf\u00fchrung verbindet technische Funktionalit\u00e4t mit klarer Optik. Die angewinkelte Doppel-Jet-Flamme liefert konzentrierte Hitze f\u00fcr ein gleichm\u00e4\u00dfiges Anz\u00fcnden, w\u00e4hrend der gro\u00dfz\u00fcgige Gastank volle Kontrolle \u00fcber den F\u00fcllstand bietet. Entwickelt f\u00fcr den t\u00e4glichen Einsatz und getestet bis gro\u00dfe H\u00f6hen \u2013 zuverl\u00e4ssig, leistungsstark und durchdacht.<\/p>\n<p>Inverkehrbringer:<br \/>\nWoermann Cigars GmbH (VCF Deutschland)<br \/>\nDaimlerring 5<br \/>\n32289 R\u00f6dinghausen<br \/>\nTelefon: 05223 650920<\/p>","protected":false},"excerpt":{"rendered":"<p>Double-Jet-Feuerzeug mit transparentem Tank \u2013 kraftvoll, pr\u00e4zise und funktional.<\/p>","protected":false},"featured_media":0,"comment_status":"closed","ping_status":"open","template":"","meta":{"_acf_changed":false},"etheme_brands":[{"term_id":1407,"name":"Palio","slug":"palio","term_group":0,"term_taxonomy_id":1407,"taxonomy":"brand","description":"","parent":0,"count":27,"filter":"raw"}],"product_cat":[183,414],"product_tag":[],"class_list":{"0":"post-40742","1":"product","2":"type-product","3":"status-publish","5":"brand-palio","6":"product_cat-zigarrenzubehor","7":"product_cat-feuerzeuge-fuer-zigarren","9":"first","10":"instock","11":"taxable","12":"shipping-taxable","13":"purchasable","14":"product-type-simple"},"acf":[],"_links":{"self":[{"href":"https:\/\/www.lcdh-bonn.de\/en\/wp-json\/wp\/v2\/product\/40742","targetHints":{"allow":["GET"]}}],"collection":[{"href":"https:\/\/www.lcdh-bonn.de\/en\/wp-json\/wp\/v2\/product"}],"about":[{"href":"https:\/\/www.lcdh-bonn.de\/en\/wp-json\/wp\/v2\/types\/product"}],"replies":[{"embeddable":true,"href":"https:\/\/www.lcdh-bonn.de\/en\/wp-json\/wp\/v2\/comments?post=40742"}],"wp:attachment":[{"href":"https:\/\/www.lcdh-bonn.de\/en\/wp-json\/wp\/v2\/media?parent=40742"}],"wp:term":[{"taxonomy":"brand","embeddable":true,"href":"https:\/\/www.lcdh-bonn.de\/en\/wp-json\/wp\/v2\/etheme_brands?post=40742"},{"taxonomy":"product_cat","embeddable":true,"href":"https:\/\/www.lcdh-bonn.de\/en\/wp-json\/wp\/v2\/product_cat?post=40742"},{"taxonomy":"product_tag","embeddable":true,"href":"https:\/\/www.lcdh-bonn.de\/en\/wp-json\/wp\/v2\/product_tag?post=40742"}],"curies":[{"name":"wp","href":"https:\/\/api.w.org\/{rel}","templated":true}]}}