{"id":40744,"date":"2025-12-15T15:20:26","date_gmt":"2025-12-15T13:20:26","guid":{"rendered":"https:\/\/www.lcdh-bonn.de\/produkt\/palio-pistola-pistola-zigarrenfeuerzeug-mit-doppelflamme-palio-pistola-double-jet-flame-blau-palpisbl\/"},"modified":"2026-03-02T17:35:47","modified_gmt":"2026-03-02T15:35:47","slug":"palio-pistola-pistola-zigarrenfeuerzeug-mit-doppelflamme-palio-pistola-double-jet-flame-blau-palpisbl","status":"publish","type":"product","link":"https:\/\/www.lcdh-bonn.de\/en\/product\/palio-pistola-pistola-zigarrenfeuerzeug-mit-doppelflamme-palio-pistola-double-jet-flame-blau-palpisbl\/","title":{"rendered":"Palio Pistola Pistola Zigarrenfeuerzeug mit Doppelflamme, PALIO PISTOLA, Double Jet-Flame, blau (PALPISBL)"},"content":{"rendered":"<p>Das Palio Pistola in Blau \u00fcberzeugt durch sportliche Optik und kompromisslose Funktion. Zwei angewinkelte Jetflammen liefern pr\u00e4zise Hitze, selbst bei Wind. Der gro\u00dfe Gastank, das griffige Design und das leicht bedienbare Einstellrad machen dieses Feuerzeug zu einem zuverl\u00e4ssigen Werkzeug f\u00fcr den Alltag.<\/p>\n<p>Inverkehrbringer:<br \/>\nWoermann Cigars GmbH (VCF Deutschland)<br \/>\nDaimlerring 5<br \/>\n32289 R\u00f6dinghausen<br \/>\nTelefon: 05223 650920<\/p>","protected":false},"excerpt":{"rendered":"<p>Sportliches Double-Jet-Feuerzeug \u2013 pr\u00e4zise Flamme, ergonomisch und leistungsstark.<\/p>","protected":false},"featured_media":0,"comment_status":"closed","ping_status":"open","template":"","meta":{"_acf_changed":false},"etheme_brands":[{"term_id":1407,"name":"Palio","slug":"palio","term_group":0,"term_taxonomy_id":1407,"taxonomy":"brand","description":"","parent":0,"count":27,"filter":"raw"}],"product_cat":[183,414],"product_tag":[],"class_list":{"0":"post-40744","1":"product","2":"type-product","3":"status-publish","5":"brand-palio","6":"product_cat-zigarrenzubehor","7":"product_cat-feuerzeuge-fuer-zigarren","9":"first","10":"instock","11":"taxable","12":"shipping-taxable","13":"purchasable","14":"product-type-simple"},"acf":[],"_links":{"self":[{"href":"https:\/\/www.lcdh-bonn.de\/en\/wp-json\/wp\/v2\/product\/40744","targetHints":{"allow":["GET"]}}],"collection":[{"href":"https:\/\/www.lcdh-bonn.de\/en\/wp-json\/wp\/v2\/product"}],"about":[{"href":"https:\/\/www.lcdh-bonn.de\/en\/wp-json\/wp\/v2\/types\/product"}],"replies":[{"embeddable":true,"href":"https:\/\/www.lcdh-bonn.de\/en\/wp-json\/wp\/v2\/comments?post=40744"}],"wp:attachment":[{"href":"https:\/\/www.lcdh-bonn.de\/en\/wp-json\/wp\/v2\/media?parent=40744"}],"wp:term":[{"taxonomy":"brand","embeddable":true,"href":"https:\/\/www.lcdh-bonn.de\/en\/wp-json\/wp\/v2\/etheme_brands?post=40744"},{"taxonomy":"product_cat","embeddable":true,"href":"https:\/\/www.lcdh-bonn.de\/en\/wp-json\/wp\/v2\/product_cat?post=40744"},{"taxonomy":"product_tag","embeddable":true,"href":"https:\/\/www.lcdh-bonn.de\/en\/wp-json\/wp\/v2\/product_tag?post=40744"}],"curies":[{"name":"wp","href":"https:\/\/api.w.org\/{rel}","templated":true}]}}