{"id":40746,"date":"2025-12-15T15:20:26","date_gmt":"2025-12-15T13:20:26","guid":{"rendered":"https:\/\/www.lcdh-bonn.de\/produkt\/palio-veneto-veneto-zigarrenfeuerzeug-mit-vierfachflamme-palio-veneto-quad-jet-flame-transparent-palventr\/"},"modified":"2026-02-27T14:09:36","modified_gmt":"2026-02-27T12:09:36","slug":"palio-veneto-veneto-zigarrenfeuerzeug-mit-vierfachflamme-palio-veneto-quad-jet-flame-transparent-palventr","status":"publish","type":"product","link":"https:\/\/www.lcdh-bonn.de\/en\/product\/palio-veneto-veneto-zigarrenfeuerzeug-mit-vierfachflamme-palio-veneto-quad-jet-flame-transparent-palventr\/","title":{"rendered":"Palio Veneto Veneto Zigarrenfeuerzeug mit Vierfachflamme, PALIO VENETO, Quad Jet-Flame, transparent (PALVENTR)"},"content":{"rendered":"<p>Das Palio Veneto in transparenter Ausf\u00fchrung kombiniert technische Pr\u00e4zision mit klarer Optik. Vier Jetflammen liefern konzentrierte Hitze f\u00fcr ein kontrolliertes Toasten des Zigarrenfu\u00dfes, w\u00e4hrend der gro\u00dfe Gastank jederzeit Einblick in den F\u00fcllstand erm\u00f6glicht. Die integrierte Zigarrenbank im Deckel unterstreicht den durchdachten Charakter dieses Feuerzeugs.<\/p>\n<p>Inverkehrbringer:<br \/>\nWoermann Cigars GmbH (VCF Deutschland)<br \/>\nDaimlerring 5<br \/>\n32289 R\u00f6dinghausen<br \/>\nTelefon: 05223 650920<\/p>","protected":false},"excerpt":{"rendered":"<p>Quad-Jet-Feuerzeug mit transparentem Tank und Zigarrenbank \u2013 kraftvoll und funktional.<\/p>","protected":false},"featured_media":0,"comment_status":"closed","ping_status":"open","template":"","meta":{"_acf_changed":false},"etheme_brands":[{"term_id":1407,"name":"Palio","slug":"palio","term_group":0,"term_taxonomy_id":1407,"taxonomy":"brand","description":"","parent":0,"count":27,"filter":"raw"}],"product_cat":[183,414],"product_tag":[],"class_list":{"0":"post-40746","1":"product","2":"type-product","3":"status-publish","5":"brand-palio","6":"product_cat-zigarrenzubehor","7":"product_cat-feuerzeuge-fuer-zigarren","9":"first","10":"instock","11":"taxable","12":"shipping-taxable","13":"purchasable","14":"product-type-simple"},"acf":[],"_links":{"self":[{"href":"https:\/\/www.lcdh-bonn.de\/en\/wp-json\/wp\/v2\/product\/40746","targetHints":{"allow":["GET"]}}],"collection":[{"href":"https:\/\/www.lcdh-bonn.de\/en\/wp-json\/wp\/v2\/product"}],"about":[{"href":"https:\/\/www.lcdh-bonn.de\/en\/wp-json\/wp\/v2\/types\/product"}],"replies":[{"embeddable":true,"href":"https:\/\/www.lcdh-bonn.de\/en\/wp-json\/wp\/v2\/comments?post=40746"}],"wp:attachment":[{"href":"https:\/\/www.lcdh-bonn.de\/en\/wp-json\/wp\/v2\/media?parent=40746"}],"wp:term":[{"taxonomy":"brand","embeddable":true,"href":"https:\/\/www.lcdh-bonn.de\/en\/wp-json\/wp\/v2\/etheme_brands?post=40746"},{"taxonomy":"product_cat","embeddable":true,"href":"https:\/\/www.lcdh-bonn.de\/en\/wp-json\/wp\/v2\/product_cat?post=40746"},{"taxonomy":"product_tag","embeddable":true,"href":"https:\/\/www.lcdh-bonn.de\/en\/wp-json\/wp\/v2\/product_tag?post=40746"}],"curies":[{"name":"wp","href":"https:\/\/api.w.org\/{rel}","templated":true}]}}