{"id":40747,"date":"2025-12-15T15:20:26","date_gmt":"2025-12-15T13:20:26","guid":{"rendered":"https:\/\/www.lcdh-bonn.de\/produkt\/palio-veneto-veneto-zigarrenfeuerzeug-mit-vierfachflamme-palio-veneto-quad-jet-flame-gruen-palvengn\/"},"modified":"2026-02-27T14:09:51","modified_gmt":"2026-02-27T12:09:51","slug":"palio-veneto-veneto-zigarrenfeuerzeug-mit-vierfachflamme-palio-veneto-quad-jet-flame-gruen-palvengn","status":"publish","type":"product","link":"https:\/\/www.lcdh-bonn.de\/en\/product\/palio-veneto-veneto-zigarrenfeuerzeug-mit-vierfachflamme-palio-veneto-quad-jet-flame-gruen-palvengn\/","title":{"rendered":"Palio Veneto Veneto Zigarrenfeuerzeug mit Vierfachflamme, PALIO VENETO, Quad Jet-Flame, gr\u00fcn (PALVENGN)"},"content":{"rendered":"<p>Das Palio Veneto in Gr\u00fcn verbindet markantes Design mit kompromissloser Technik. Vier pr\u00e4zise Jetflammen sorgen f\u00fcr gleichm\u00e4\u00dfiges Entz\u00fcnden, w\u00e4hrend der massive Aufbau und der gro\u00dfe Gastank f\u00fcr Zuverl\u00e4ssigkeit im Alltag stehen. Der Deckel dient gleichzeitig als praktische Ablage f\u00fcr die Zigarre.<\/p>\n<p>Inverkehrbringer:<br \/>\nWoermann Cigars GmbH (VCF Deutschland)<br \/>\nDaimlerring 5<br \/>\n32289 R\u00f6dinghausen<br \/>\nTelefon: 05223 650920<\/p>","protected":false},"excerpt":{"rendered":"<p>Quad-Jet-Feuerzeug mit starker Leistung \u2013 robust, pr\u00e4zise und alltagstauglich.<\/p>","protected":false},"featured_media":0,"comment_status":"closed","ping_status":"open","template":"","meta":{"_acf_changed":false},"etheme_brands":[{"term_id":1407,"name":"Palio","slug":"palio","term_group":0,"term_taxonomy_id":1407,"taxonomy":"brand","description":"","parent":0,"count":27,"filter":"raw"}],"product_cat":[183,414],"product_tag":[],"class_list":{"0":"post-40747","1":"product","2":"type-product","3":"status-publish","5":"brand-palio","6":"product_cat-zigarrenzubehor","7":"product_cat-feuerzeuge-fuer-zigarren","9":"first","10":"instock","11":"taxable","12":"shipping-taxable","13":"purchasable","14":"product-type-simple"},"acf":[],"_links":{"self":[{"href":"https:\/\/www.lcdh-bonn.de\/en\/wp-json\/wp\/v2\/product\/40747","targetHints":{"allow":["GET"]}}],"collection":[{"href":"https:\/\/www.lcdh-bonn.de\/en\/wp-json\/wp\/v2\/product"}],"about":[{"href":"https:\/\/www.lcdh-bonn.de\/en\/wp-json\/wp\/v2\/types\/product"}],"replies":[{"embeddable":true,"href":"https:\/\/www.lcdh-bonn.de\/en\/wp-json\/wp\/v2\/comments?post=40747"}],"wp:attachment":[{"href":"https:\/\/www.lcdh-bonn.de\/en\/wp-json\/wp\/v2\/media?parent=40747"}],"wp:term":[{"taxonomy":"brand","embeddable":true,"href":"https:\/\/www.lcdh-bonn.de\/en\/wp-json\/wp\/v2\/etheme_brands?post=40747"},{"taxonomy":"product_cat","embeddable":true,"href":"https:\/\/www.lcdh-bonn.de\/en\/wp-json\/wp\/v2\/product_cat?post=40747"},{"taxonomy":"product_tag","embeddable":true,"href":"https:\/\/www.lcdh-bonn.de\/en\/wp-json\/wp\/v2\/product_tag?post=40747"}],"curies":[{"name":"wp","href":"https:\/\/api.w.org\/{rel}","templated":true}]}}